{"id":351,"date":"2020-03-02T10:00:00","date_gmt":"2020-03-02T09:00:00","guid":{"rendered":"https:\/\/lamaktaba.fr\/index.php\/produit\/chronique-de-tabari-histoire-des-prophetes-et-des-rois-version-souple-tabari-limam-muhammad-ben-jarir-abu-jafar-at-tabari-%d9%85%d8%ad%d9%85%d8%af-%d8%a8%d9%86-%d8%ac%d8%b1%d9%8a%d8%b1\/"},"modified":"2025-04-01T12:47:12","modified_gmt":"2025-04-01T10:47:12","slug":"chronique-de-tabari-histoire-des-prophetes-et-des-rois-version-souple-tabari-limam-muhammad-ben-jarir-abu-jafar-at-tabari-d985d8add985d8af-d8a8d986-d8acd8b1d98ad8b1","status":"publish","type":"product","link":"https:\/\/lamaktaba.fr\/index.php\/produit\/chronique-de-tabari-histoire-des-prophetes-et-des-rois-version-souple-tabari-limam-muhammad-ben-jarir-abu-jafar-at-tabari-d985d8add985d8af-d8a8d986-d8acd8b1d98ad8b1","title":{"rendered":"Chronique de Tabari &#8211; Histoire des proph\u00e8tes et des rois (version souple) &#8211; Tabar\u00ee (L&rsquo;imam Muhammad Ben Jar\u00eer Ab\u00fb Ja`far at-Tabar\u00ee) \/ \u0645\u062d\u0645\u062f \u0628\u0646 \u062c\u0631\u064a\u0631 \u0628\u0646 \u064a\u0632\u064a\u062f \u0627\u0644\u0625\u0645\u0627\u0645 \u0623\u0628\u0648 \u062c\u0639\u0641\u0631 \u0627\u0644\u0637\u0628\u0631\u064a"},"content":{"rendered":"<p>Abou Ja&rsquo;far Mohammad ibn Jar\u00eer Ibn Yazid Tabar\u00ee est le premier musulman qui ait compos\u00e9 une chronique g\u00e9n\u00e9rale. N\u00e9 en 224 de l&rsquo;H\u00e9gire (838-839 ap. J.C.) il passa la plus grande partie de sa vie \u00e0 Bagdad.<br \/>Quelques ann\u00e9es avant sa mort, il composa sa volumineuse chronique, qui embrasse l&rsquo;histoire du monde depuis la cr\u00e9ation jusqu&rsquo;\u00e0 l&rsquo;an 302 de l&rsquo;H\u00e9gire. Cet ouvrage acquit de bonne heure une grande r\u00e9putation dans le monde musulman. Vers 352 de l&rsquo;H\u00e9gire (963 ap. J.C.). La Chronique de Tabar\u00ee, dans laquelle ont puis\u00e9 les principaux historiens orientaux, offre, m\u00eame dans sa forme abr\u00e9g\u00e9e, un grand int\u00e9r\u00eat pour l&rsquo;\u00e9tude de l&rsquo;histoire de l&rsquo;Orient. Il est certain que pour quelques p\u00e9riodes, comme, par exemple, pour l&rsquo;histoire des Omeyyades, elle reste la source la plus pr\u00e9cieuse de nos connaissances: et m\u00eame celles de ses parties qui sont d\u00e9pourvues de critique et de toute valeur historique, telles que les fables relatives \u00e0 l&rsquo;histoire ancienne, ne manquent point d&rsquo;int\u00e9r\u00eat, car elles contiennent cette foule de l\u00e9gendes auxquelles tous les auteurs musulmans font des allusions perp\u00e9tuelles, et que le lecteur europ\u00e9en est souvent bien embarrass\u00e9 de trouver, pendant que Tabar\u00ee nous les donne dans un cadre qui en facilite singuli\u00e8rement la recherche.<\/p>\n","protected":false},"excerpt":{"rendered":"<p>Abou Ja&rsquo;far Mohammad ibn Jar\u00eer Ibn Yazid Tabar\u00ee est le premier musulman qui ait compos\u00e9 une chronique g\u00e9n\u00e9rale. N\u00e9 en 224 de l&rsquo;H\u00e9gire (838-839 ap. J.C.) il passa la plus grande partie de sa vie \u00e0 Bagdad.Quelques ann\u00e9es avant sa mort, il composa sa volumineuse chronique, qui embrasse l&rsquo;histoire du monde depuis la cr\u00e9ation jusqu&rsquo;\u00e0 [&hellip;]<\/p>\n","protected":false},"featured_media":5407,"comment_status":"open","ping_status":"closed","template":"","meta":[],"product_brand":[],"product_cat":[15],"product_tag":[],"class_list":{"0":"post-351","1":"product","2":"type-product","3":"status-publish","4":"has-post-thumbnail","6":"product_cat-non-classe","8":"first","9":"outofstock","10":"shipping-taxable","11":"purchasable","12":"product-type-simple"},"_links":{"self":[{"href":"https:\/\/lamaktaba.fr\/index.php\/wp-json\/wp\/v2\/product\/351","targetHints":{"allow":["GET"]}}],"collection":[{"href":"https:\/\/lamaktaba.fr\/index.php\/wp-json\/wp\/v2\/product"}],"about":[{"href":"https:\/\/lamaktaba.fr\/index.php\/wp-json\/wp\/v2\/types\/product"}],"replies":[{"embeddable":true,"href":"https:\/\/lamaktaba.fr\/index.php\/wp-json\/wp\/v2\/comments?post=351"}],"wp:featuredmedia":[{"embeddable":true,"href":"https:\/\/lamaktaba.fr\/index.php\/wp-json\/wp\/v2\/media\/5407"}],"wp:attachment":[{"href":"https:\/\/lamaktaba.fr\/index.php\/wp-json\/wp\/v2\/media?parent=351"}],"wp:term":[{"taxonomy":"product_brand","embeddable":true,"href":"https:\/\/lamaktaba.fr\/index.php\/wp-json\/wp\/v2\/product_brand?post=351"},{"taxonomy":"product_cat","embeddable":true,"href":"https:\/\/lamaktaba.fr\/index.php\/wp-json\/wp\/v2\/product_cat?post=351"},{"taxonomy":"product_tag","embeddable":true,"href":"https:\/\/lamaktaba.fr\/index.php\/wp-json\/wp\/v2\/product_tag?post=351"}],"curies":[{"name":"wp","href":"https:\/\/api.w.org\/{rel}","templated":true}]}}