{"id":349,"date":"2020-03-02T10:00:00","date_gmt":"2020-03-02T09:00:00","guid":{"rendered":"https:\/\/lamaktaba.fr\/index.php\/produit\/attention-aux-degats-des-mots-cheikh-said-ibn-ali-ibn-wahf-el-qahtani\/"},"modified":"2025-04-01T12:46:55","modified_gmt":"2025-04-01T10:46:55","slug":"attention-aux-degats-des-mots-cheikh-said-ibn-ali-ibn-wahf-el-qahtani","status":"publish","type":"product","link":"https:\/\/lamaktaba.fr\/index.php\/produit\/attention-aux-degats-des-mots-cheikh-said-ibn-ali-ibn-wahf-el-qahtani","title":{"rendered":"Attention aux d\u00e9gats des mots &#8211; Cheikh Sa&rsquo;id Ibn &lsquo;Ali Ibn Wahf El-Qaht\u00e2ni"},"content":{"rendered":"<p>\u00ab Ne m\u00e9disez pas les uns des autres. L&rsquo;un de vous aimerait-il manger la chair de son fr\u00e8re mort? [Assur\u00e9ment non], vous en auriez horreur. Et craignez Allah&#8230; \u00bb<br \/>Coran Sourate Les Appartements, verset 12<br \/>Les d\u00e9g\u00e2ts caus\u00e9s par la langue (les mots, la parole) sont \u00e9normes, et rien ne peut \u00eatre plus salutaire que sa retenue.<br \/>Ainsi la loi religieuse (coran et Hadiths) vante le mutisme et insiste sur l&rsquo;importance du silence&#8230;.<\/p>\n","protected":false},"excerpt":{"rendered":"<p>kk\u00a0;;<\/p>\n","protected":false},"featured_media":5403,"comment_status":"open","ping_status":"closed","template":"","meta":[],"product_brand":[],"product_cat":[15],"product_tag":[],"class_list":{"0":"post-349","1":"product","2":"type-product","3":"status-publish","4":"has-post-thumbnail","6":"product_cat-non-classe","8":"first","9":"outofstock","10":"shipping-taxable","11":"purchasable","12":"product-type-simple"},"_links":{"self":[{"href":"https:\/\/lamaktaba.fr\/index.php\/wp-json\/wp\/v2\/product\/349","targetHints":{"allow":["GET"]}}],"collection":[{"href":"https:\/\/lamaktaba.fr\/index.php\/wp-json\/wp\/v2\/product"}],"about":[{"href":"https:\/\/lamaktaba.fr\/index.php\/wp-json\/wp\/v2\/types\/product"}],"replies":[{"embeddable":true,"href":"https:\/\/lamaktaba.fr\/index.php\/wp-json\/wp\/v2\/comments?post=349"}],"wp:featuredmedia":[{"embeddable":true,"href":"https:\/\/lamaktaba.fr\/index.php\/wp-json\/wp\/v2\/media\/5403"}],"wp:attachment":[{"href":"https:\/\/lamaktaba.fr\/index.php\/wp-json\/wp\/v2\/media?parent=349"}],"wp:term":[{"taxonomy":"product_brand","embeddable":true,"href":"https:\/\/lamaktaba.fr\/index.php\/wp-json\/wp\/v2\/product_brand?post=349"},{"taxonomy":"product_cat","embeddable":true,"href":"https:\/\/lamaktaba.fr\/index.php\/wp-json\/wp\/v2\/product_cat?post=349"},{"taxonomy":"product_tag","embeddable":true,"href":"https:\/\/lamaktaba.fr\/index.php\/wp-json\/wp\/v2\/product_tag?post=349"}],"curies":[{"name":"wp","href":"https:\/\/api.w.org\/{rel}","templated":true}]}}