{"id":348,"date":"2020-03-02T10:00:00","date_gmt":"2020-03-02T09:00:00","guid":{"rendered":"https:\/\/lamaktaba.fr\/index.php\/produit\/la-vie-des-sahabiyat\/"},"modified":"2025-04-01T12:47:11","modified_gmt":"2025-04-01T10:47:11","slug":"la-vie-des-sahabiyat","status":"publish","type":"product","link":"https:\/\/lamaktaba.fr\/index.php\/produit\/la-vie-des-sahabiyat","title":{"rendered":"La vie des sah\u00e2biy\u00e2t"},"content":{"rendered":"<p>Titre: La vie des sah\u00e2biy\u00e2t;Auteur: Fdal Haja;Edition: UNIVERSEL;Support: Livre;Theme: La vie du prophete (sbdl) &#038; L&rsquo;histoire de L&rsquo;Islam;Description: Le r\u00e9cit de quelques SAH\u00c2BIY\u00c2T du Proph\u00e8te Mohammad (pbsl) parmi ces milliers de femmes Mecquoises et M\u00e9dinoises ayant v\u00e9cues en son temps, nous donne une image de fid\u00e9lit\u00e9, de sinc\u00e9rit\u00e9 et de patience envers l\u2019Islam et son Proph\u00e8te. Leurs vies est un mod\u00e8le pour toutes croyantes musulmanes.<\/p>\n","protected":false},"excerpt":{"rendered":"<p>Titre: La vie des sah\u00e2biy\u00e2t;Auteur: Fdal Haja;Edition: UNIVERSEL;Support: Livre;Theme: La vie du prophete (sbdl) &#038; L&rsquo;histoire de L&rsquo;Islam;Description: Le r\u00e9cit de quelques SAH\u00c2BIY\u00c2T du Proph\u00e8te Mohammad (pbsl) parmi ces milliers de femmes Mecquoises et M\u00e9dinoises ayant v\u00e9cues en son temps, nous donne une image de fid\u00e9lit\u00e9, de sinc\u00e9rit\u00e9 et de patience envers l\u2019Islam et son Proph\u00e8te. Leurs vies est un mod\u00e8le pour toutes croyantes musulmanes.<\/p>\n","protected":false},"featured_media":5401,"comment_status":"open","ping_status":"closed","template":"","meta":[],"product_brand":[],"product_cat":[15],"product_tag":[],"class_list":{"0":"post-348","1":"product","2":"type-product","3":"status-publish","4":"has-post-thumbnail","6":"product_cat-non-classe","7":"pa_annee-564","8":"pa_auteur-fdal-haja","9":"pa_editeur-universel-editions","10":"pa_langue-francais","11":"pa_nombre-de-pages-438","12":"pa_reliure-souple","14":"first","15":"outofstock","16":"shipping-taxable","17":"purchasable","18":"product-type-simple"},"_links":{"self":[{"href":"https:\/\/lamaktaba.fr\/index.php\/wp-json\/wp\/v2\/product\/348","targetHints":{"allow":["GET"]}}],"collection":[{"href":"https:\/\/lamaktaba.fr\/index.php\/wp-json\/wp\/v2\/product"}],"about":[{"href":"https:\/\/lamaktaba.fr\/index.php\/wp-json\/wp\/v2\/types\/product"}],"replies":[{"embeddable":true,"href":"https:\/\/lamaktaba.fr\/index.php\/wp-json\/wp\/v2\/comments?post=348"}],"wp:featuredmedia":[{"embeddable":true,"href":"https:\/\/lamaktaba.fr\/index.php\/wp-json\/wp\/v2\/media\/5401"}],"wp:attachment":[{"href":"https:\/\/lamaktaba.fr\/index.php\/wp-json\/wp\/v2\/media?parent=348"}],"wp:term":[{"taxonomy":"product_brand","embeddable":true,"href":"https:\/\/lamaktaba.fr\/index.php\/wp-json\/wp\/v2\/product_brand?post=348"},{"taxonomy":"product_cat","embeddable":true,"href":"https:\/\/lamaktaba.fr\/index.php\/wp-json\/wp\/v2\/product_cat?post=348"},{"taxonomy":"product_tag","embeddable":true,"href":"https:\/\/lamaktaba.fr\/index.php\/wp-json\/wp\/v2\/product_tag?post=348"}],"curies":[{"name":"wp","href":"https:\/\/api.w.org\/{rel}","templated":true}]}}