{"id":34608,"date":"1970-01-01T00:00:00","date_gmt":"1969-12-31T23:00:00","guid":{"rendered":"https:\/\/lamaktaba.fr\/index.php\/produit\/conseils-aux-femmes-musulmanes-suivi-de-questions-reponses-umm-abdillah-al-wadiiyya\/"},"modified":"2025-04-01T12:43:52","modified_gmt":"2025-04-01T10:43:52","slug":"conseils-aux-femmes-musulmanes-suivi-de-questions-reponses-umm-abdillah-al-wadiiyya","status":"publish","type":"product","link":"https:\/\/lamaktaba.fr\/index.php\/produit\/conseils-aux-femmes-musulmanes-suivi-de-questions-reponses-umm-abdillah-al-wadiiyya","title":{"rendered":"Conseils aux femmes musulmanes &#8211; Suivi de questions-r\u00e9ponses &#8211; cartonn\u00e9 &#8211; Umm &lsquo;Abdillah Al Wadi&rsquo;iyya &#8211; Livre"},"content":{"rendered":"<p>Auteur: Umm &lsquo;Abdillah Al Wadi&rsquo;iyya (Fille de Cheikh Muqbil).;Pr\u00e9face de Cheikh Muqbil (Grand savant du Yemen).;Enfin, apr\u00e8s avoir tant patient\u00e9, Allah nous gratifie et nous honore de pouvoir vous pr\u00e9senter la version fran\u00e7aise de cet ouvrage tant attendu, l&rsquo;original ayant connu un large succ\u00e8s aupr\u00e8s des arabophones. Et vu les enseignements et conseils qui y sont recens\u00e9, il repr\u00e9sente LE LIVRE INCONTOURNABLE POUR CHAQUE SOEUR, qu&rsquo;elle soit d\u00e9butante ou confirm\u00e9e, jeune fille ou m\u00e8re de famille.;&#8230; VOICI DONC UN CONSEIL ADRESSE AUX FEMMES SUIVI DE QUESTIONS-REPONSES: Assur\u00e9ment, le devoir de conseil et d&rsquo;invitation \u00e0 la religion d&rsquo;Allah qu&rsquo;il incombe \u00e0 la femme envers ses soeurs est important. Et j&rsquo;esp\u00e8re que ce livre, particuli\u00e8rement adapt\u00e9, comblera le manque dans ce domaine. CONCERNANT L&rsquo;AUTEUR DU LIVRE, il s&rsquo;agit d&rsquo;Umm &lsquo;AbdAllah Al-Wa\u00e2di&rsquo;iya qui est vers\u00e9e dans beaucoup de sciences et se conforme au comportement du Proph\u00e8te saw, C&rsquo;est une femme m\u00e9ritante, particuli\u00e8rement soucieuse d&rsquo;occuper son temps de mani\u00e8re utile, et de faire profiter ses soeurs de sa science. Et c&rsquo;est la raison pour laquelle Allah a b\u00e9ni la science qu&rsquo;elle d\u00e9tient. Qu&rsquo;Allah la r\u00e9compense en bien, am\u00e9liore sa situation et fasse de ses enfants des musulmans pieux, il est certes capable de tout.\u00a0\u00bb Cheikh Muqbil.;Versets coraniques en arabe.;Existe en version couverture souple<\/p>\n","protected":false},"excerpt":{"rendered":"<p>Auteur: Umm &lsquo;Abdillah Al Wadi&rsquo;iyya (Fille de Cheikh Muqbil).;Pr\u00e9face de Cheikh Muqbil (Grand savant du Yemen).;Enfin, apr\u00e8s avoir tant patient\u00e9, Allah nous gratifie et nous honore de pouvoir vous pr\u00e9senter la version fran\u00e7aise de cet ouvrage tant attendu, l&rsquo;original ayant connu un large succ\u00e8s aupr\u00e8s des arabophones. Et vu les enseignements et conseils qui y sont recens\u00e9, il repr\u00e9sente LE LIVRE INCONTOURNABLE POUR CHAQUE SOEUR, qu&rsquo;elle soit d\u00e9butante ou confirm\u00e9e, jeune fille ou m\u00e8re de famille.;&#8230; VOICI DONC UN CONSEIL ADRESSE AUX FEMMES SUIVI DE QUESTIONS-REPONSES: Assur\u00e9ment, le devoir de conseil et d&rsquo;invitation \u00e0 la religion d&rsquo;Allah qu&rsquo;il incombe \u00e0 la femme envers ses soeurs est important. Et j&rsquo;esp\u00e8re que ce livre, particuli\u00e8rement adapt\u00e9, comblera le manque dans ce domaine. CONCERNANT L&rsquo;AUTEUR DU LIVRE, il s&rsquo;agit d&rsquo;Umm &lsquo;AbdAllah Al-Wa\u00e2di&rsquo;iya qui est vers\u00e9e dans beaucoup de sciences et se conforme au comportement du Proph\u00e8te saw, C&rsquo;est une femme m\u00e9ritante, particuli\u00e8rement soucieuse d&rsquo;occuper son temps de mani\u00e8re utile, et de faire profiter ses soeurs de sa science. Et c&rsquo;est la raison pour laquelle Allah a b\u00e9ni la science qu&rsquo;elle d\u00e9tient. Qu&rsquo;Allah la r\u00e9compense en bien, am\u00e9liore sa situation et fasse de ses enfants des musulmans pieux, il est certes capable de tout.\u00a0\u00bb Cheikh Muqbil.;Versets coraniques en arabe.;Existe en version couverture souple<\/p>\n","protected":false},"featured_media":34847,"comment_status":"open","ping_status":"closed","template":"","meta":[],"product_brand":[],"product_cat":[15],"product_tag":[],"class_list":{"0":"post-34608","1":"product","2":"type-product","3":"status-publish","4":"has-post-thumbnail","6":"product_cat-non-classe","7":"pa_auteur-umm-abdillah-al-wadiiyya","8":"pa_code-produit-ref-6907","9":"pa_editeur-dar-al-muslim","10":"pa_format-17-x-24-cm-couverture-cartonnee","11":"pa_langue-francais-arabe","12":"pa_nombre-de-pages-703","14":"first","15":"instock","16":"shipping-taxable","17":"purchasable","18":"product-type-simple"},"_links":{"self":[{"href":"https:\/\/lamaktaba.fr\/index.php\/wp-json\/wp\/v2\/product\/34608","targetHints":{"allow":["GET"]}}],"collection":[{"href":"https:\/\/lamaktaba.fr\/index.php\/wp-json\/wp\/v2\/product"}],"about":[{"href":"https:\/\/lamaktaba.fr\/index.php\/wp-json\/wp\/v2\/types\/product"}],"replies":[{"embeddable":true,"href":"https:\/\/lamaktaba.fr\/index.php\/wp-json\/wp\/v2\/comments?post=34608"}],"wp:featuredmedia":[{"embeddable":true,"href":"https:\/\/lamaktaba.fr\/index.php\/wp-json\/wp\/v2\/media\/34847"}],"wp:attachment":[{"href":"https:\/\/lamaktaba.fr\/index.php\/wp-json\/wp\/v2\/media?parent=34608"}],"wp:term":[{"taxonomy":"product_brand","embeddable":true,"href":"https:\/\/lamaktaba.fr\/index.php\/wp-json\/wp\/v2\/product_brand?post=34608"},{"taxonomy":"product_cat","embeddable":true,"href":"https:\/\/lamaktaba.fr\/index.php\/wp-json\/wp\/v2\/product_cat?post=34608"},{"taxonomy":"product_tag","embeddable":true,"href":"https:\/\/lamaktaba.fr\/index.php\/wp-json\/wp\/v2\/product_tag?post=34608"}],"curies":[{"name":"wp","href":"https:\/\/api.w.org\/{rel}","templated":true}]}}