{"id":34607,"date":"1970-01-01T00:00:00","date_gmt":"1969-12-31T23:00:00","guid":{"rendered":"https:\/\/lamaktaba.fr\/index.php\/produit\/ar-rahiq-al-makhtoum-le-nectar-cachete-biographie-du-prophete-muhammad-saw-%d8%a7%d9%84%d8%b1%d8%ad%d9%8a%d9%82-%d8%a7%d9%84%d9%85%d8%ae%d8%aa%d9%88%d9%85\/"},"modified":"2025-04-01T12:43:26","modified_gmt":"2025-04-01T10:43:26","slug":"ar-rahiq-al-makhtoum-le-nectar-cachete-biographie-du-prophete-muhammad-saw-d8a7d984d8b1d8add98ad982-d8a7d984d985d8aed8aad988d985","status":"publish","type":"product","link":"https:\/\/lamaktaba.fr\/index.php\/produit\/ar-rahiq-al-makhtoum-le-nectar-cachete-biographie-du-prophete-muhammad-saw-d8a7d984d8b1d8add98ad982-d8a7d984d985d8aed8aad988d985","title":{"rendered":"Ar-Rah\u00eeq Al-Makhtoum &#8211; Le Nectar Cachet\u00e9 &#8211; Biographie du Proph\u00e8te Muhammad (SAW) &#8211; \u0627\u0644\u0631\u062d\u064a\u0642 \u0627\u0644\u0645\u062e\u062a\u0648\u0645"},"content":{"rendered":"<p>Le Nectar Cachet\u00e9 (Ar-Rah\u00eeq Al-Makhtoum): Biographie du Proph\u00e8te Muhammad (SAW) par Cheikh Safiy Ar-Rahm\u00e2n Al-Mub\u00e2rakf\u00fbr\u00ee &#8211; Edition Orientica;Le Nectar Cachet\u00e9 (Ar-Rah\u00eeq Al-Makhtoum), est un ouvrage de r\u00e9f\u00e9rence sur la biographie du Proph\u00e8te (SAW), \u00e9crit par le Cheikh Safiy Ar-Rahm\u00e2n Al-Mub\u00e2rakf\u00fbr\u00ee de l&rsquo;Universit\u00e9 Salafiste de l&rsquo;Inde. Il re\u00e7ut le premier prix lors du concours organis\u00e9 \u00e0 La Mecque par la Ligue Islamique Mondiale.;Ce livre relate de fa\u00e7on d\u00e9taill\u00e9e la vie du dernier Proph\u00e8te, Muhammad (SAW), celui qui a \u00e9t\u00e9 envoy\u00e9 comme mod\u00e8le et mis\u00e9ricorde pour toute l&rsquo;humanit\u00e9. Allah dit dans le Coran: [ En effet, vous avez dans le Messager d&rsquo;Allah un excellent mod\u00e8le (\u00e0 suivre), pour quiconque esp\u00e8re en Allah et au Jour Dernier et invoque Allah fr\u00e9quemment. ] (S33, Al-Ahz\u00e2b, V21).;Il est important pour tout musulman de conna\u00eetre son Cr\u00e9ateur et la Sunna de Son Messager (SAW). L\u2019\u00e9tude de la vie du Proph\u00e8te (SAW) (As-S\u00eera) permet de tirer des enseignements fondamentaux pour mieux comprendre la religion musulmane et son histoire.;Cet ouvrage qui se distingue par la clart\u00e9 de son approche, permet au croyant de suivre les traces du Proph\u00e8te (SAW), de raffermir sa foi, de se pr\u00e9server de l&rsquo;\u00e9garement et d&rsquo;esp\u00e9rer le Pardon, par l&rsquo;intercession du sceau des proph\u00e8tes.<\/p>\n","protected":false},"excerpt":{"rendered":"<p>Le Nectar Cachet\u00e9 (Ar-Rah\u00eeq Al-Makhtoum): Biographie du Proph\u00e8te Muhammad (SAW) par Cheikh Safiy Ar-Rahm\u00e2n Al-Mub\u00e2rakf\u00fbr\u00ee &#8211; Edition Orientica;Le Nectar Cachet\u00e9 (Ar-Rah\u00eeq Al-Makhtoum), est un ouvrage de r\u00e9f\u00e9rence sur la biographie du Proph\u00e8te (SAW), \u00e9crit par le Cheikh Safiy Ar-Rahm\u00e2n Al-Mub\u00e2rakf\u00fbr\u00ee de l&rsquo;Universit\u00e9 Salafiste de l&rsquo;Inde. Il re\u00e7ut le premier prix lors du concours organis\u00e9 \u00e0 La Mecque par la Ligue Islamique Mondiale.;Ce livre relate de fa\u00e7on d\u00e9taill\u00e9e la vie du dernier Proph\u00e8te, Muhammad (SAW), celui qui a \u00e9t\u00e9 envoy\u00e9 comme mod\u00e8le et mis\u00e9ricorde pour toute l&rsquo;humanit\u00e9. Allah dit dans le Coran: [ En effet, vous avez dans le Messager d&rsquo;Allah un excellent mod\u00e8le (\u00e0 suivre), pour quiconque esp\u00e8re en Allah et au Jour Dernier et invoque Allah fr\u00e9quemment. ] (S33, Al-Ahz\u00e2b, V21).;Il est important pour tout musulman de conna\u00eetre son Cr\u00e9ateur et la Sunna de Son Messager (SAW). L\u2019\u00e9tude de la vie du Proph\u00e8te (SAW) (As-S\u00eera) permet de tirer des enseignements fondamentaux pour mieux comprendre la religion musulmane et son histoire.;Cet ouvrage qui se distingue par la clart\u00e9 de son approche, permet au croyant de suivre les traces du Proph\u00e8te (SAW), de raffermir sa foi, de se pr\u00e9server de l&rsquo;\u00e9garement et d&rsquo;esp\u00e9rer le Pardon, par l&rsquo;intercession du sceau des proph\u00e8tes.<\/p>\n","protected":false},"featured_media":34846,"comment_status":"open","ping_status":"closed","template":"","meta":[],"product_brand":[],"product_cat":[15],"product_tag":[],"class_list":{"0":"post-34607","1":"product","2":"type-product","3":"status-publish","4":"has-post-thumbnail","6":"product_cat-non-classe","7":"pa_annee-451","8":"pa_editeur-orientica-editions","9":"pa_langue-francais","10":"pa_reliure-souple","12":"first","13":"instock","14":"shipping-taxable","15":"purchasable","16":"product-type-simple"},"_links":{"self":[{"href":"https:\/\/lamaktaba.fr\/index.php\/wp-json\/wp\/v2\/product\/34607","targetHints":{"allow":["GET"]}}],"collection":[{"href":"https:\/\/lamaktaba.fr\/index.php\/wp-json\/wp\/v2\/product"}],"about":[{"href":"https:\/\/lamaktaba.fr\/index.php\/wp-json\/wp\/v2\/types\/product"}],"replies":[{"embeddable":true,"href":"https:\/\/lamaktaba.fr\/index.php\/wp-json\/wp\/v2\/comments?post=34607"}],"wp:featuredmedia":[{"embeddable":true,"href":"https:\/\/lamaktaba.fr\/index.php\/wp-json\/wp\/v2\/media\/34846"}],"wp:attachment":[{"href":"https:\/\/lamaktaba.fr\/index.php\/wp-json\/wp\/v2\/media?parent=34607"}],"wp:term":[{"taxonomy":"product_brand","embeddable":true,"href":"https:\/\/lamaktaba.fr\/index.php\/wp-json\/wp\/v2\/product_brand?post=34607"},{"taxonomy":"product_cat","embeddable":true,"href":"https:\/\/lamaktaba.fr\/index.php\/wp-json\/wp\/v2\/product_cat?post=34607"},{"taxonomy":"product_tag","embeddable":true,"href":"https:\/\/lamaktaba.fr\/index.php\/wp-json\/wp\/v2\/product_tag?post=34607"}],"curies":[{"name":"wp","href":"https:\/\/api.w.org\/{rel}","templated":true}]}}