{"id":34605,"date":"2020-10-18T16:06:10","date_gmt":"2020-10-18T14:06:10","guid":{"rendered":"https:\/\/lamaktaba.fr\/index.php\/produit\/montre-reveil-avec-horaires-de-prieres-pour-region-parisienne-et-appel-a-la-priere-adhan-1150-villes-electronique\/"},"modified":"2025-04-01T12:43:55","modified_gmt":"2025-04-01T10:43:55","slug":"montre-reveil-avec-horaires-de-prieres-pour-region-parisienne-et-appel-a-la-priere-adhan-1150-villes-electronique","status":"publish","type":"product","link":"https:\/\/lamaktaba.fr\/index.php\/produit\/montre-reveil-avec-horaires-de-prieres-pour-region-parisienne-et-appel-a-la-priere-adhan-1150-villes-electronique","title":{"rendered":"Montre R\u00e9veil avec horaires de pri\u00e8res pour r\u00e9gion parisienne et appel \u00e0 la pri\u00e8re (adh\u00e2n) 1150 villes &#8211; Electronique"},"content":{"rendered":"<p>Montre r\u00e9veil de qualit\u00e9 avec prise en compte des horaires des 5 pri\u00e8res.<br \/>Principales fonctions<br \/>Temp\u00e9rature<br \/>Calendrier H\u00e9girien et Gr\u00e9gorien<br \/>Adhan<br \/>Horaires de pri\u00e8re de toutes les villes du monde (1150 villes dans le monde dont Paris pour la France)<br \/>Alarme<br \/>Fonction Snooze<br \/>Prise en compte de l&rsquo;heure d&rsquo;\u00e9t\u00e9<br \/>Indique la direction de la Qibla<br \/>R\u00e9glage du volume &#8211; R\u00e9tro-\u00e9clairage.<br \/>Le r\u00e9veil se r\u00e8gle facilement sur Paris en tournant le bouton des villes sur Paris (jusqu&rsquo;\u00e0 ce qu&rsquo;il affiche 33-1)<br \/>Garantie 1 an (conservez votre facture).<br \/>Description<br \/>Complete Azans for all prayers<br \/>Full Azans (1150 cities Around The World)<br \/>Automatic Fajr Alarm<br \/>Daily Alarm (weekends optional) &#038;Snooze option<br \/>Qibla Direction \uff08relative to North\uff09<br \/>Hijri &#038; Gregorian Calendars<br \/>Full-screen El-light<br \/>Temperature &#038; Daylight saving time option<\/p>\n","protected":false},"excerpt":{"rendered":"<p>Montre r\u00e9veil de qualit\u00e9 avec prise en compte des horaires des 5 pri\u00e8res.<br \/>Principales fonctions<br \/>Temp\u00e9rature<br \/>Calendrier H\u00e9girien et Gr\u00e9gorien<br \/>Adhan<br \/>Horaires de pri\u00e8re de toutes les villes du monde (1150 villes dans le monde dont Paris pour la France)<br \/>Alarme<br \/>Fonction Snooze<br \/>Prise en compte de l&rsquo;heure d&rsquo;\u00e9t\u00e9<br \/>Indique la direction de la Qibla<br \/>R\u00e9glage du volume &#8211; R\u00e9tro-\u00e9clairage.<br \/>Le r\u00e9veil se r\u00e8gle facilement sur Paris en tournant le bouton des villes sur Paris (jusqu&rsquo;\u00e0 ce qu&rsquo;il affiche 33-1)<br \/>Garantie 1 an (conservez votre facture).<br \/>Description<br \/>Complete Azans for all prayers<br \/>Full Azans (1150 cities Around The World)<br \/>Automatic Fajr Alarm<br \/>Daily Alarm (weekends optional) &#038;Snooze option<br \/>Qibla Direction \uff08relative to North\uff09<br \/>Hijri &#038; Gregorian Calendars<br \/>Full-screen El-light<br \/>Temperature &#038; Daylight saving time option<\/p>\n","protected":false},"featured_media":34840,"comment_status":"open","ping_status":"closed","template":"","meta":[],"product_brand":[],"product_cat":[15],"product_tag":[],"class_list":{"0":"post-34605","1":"product","2":"type-product","3":"status-publish","4":"has-post-thumbnail","6":"product_cat-non-classe","8":"first","9":"outofstock","10":"shipping-taxable","11":"purchasable","12":"product-type-simple"},"_links":{"self":[{"href":"https:\/\/lamaktaba.fr\/index.php\/wp-json\/wp\/v2\/product\/34605","targetHints":{"allow":["GET"]}}],"collection":[{"href":"https:\/\/lamaktaba.fr\/index.php\/wp-json\/wp\/v2\/product"}],"about":[{"href":"https:\/\/lamaktaba.fr\/index.php\/wp-json\/wp\/v2\/types\/product"}],"replies":[{"embeddable":true,"href":"https:\/\/lamaktaba.fr\/index.php\/wp-json\/wp\/v2\/comments?post=34605"}],"wp:featuredmedia":[{"embeddable":true,"href":"https:\/\/lamaktaba.fr\/index.php\/wp-json\/wp\/v2\/media\/34840"}],"wp:attachment":[{"href":"https:\/\/lamaktaba.fr\/index.php\/wp-json\/wp\/v2\/media?parent=34605"}],"wp:term":[{"taxonomy":"product_brand","embeddable":true,"href":"https:\/\/lamaktaba.fr\/index.php\/wp-json\/wp\/v2\/product_brand?post=34605"},{"taxonomy":"product_cat","embeddable":true,"href":"https:\/\/lamaktaba.fr\/index.php\/wp-json\/wp\/v2\/product_cat?post=34605"},{"taxonomy":"product_tag","embeddable":true,"href":"https:\/\/lamaktaba.fr\/index.php\/wp-json\/wp\/v2\/product_tag?post=34605"}],"curies":[{"name":"wp","href":"https:\/\/api.w.org\/{rel}","templated":true}]}}