{"id":34604,"date":"2020-10-18T16:06:09","date_gmt":"2020-10-18T14:06:09","guid":{"rendered":"https:\/\/lamaktaba.fr\/index.php\/produit\/dvd-contes-dorient-kalila-et-dimna-collectif-dvd-video\/"},"modified":"2025-04-01T12:47:16","modified_gmt":"2025-04-01T10:47:16","slug":"dvd-contes-dorient-kalila-et-dimna-collectif-dvd-video","status":"publish","type":"product","link":"https:\/\/lamaktaba.fr\/index.php\/produit\/dvd-contes-dorient-kalila-et-dimna-collectif-dvd-video","title":{"rendered":"DVD Contes d&rsquo;Orient &#8211; Kalila et Dimna &#8211; Collectif &#8211; DVD (vid\u00e9o)"},"content":{"rendered":"<p>Ce DVD interactif reprend 4 des contes de la collection \u201cKalila wa Dimna\u201d. Il s&rsquo;agit d&rsquo;histoires cont\u00e9s, DVD en arabe sous-titr\u00e9 en fran\u00e7ais.<br \/>Les histoires sont cont\u00e9es en langue arabe avec texte arabe vocalis\u00e9 et traduction fran\u00e7aise (Deux lectures: rapide et lente). Un tr\u00e8s bon moyen pour perfectionner sa lecture, \u00e9coute et compr\u00e9hension de la langue arabe. Ces contes existent \u00e9galement en version livres.<br \/>Voir tous les produits de la Collection \u00ab\u00a0Contes D&rsquo;Orient &#8211; Kalila et Dimna<\/p>\n","protected":false},"excerpt":{"rendered":"<p>Ce DVD interactif reprend 4 des contes de la collection \u201cKalila wa Dimna\u201d. Il s&rsquo;agit d&rsquo;histoires cont\u00e9s, DVD en arabe sous-titr\u00e9 en fran\u00e7ais.<br \/>Les histoires sont cont\u00e9es en langue arabe avec texte arabe vocalis\u00e9 et traduction fran\u00e7aise (Deux lectures: rapide et lente). Un tr\u00e8s bon moyen pour perfectionner sa lecture, \u00e9coute et compr\u00e9hension de la langue arabe. Ces contes existent \u00e9galement en version livres.<br \/>Voir tous les produits de la Collection \u00ab\u00a0Contes D&rsquo;Orient &#8211; Kalila et Dimna<\/p>\n","protected":false},"featured_media":34836,"comment_status":"open","ping_status":"closed","template":"","meta":[],"product_brand":[],"product_cat":[15],"product_tag":[],"class_list":{"0":"post-34604","1":"product","2":"type-product","3":"status-publish","4":"has-post-thumbnail","6":"product_cat-non-classe","7":"pa_auteur-collectif","8":"pa_editeur-orientica","10":"first","11":"outofstock","12":"shipping-taxable","13":"purchasable","14":"product-type-simple"},"_links":{"self":[{"href":"https:\/\/lamaktaba.fr\/index.php\/wp-json\/wp\/v2\/product\/34604","targetHints":{"allow":["GET"]}}],"collection":[{"href":"https:\/\/lamaktaba.fr\/index.php\/wp-json\/wp\/v2\/product"}],"about":[{"href":"https:\/\/lamaktaba.fr\/index.php\/wp-json\/wp\/v2\/types\/product"}],"replies":[{"embeddable":true,"href":"https:\/\/lamaktaba.fr\/index.php\/wp-json\/wp\/v2\/comments?post=34604"}],"wp:featuredmedia":[{"embeddable":true,"href":"https:\/\/lamaktaba.fr\/index.php\/wp-json\/wp\/v2\/media\/34836"}],"wp:attachment":[{"href":"https:\/\/lamaktaba.fr\/index.php\/wp-json\/wp\/v2\/media?parent=34604"}],"wp:term":[{"taxonomy":"product_brand","embeddable":true,"href":"https:\/\/lamaktaba.fr\/index.php\/wp-json\/wp\/v2\/product_brand?post=34604"},{"taxonomy":"product_cat","embeddable":true,"href":"https:\/\/lamaktaba.fr\/index.php\/wp-json\/wp\/v2\/product_cat?post=34604"},{"taxonomy":"product_tag","embeddable":true,"href":"https:\/\/lamaktaba.fr\/index.php\/wp-json\/wp\/v2\/product_tag?post=34604"}],"curies":[{"name":"wp","href":"https:\/\/api.w.org\/{rel}","templated":true}]}}