{"id":34600,"date":"2020-10-18T16:06:08","date_gmt":"2020-10-18T14:06:08","guid":{"rendered":"https:\/\/lamaktaba.fr\/index.php\/produit\/la-vie-des-prophetes\/"},"modified":"2025-04-01T12:44:26","modified_gmt":"2025-04-01T10:44:26","slug":"la-vie-des-prophetes","status":"publish","type":"product","link":"https:\/\/lamaktaba.fr\/index.php\/produit\/la-vie-des-prophetes","title":{"rendered":"la Vie des proph\u00e8tes"},"content":{"rendered":"<p>Titre: la Vie des proph\u00e8tes;Auteur: An-Nadawi;Edition: UNIVERSEL;Support: Livre;Theme: Piliers de la FOI;Description: Auteur de plusieurs ouvrages, le professeur An-Nadaoui, d\u2019origine indienne, est un savant reconnu dans le monde musulman. Dans ce livre, il donne un aper\u00e7u sur la vie des proph\u00e8tes et leurs \u0153uvres.<\/p>\n","protected":false},"excerpt":{"rendered":"<p>Titre: la Vie des proph\u00e8tes;Auteur: An-Nadawi;Edition: UNIVERSEL;Support: Livre;Theme: Piliers de la FOI;Description: Auteur de plusieurs ouvrages, le professeur An-Nadaoui, d\u2019origine indienne, est un savant reconnu dans le monde musulman. Dans ce livre, il donne un aper\u00e7u sur la vie des proph\u00e8tes et leurs \u0153uvres.<\/p>\n","protected":false},"featured_media":34830,"comment_status":"open","ping_status":"closed","template":"","meta":[],"product_brand":[],"product_cat":[15],"product_tag":[],"class_list":{"0":"post-34600","1":"product","2":"type-product","3":"status-publish","4":"has-post-thumbnail","6":"product_cat-non-classe","7":"pa_auteur-an-nadawi","8":"pa_editeur-universel-editions","10":"first","11":"outofstock","12":"shipping-taxable","13":"purchasable","14":"product-type-simple"},"_links":{"self":[{"href":"https:\/\/lamaktaba.fr\/index.php\/wp-json\/wp\/v2\/product\/34600","targetHints":{"allow":["GET"]}}],"collection":[{"href":"https:\/\/lamaktaba.fr\/index.php\/wp-json\/wp\/v2\/product"}],"about":[{"href":"https:\/\/lamaktaba.fr\/index.php\/wp-json\/wp\/v2\/types\/product"}],"replies":[{"embeddable":true,"href":"https:\/\/lamaktaba.fr\/index.php\/wp-json\/wp\/v2\/comments?post=34600"}],"wp:featuredmedia":[{"embeddable":true,"href":"https:\/\/lamaktaba.fr\/index.php\/wp-json\/wp\/v2\/media\/34830"}],"wp:attachment":[{"href":"https:\/\/lamaktaba.fr\/index.php\/wp-json\/wp\/v2\/media?parent=34600"}],"wp:term":[{"taxonomy":"product_brand","embeddable":true,"href":"https:\/\/lamaktaba.fr\/index.php\/wp-json\/wp\/v2\/product_brand?post=34600"},{"taxonomy":"product_cat","embeddable":true,"href":"https:\/\/lamaktaba.fr\/index.php\/wp-json\/wp\/v2\/product_cat?post=34600"},{"taxonomy":"product_tag","embeddable":true,"href":"https:\/\/lamaktaba.fr\/index.php\/wp-json\/wp\/v2\/product_tag?post=34600"}],"curies":[{"name":"wp","href":"https:\/\/api.w.org\/{rel}","templated":true}]}}