{"id":34596,"date":"2020-10-18T16:06:04","date_gmt":"2020-10-18T14:06:04","guid":{"rendered":"https:\/\/lamaktaba.fr\/index.php\/produit\/mini-ordinateur-al-achbal-lap-top-pour-apprendre-lalphabet-arabe-les-mots-et-les-chiffres-%d8%a7%d9%84%d8%a7%d8%b4%d8%a8%d8%a7%d9%84-%d9%84%d8%a7%d8%a8-%d8%aa%d9%88%d8%a8-jeu-jouet\/"},"modified":"2025-04-01T12:47:15","modified_gmt":"2025-04-01T10:47:15","slug":"mini-ordinateur-al-achbal-lap-top-pour-apprendre-lalphabet-arabe-les-mots-et-les-chiffres-d8a7d984d8a7d8b4d8a8d8a7d984-d984d8a7d8a8-d8aad988d8a8-jeu-jouet","status":"publish","type":"product","link":"https:\/\/lamaktaba.fr\/index.php\/produit\/mini-ordinateur-al-achbal-lap-top-pour-apprendre-lalphabet-arabe-les-mots-et-les-chiffres-d8a7d984d8a7d8b4d8a8d8a7d984-d984d8a7d8a8-d8aad988d8a8-jeu-jouet","title":{"rendered":"Mini-Ordinateur \u00ab\u00a0Al-Achb\u00e2l Lap Top\u00a0\u00bb pour apprendre l&rsquo;alphabet arabe, les mots et les chiffres &#8211; \u0627\u0644\u0627\u0634\u0628\u0627\u0644 \u0644\u0627\u0628 \u062a\u0648\u0628 &#8211; Jeu \/ jouet"},"content":{"rendered":"<p>Ce joli petit ordinateur destin\u00e9 aux enfants \u00e0 partir de 3 ans leur permet d&rsquo;apprendre la prononciation des lettres arabes et des chiffres en arabe ainsi que des mots.<br \/>C&rsquo;est un jouet parfait pour les tout-petits \u00e0 partir de 3 ans, il les aide \u00e0 apprendre les chiffres et les lettres arabes \u00e0 travers le jeu \u00ab\u00a0O\u00f9 est le chiffre?\u00a0\u00bb et \u00ab\u00a0O\u00f9 est la lettre?\u00a0\u00bb.<br \/>A noter que ce mini ordinateur fonctionne avec les piles AA (piles classiques) non fournies.<\/p>\n","protected":false},"excerpt":{"rendered":"<p>Ce joli petit ordinateur destin\u00e9 aux enfants \u00e0 partir de 3 ans leur permet d&rsquo;apprendre la prononciation des lettres arabes et des chiffres en arabe ainsi que des mots.<br \/>C&rsquo;est un jouet parfait pour les tout-petits \u00e0 partir de 3 ans, il les aide \u00e0 apprendre les chiffres et les lettres arabes \u00e0 travers le jeu \u00ab\u00a0O\u00f9 est le chiffre?\u00a0\u00bb et \u00ab\u00a0O\u00f9 est la lettre?\u00a0\u00bb.<br \/>A noter que ce mini ordinateur fonctionne avec les piles AA (piles classiques) non fournies.<\/p>\n","protected":false},"featured_media":34817,"comment_status":"open","ping_status":"closed","template":"","meta":[],"product_brand":[],"product_cat":[15],"product_tag":[],"class_list":{"0":"post-34596","1":"product","2":"type-product","3":"status-publish","4":"has-post-thumbnail","6":"product_cat-non-classe","8":"first","9":"outofstock","10":"shipping-taxable","11":"purchasable","12":"product-type-simple"},"_links":{"self":[{"href":"https:\/\/lamaktaba.fr\/index.php\/wp-json\/wp\/v2\/product\/34596","targetHints":{"allow":["GET"]}}],"collection":[{"href":"https:\/\/lamaktaba.fr\/index.php\/wp-json\/wp\/v2\/product"}],"about":[{"href":"https:\/\/lamaktaba.fr\/index.php\/wp-json\/wp\/v2\/types\/product"}],"replies":[{"embeddable":true,"href":"https:\/\/lamaktaba.fr\/index.php\/wp-json\/wp\/v2\/comments?post=34596"}],"wp:featuredmedia":[{"embeddable":true,"href":"https:\/\/lamaktaba.fr\/index.php\/wp-json\/wp\/v2\/media\/34817"}],"wp:attachment":[{"href":"https:\/\/lamaktaba.fr\/index.php\/wp-json\/wp\/v2\/media?parent=34596"}],"wp:term":[{"taxonomy":"product_brand","embeddable":true,"href":"https:\/\/lamaktaba.fr\/index.php\/wp-json\/wp\/v2\/product_brand?post=34596"},{"taxonomy":"product_cat","embeddable":true,"href":"https:\/\/lamaktaba.fr\/index.php\/wp-json\/wp\/v2\/product_cat?post=34596"},{"taxonomy":"product_tag","embeddable":true,"href":"https:\/\/lamaktaba.fr\/index.php\/wp-json\/wp\/v2\/product_tag?post=34596"}],"curies":[{"name":"wp","href":"https:\/\/api.w.org\/{rel}","templated":true}]}}