{"id":34591,"date":"1970-01-01T00:00:00","date_gmt":"1969-12-31T23:00:00","guid":{"rendered":"https:\/\/lamaktaba.fr\/index.php\/produit\/lauthentique-de-lexegese-dibn-kathir-sahih-tafsir-ibn-kathir-mustafa-ibn-al-adawi\/"},"modified":"2025-04-01T12:46:03","modified_gmt":"2025-04-01T10:46:03","slug":"lauthentique-de-lexegese-dibn-kathir-sahih-tafsir-ibn-kathir-mustafa-ibn-al-adawi","status":"publish","type":"product","link":"https:\/\/lamaktaba.fr\/index.php\/produit\/lauthentique-de-lexegese-dibn-kathir-sahih-tafsir-ibn-kathir-mustafa-ibn-al-adawi","title":{"rendered":"L&rsquo;Authentique de l&rsquo;Ex\u00e9g\u00e8se d&rsquo;Ibn Kath\u00eer (Sah\u00eeh Tafs\u00eer Ibn Kath\u00eer),l\u2019\u00e9dition critique Mustaf\u00e2 Ibn Al-&lsquo;Adaw\u00ee"},"content":{"rendered":"<p>L&rsquo;Authentique de l&rsquo;Ex\u00e9g\u00e8se d&rsquo;Ibn Kath\u00eer (Sah\u00eeh Tafs\u00eer Ibn Kath\u00eer), l\u2019\u00e9dition critique Mustaf\u00e2 Ibn Al-&lsquo;Adaw\u00ee;La plus belle offrande par laquelle le serviteur se rapproche de Dieu le Tr\u00e8s Haut et gagner sa faveur, c&rsquo;est d&rsquo;apprendre le Livre de Dieu et la Sunna de son envoy\u00e9, et de les enseigner \u00e0 autrui. Le tr\u00e8s Haut dit: \u00ab Soyez des ma\u00eetres puisque vous enseignez et \u00e9tudiez le Livre \u00bb(La famille de Imran: 79). En outre, le proph\u00e8te (SWS) affirme: \u00ab Le meilleur d&rsquo;entre vous est celui qui apprend le Coran et l&rsquo;enseigne aux autres. \u00bb;Ainsi, la sup\u00e9riorit\u00e9 proc\u00e8de-t-elle de l&rsquo;apprentissage et l&rsquo;enseignement du Coran, tout comme de l&rsquo;application de ses pr\u00e9ceptes. Voila pourquoi, en sus du fait que les \u00e9rudits du Coran sont les proches de Dieu et ses intimes, nous nous sommes propos\u00e9 de nous livrer \u00e0 l&rsquo;explication du livre de Dieu. Mu par la volont\u00e9 de rendre cette explication accessible au gens, nous avons \u00e9labor\u00e9- par la gr\u00e2ce de Dieu \u2013 une m\u00e9thode de travail articul\u00e9e sur l&rsquo;ex\u00e9g\u00e8se la plus r\u00e9pondue, celle du docte Al &#8211; H\u00e2fid Ibn Kath\u00eer \u2013 que Dieu le tr\u00e8s haut l&rsquo;ait en sa sainte mis\u00e9ricorde. Cette ex\u00e9g\u00e8se, nous nous sommes employ\u00e9 \u00e0 la r\u00e9sumer et \u00e0 en \u00e9tudier les hadiths en en faisant un examen critique.;Cet Abr\u00e9g\u00e9 que l&rsquo;on doit au sheikh Mustafa Al-&lsquo;Adawi, qui a d\u00e9pouill\u00e9 le texte original du tafsir de Ibn katir des redites et des longueurs, \u00e9vitant ainsi aux lecteurs non sp\u00e9cialistes la lassitude que provoquent la lecture et l&rsquo;examen des questions tr\u00e8s d\u00e9taill\u00e9es qu&rsquo;il comprend. L&rsquo;auteur \u00e9pargne aux lecteurs les discussions, la palabres, les cha\u00eenes de transmetteurs, les d\u00e9veloppements annexes et les cheminements interminables inh\u00e9rents \u00e0 toute d\u00e9monstration. Il l&rsquo;affranchit \u00e9galement de toutes les interpr\u00e9tations s&rsquo;appuyant sur des r\u00e9f\u00e9rences jud\u00e9o-chr\u00e9tiennes.<\/p>\n","protected":false},"excerpt":{"rendered":"<p>L&rsquo;Authentique de l&rsquo;Ex\u00e9g\u00e8se d&rsquo;Ibn Kath\u00eer (Sah\u00eeh Tafs\u00eer Ibn Kath\u00eer), l\u2019\u00e9dition critique Mustaf\u00e2 Ibn Al-&lsquo;Adaw\u00ee;La plus belle offrande par laquelle le serviteur se rapproche de Dieu le Tr\u00e8s Haut et gagner sa faveur, c&rsquo;est d&rsquo;apprendre le Livre de Dieu et la Sunna de son envoy\u00e9, et de les enseigner \u00e0 autrui. Le tr\u00e8s Haut dit: \u00ab Soyez des ma\u00eetres puisque vous enseignez et \u00e9tudiez le Livre \u00bb(La famille de Imran: 79). En outre, le proph\u00e8te (SWS) affirme: \u00ab Le meilleur d&rsquo;entre vous est celui qui apprend le Coran et l&rsquo;enseigne aux autres. \u00bb;Ainsi, la sup\u00e9riorit\u00e9 proc\u00e8de-t-elle de l&rsquo;apprentissage et l&rsquo;enseignement du Coran, tout comme de l&rsquo;application de ses pr\u00e9ceptes. Voila pourquoi, en sus du fait que les \u00e9rudits du Coran sont les proches de Dieu et ses intimes, nous nous sommes propos\u00e9 de nous livrer \u00e0 l&rsquo;explication du livre de Dieu. Mu par la volont\u00e9 de rendre cette explication accessible au gens, nous avons \u00e9labor\u00e9- par la gr\u00e2ce de Dieu \u2013 une m\u00e9thode de travail articul\u00e9e sur l&rsquo;ex\u00e9g\u00e8se la plus r\u00e9pondue, celle du docte Al &#8211; H\u00e2fid Ibn Kath\u00eer \u2013 que Dieu le tr\u00e8s haut l&rsquo;ait en sa sainte mis\u00e9ricorde. Cette ex\u00e9g\u00e8se, nous nous sommes employ\u00e9 \u00e0 la r\u00e9sumer et \u00e0 en \u00e9tudier les hadiths en en faisant un examen critique.;Cet Abr\u00e9g\u00e9 que l&rsquo;on doit au sheikh Mustafa Al-&lsquo;Adawi, qui a d\u00e9pouill\u00e9 le texte original du tafsir de Ibn katir des redites et des longueurs, \u00e9vitant ainsi aux lecteurs non sp\u00e9cialistes la lassitude que provoquent la lecture et l&rsquo;examen des questions tr\u00e8s d\u00e9taill\u00e9es qu&rsquo;il comprend. L&rsquo;auteur \u00e9pargne aux lecteurs les discussions, la palabres, les cha\u00eenes de transmetteurs, les d\u00e9veloppements annexes et les cheminements interminables inh\u00e9rents \u00e0 toute d\u00e9monstration. Il l&rsquo;affranchit \u00e9galement de toutes les interpr\u00e9tations s&rsquo;appuyant sur des r\u00e9f\u00e9rences jud\u00e9o-chr\u00e9tiennes.<\/p>\n","protected":false},"featured_media":37942,"comment_status":"open","ping_status":"closed","template":"","meta":[],"product_brand":[],"product_cat":[1904,1908],"product_tag":[],"class_list":{"0":"post-34591","1":"product","2":"type-product","3":"status-publish","4":"has-post-thumbnail","6":"product_cat-saint-coran","7":"product_cat-tafsir-exegese","8":"pa_annee-446","9":"pa_auteur-al-hafidh-ibn-kathir","10":"pa_editeur-maison-dennour-editions-2","11":"pa_format-17-5cm-x-24-8cm","12":"pa_langue-francais","13":"pa_nombre-de-pages-1376","14":"pa_reliure-rigide","16":"first","17":"outofstock","18":"shipping-taxable","19":"purchasable","20":"product-type-simple"},"_links":{"self":[{"href":"https:\/\/lamaktaba.fr\/index.php\/wp-json\/wp\/v2\/product\/34591","targetHints":{"allow":["GET"]}}],"collection":[{"href":"https:\/\/lamaktaba.fr\/index.php\/wp-json\/wp\/v2\/product"}],"about":[{"href":"https:\/\/lamaktaba.fr\/index.php\/wp-json\/wp\/v2\/types\/product"}],"replies":[{"embeddable":true,"href":"https:\/\/lamaktaba.fr\/index.php\/wp-json\/wp\/v2\/comments?post=34591"}],"wp:featuredmedia":[{"embeddable":true,"href":"https:\/\/lamaktaba.fr\/index.php\/wp-json\/wp\/v2\/media\/37942"}],"wp:attachment":[{"href":"https:\/\/lamaktaba.fr\/index.php\/wp-json\/wp\/v2\/media?parent=34591"}],"wp:term":[{"taxonomy":"product_brand","embeddable":true,"href":"https:\/\/lamaktaba.fr\/index.php\/wp-json\/wp\/v2\/product_brand?post=34591"},{"taxonomy":"product_cat","embeddable":true,"href":"https:\/\/lamaktaba.fr\/index.php\/wp-json\/wp\/v2\/product_cat?post=34591"},{"taxonomy":"product_tag","embeddable":true,"href":"https:\/\/lamaktaba.fr\/index.php\/wp-json\/wp\/v2\/product_tag?post=34591"}],"curies":[{"name":"wp","href":"https:\/\/api.w.org\/{rel}","templated":true}]}}