{"id":34585,"date":"2020-10-18T16:05:54","date_gmt":"2020-10-18T14:05:54","guid":{"rendered":"https:\/\/lamaktaba.fr\/index.php\/produit\/comment-me-repentir-tels-les-pieux-cheikh-husayn-yaqub\/"},"modified":"2025-04-01T12:46:16","modified_gmt":"2025-04-01T10:46:16","slug":"comment-me-repentir-tels-les-pieux-cheikh-husayn-yaqub","status":"publish","type":"product","link":"https:\/\/lamaktaba.fr\/index.php\/produit\/comment-me-repentir-tels-les-pieux-cheikh-husayn-yaqub","title":{"rendered":"Comment Me REPENTIR T\u00e9ls les PIEUX (2\u00e9me \u00c9dition), Chaykh Husayn Ya&rsquo;q\u00fbb"},"content":{"rendered":"<p>Pourquoi nous repentir? Parce que par le repentir, le serviteur revient \u00e0 la voie de la rectitude. En nous repentant nous ob\u00e9issons \u00e0 l&rsquo;ordre d&rsquo;Allah, nous fuyons l&rsquo;injustice vers la r\u00e9ussite et nous recherchons le bonheur. En nous repentant nous fuyons le tourment, la m\u00e9lancolie d&rsquo;\u00eatre loin d&rsquo;Allah et le voile qui se met entre lui et le p\u00e9cheur. Qu&rsquo;est-ce qui nous retient de nous repentir? Le premier obstacle est l&rsquo;attachement du c\u0153ur au p\u00e9ch\u00e9 qui nous emp\u00eache de d\u00e9serter les lieux de d\u00e9bauche, de changer de fr\u00e9quentation, de regretter sinc\u00e8rement et d&rsquo;avoir du d\u00e9go\u00fbt pour ce qui est prohib\u00e9. Le deuxi\u00e8me obstacle est le fait de trouver le repentir lourd et l&rsquo;engagement difficile, puis viennent les excuses et les pr\u00e9textes. On trouve aussi le fait de s&rsquo;illusionner sur soi-m\u00eame lorsqu\u2019on jouit de la couverture d&rsquo;Allah et de Ses bienfaits incessants. Nous trouvons aussi comme obstacle le fait que le p\u00e9ch\u00e9 soit li\u00e9 \u00e0 des lois que le p\u00e9cheur redoute s&rsquo;il se repent. Par quoi devons-nous alors commencer? D\u00e9butons par l&rsquo;exhortation de notre \u00e2me, lui faire des reproches et l&rsquo;\u00e9pouvanter, l\u2019\u00e9loigner de tout ce qui est propice au p\u00e9ch\u00e9, la soigner pat le je\u00fbne, la priver d&rsquo;une pat de repos, \u00e9lever \u00e0 ses yeux les hommes \u00e9minents de l&rsquo;au-del\u00e0, d\u00e9molir ces idoles que sont les passions, etc.;L&rsquo;auteur d\u00e9taille ensuite la question des piliers du repentir, notamment la question du regret dont il d\u00e9veloppe \u00e0 merveille les causes et les aspects et il ajoute sous ce chapitre un d\u00e9tail qu&rsquo;on trouve rarement dans les livres sur le repentir, \u00e0 savoir les moyens de pr\u00e9server ce repentir, \u00e0 travers l&rsquo;entretien de pudeur, de la noblesse de l&rsquo;\u00e2me, de la prise de conscience des mauvaises r\u00e9percussion du p\u00e9ch\u00e9, etc. Enfin, il \u00e9num\u00e8re les signes du repentir accept\u00e9 par Allah, tout cela dans un discours simple, charg\u00e9 d&rsquo;\u00e9motions et de compassion, riche en arguments et qui s&rsquo;inspire de la r\u00e9alit\u00e9, on peut facilement s&rsquo;y reconna\u00eetre.<\/p>\n","protected":false},"excerpt":{"rendered":"<p>Pourquoi nous repentir? Parce que par le repentir, le serviteur revient \u00e0 la voie de la rectitude. En nous repentant nous ob\u00e9issons \u00e0 l&rsquo;ordre d&rsquo;Allah, nous fuyons l&rsquo;injustice vers la r\u00e9ussite et nous recherchons le bonheur. En nous repentant nous fuyons le tourment, la m\u00e9lancolie d&rsquo;\u00eatre loin d&rsquo;Allah et le voile qui se met entre lui et le p\u00e9cheur. Qu&rsquo;est-ce qui nous retient de nous repentir? Le premier obstacle est l&rsquo;attachement du c\u0153ur au p\u00e9ch\u00e9 qui nous emp\u00eache de d\u00e9serter les lieux de d\u00e9bauche, de changer de fr\u00e9quentation, de regretter sinc\u00e8rement et d&rsquo;avoir du d\u00e9go\u00fbt pour ce qui est prohib\u00e9. Le deuxi\u00e8me obstacle est le fait de trouver le repentir lourd et l&rsquo;engagement difficile, puis viennent les excuses et les pr\u00e9textes. On trouve aussi le fait de s&rsquo;illusionner sur soi-m\u00eame lorsqu\u2019on jouit de la couverture d&rsquo;Allah et de Ses bienfaits incessants. Nous trouvons aussi comme obstacle le fait que le p\u00e9ch\u00e9 soit li\u00e9 \u00e0 des lois que le p\u00e9cheur redoute s&rsquo;il se repent. Par quoi devons-nous alors commencer? D\u00e9butons par l&rsquo;exhortation de notre \u00e2me, lui faire des reproches et l&rsquo;\u00e9pouvanter, l\u2019\u00e9loigner de tout ce qui est propice au p\u00e9ch\u00e9, la soigner pat le je\u00fbne, la priver d&rsquo;une pat de repos, \u00e9lever \u00e0 ses yeux les hommes \u00e9minents de l&rsquo;au-del\u00e0, d\u00e9molir ces idoles que sont les passions, etc.;L&rsquo;auteur d\u00e9taille ensuite la question des piliers du repentir, notamment la question du regret dont il d\u00e9veloppe \u00e0 merveille les causes et les aspects et il ajoute sous ce chapitre un d\u00e9tail qu&rsquo;on trouve rarement dans les livres sur le repentir, \u00e0 savoir les moyens de pr\u00e9server ce repentir, \u00e0 travers l&rsquo;entretien de pudeur, de la noblesse de l&rsquo;\u00e2me, de la prise de conscience des mauvaises r\u00e9percussion du p\u00e9ch\u00e9, etc. Enfin, il \u00e9num\u00e8re les signes du repentir accept\u00e9 par Allah, tout cela dans un discours simple, charg\u00e9 d&rsquo;\u00e9motions et de compassion, riche en arguments et qui s&rsquo;inspire de la r\u00e9alit\u00e9, on peut facilement s&rsquo;y reconna\u00eetre.<\/p>\n","protected":false},"featured_media":37144,"comment_status":"open","ping_status":"closed","template":"","meta":[],"product_brand":[],"product_cat":[1921,1898],"product_tag":[],"class_list":{"0":"post-34585","1":"product","2":"type-product","3":"status-publish","4":"has-post-thumbnail","6":"product_cat-exhortation","7":"product_cat-pratique-religieuse","8":"pa_annee-381","9":"pa_auteur-chaykh-husayn-yaqub","10":"pa_editeur-almadina-editions","11":"pa_langue-francais","12":"pa_nombre-de-pages-438","13":"pa_reliure-souple","15":"first","16":"outofstock","17":"shipping-taxable","18":"purchasable","19":"product-type-simple"},"_links":{"self":[{"href":"https:\/\/lamaktaba.fr\/index.php\/wp-json\/wp\/v2\/product\/34585","targetHints":{"allow":["GET"]}}],"collection":[{"href":"https:\/\/lamaktaba.fr\/index.php\/wp-json\/wp\/v2\/product"}],"about":[{"href":"https:\/\/lamaktaba.fr\/index.php\/wp-json\/wp\/v2\/types\/product"}],"replies":[{"embeddable":true,"href":"https:\/\/lamaktaba.fr\/index.php\/wp-json\/wp\/v2\/comments?post=34585"}],"wp:featuredmedia":[{"embeddable":true,"href":"https:\/\/lamaktaba.fr\/index.php\/wp-json\/wp\/v2\/media\/37144"}],"wp:attachment":[{"href":"https:\/\/lamaktaba.fr\/index.php\/wp-json\/wp\/v2\/media?parent=34585"}],"wp:term":[{"taxonomy":"product_brand","embeddable":true,"href":"https:\/\/lamaktaba.fr\/index.php\/wp-json\/wp\/v2\/product_brand?post=34585"},{"taxonomy":"product_cat","embeddable":true,"href":"https:\/\/lamaktaba.fr\/index.php\/wp-json\/wp\/v2\/product_cat?post=34585"},{"taxonomy":"product_tag","embeddable":true,"href":"https:\/\/lamaktaba.fr\/index.php\/wp-json\/wp\/v2\/product_tag?post=34585"}],"curies":[{"name":"wp","href":"https:\/\/api.w.org\/{rel}","templated":true}]}}