{"id":34584,"date":"2020-10-18T16:05:53","date_gmt":"2020-10-18T14:05:53","guid":{"rendered":"https:\/\/lamaktaba.fr\/index.php\/produit\/la-voie-du-musulman-minhaj-al-moslim-nouvelle-edition-cheikh-aboubaker-djaber-eldjazairi-traduction-moktar-chakroun\/"},"modified":"2025-04-01T12:45:44","modified_gmt":"2025-04-01T10:45:44","slug":"la-voie-du-musulman-minhaj-al-moslim-nouvelle-edition-cheikh-aboubaker-djaber-eldjazairi-traduction-moktar-chakroun","status":"publish","type":"product","link":"https:\/\/lamaktaba.fr\/index.php\/produit\/la-voie-du-musulman-minhaj-al-moslim-nouvelle-edition-cheikh-aboubaker-djaber-eldjazairi-traduction-moktar-chakroun","title":{"rendered":"La voie du musulman &#8211; format poche (17X12 cm) &#8211; fran\u00e7ais d&rsquo;apr\u00e8s Abu Bakr Al-Jazairi"},"content":{"rendered":"<p>La voie du musulman par Sheikh Ab\u00fb Bakr Al-Jaz\u00e2`ir\u00ee;Minh\u00e2j\u00a0\u00bb Al-Muslim\u00a0\u00bb (La voie du musulman) comprend cinq parties, chacune se composant de plusieurs chapitres. La premi\u00e8re est consacr\u00e9e \u00e0 la foi, la deuxi\u00e8me au comportement, la troisi\u00e8me \u00e0 l&rsquo;\u00e9thique, la quatri\u00e8me aux pratiques religieuses, et la cinqui\u00e8me aux rapports sociaux. Il englobe ainsi les fondements et les branches de la religion musulmane.;D\u00e9crivant la m\u00e9thode qu&rsquo;il suivie en composant son livre, le Sheikh Ab\u00fb Bakr AL-Jaz\u00e2`iri &#8211; que Dieu l&rsquo;ait en sa mis\u00e9ricorde &#8211; dit: \u00a0\u00bb J&rsquo;ai suivi, avec l&rsquo;assistance de Dieu, la bonne voie. Ainsi sans les chapitres relatifs au dogme, je n&rsquo;ai pas d\u00e9vi\u00e9 des pr\u00e9ceptes des Anciens qui ont la probation unanime de la Communaut\u00e9.;Celui qui sien ce dogme est s\u00fbr d&rsquo;obtenir le salut, car il est le dogme auquel adh\u00e9rait le Proph\u00e8te (sws), ainsi que ses Compagnons et leurs successeurs. Ce dogme est \u00e9galement en ad\u00e9quation avec la nature primordiale et la religion pure apport\u00e9e pat tous les Proph\u00e8tes et pour laquelle les livres ont \u00e9t\u00e9 r\u00e9v\u00e9l\u00e9s.te; Dans la parie r\u00e9serv\u00e9e \u00e0 la jurisprudence b- pratiques religieuses et rapports sociaux-, j&rsquo;ai fait de mon mieux pour rechercher l&rsquo;avis le plus juste et le plus valide dans les \u0153uvres des illustres imams (Ab\u00fb Han\u00eefa, M\u00e2lik, Ash-Sh\u00e2fi`\u00ee et Ahmad, Dieu leur accorde sa mis\u00e9ricorde) toutes les fois qu&rsquo;il s&rsquo;agissait d&rsquo;une question qui ne s&rsquo;appuyait pas sur un texte explicite ou sur un argument manifeste dans le Livre de Dieu et dans la Sunna de Son Envoy\u00e9.;Ainsi, tout musulman qui suit les enseignements expos\u00e9s dans ce livre est, sans aucun doute, s\u00fbr de se conformer \u00e0 la loi divine. Mon dessein et de r\u00e9unir dans une seule voie, nos fr\u00e8res pour qu&rsquo;ils constituent une unit\u00e9 o\u00f9 concordent leurs id\u00e9es, communient leurs \u00e2mes, et interagissent leurs sentiments.<\/p>\n","protected":false},"excerpt":{"rendered":"<p>La voie du musulman par Sheikh Ab\u00fb Bakr Al-Jaz\u00e2`ir\u00ee;Minh\u00e2j\u00a0\u00bb Al-Muslim\u00a0\u00bb (La voie du musulman) comprend cinq parties, chacune se composant de plusieurs chapitres. La premi\u00e8re est consacr\u00e9e \u00e0 la foi, la deuxi\u00e8me au comportement, la troisi\u00e8me \u00e0 l&rsquo;\u00e9thique, la quatri\u00e8me aux pratiques religieuses, et la cinqui\u00e8me aux rapports sociaux. Il englobe ainsi les fondements et les branches de la religion musulmane.;D\u00e9crivant la m\u00e9thode qu&rsquo;il suivie en composant son livre, le Sheikh Ab\u00fb Bakr AL-Jaz\u00e2`iri &#8211; que Dieu l&rsquo;ait en sa mis\u00e9ricorde &#8211; dit: \u00a0\u00bb J&rsquo;ai suivi, avec l&rsquo;assistance de Dieu, la bonne voie. Ainsi sans les chapitres relatifs au dogme, je n&rsquo;ai pas d\u00e9vi\u00e9 des pr\u00e9ceptes des Anciens qui ont la probation unanime de la Communaut\u00e9.;Celui qui sien ce dogme est s\u00fbr d&rsquo;obtenir le salut, car il est le dogme auquel adh\u00e9rait le Proph\u00e8te (sws), ainsi que ses Compagnons et leurs successeurs. Ce dogme est \u00e9galement en ad\u00e9quation avec la nature primordiale et la religion pure apport\u00e9e pat tous les Proph\u00e8tes et pour laquelle les livres ont \u00e9t\u00e9 r\u00e9v\u00e9l\u00e9s.te; Dans la parie r\u00e9serv\u00e9e \u00e0 la jurisprudence b- pratiques religieuses et rapports sociaux-, j&rsquo;ai fait de mon mieux pour rechercher l&rsquo;avis le plus juste et le plus valide dans les \u0153uvres des illustres imams (Ab\u00fb Han\u00eefa, M\u00e2lik, Ash-Sh\u00e2fi`\u00ee et Ahmad, Dieu leur accorde sa mis\u00e9ricorde) toutes les fois qu&rsquo;il s&rsquo;agissait d&rsquo;une question qui ne s&rsquo;appuyait pas sur un texte explicite ou sur un argument manifeste dans le Livre de Dieu et dans la Sunna de Son Envoy\u00e9.;Ainsi, tout musulman qui suit les enseignements expos\u00e9s dans ce livre est, sans aucun doute, s\u00fbr de se conformer \u00e0 la loi divine. Mon dessein et de r\u00e9unir dans une seule voie, nos fr\u00e8res pour qu&rsquo;ils constituent une unit\u00e9 o\u00f9 concordent leurs id\u00e9es, communient leurs \u00e2mes, et interagissent leurs sentiments.<\/p>\n","protected":false},"featured_media":37533,"comment_status":"open","ping_status":"closed","template":"","meta":[],"product_brand":[],"product_cat":[15],"product_tag":[],"class_list":{"0":"post-34584","1":"product","2":"type-product","3":"status-publish","4":"has-post-thumbnail","6":"product_cat-non-classe","7":"pa_auteur-sheikh-abu-bakr-al-jazairi","8":"pa_editeur-maison-dennour-editions-2","9":"pa_format-17-x-12-cm","10":"pa_langue-francais","11":"pa_nombre-de-pages-1006","12":"pa_reliure-souple","14":"first","15":"outofstock","16":"shipping-taxable","17":"purchasable","18":"product-type-simple"},"_links":{"self":[{"href":"https:\/\/lamaktaba.fr\/index.php\/wp-json\/wp\/v2\/product\/34584","targetHints":{"allow":["GET"]}}],"collection":[{"href":"https:\/\/lamaktaba.fr\/index.php\/wp-json\/wp\/v2\/product"}],"about":[{"href":"https:\/\/lamaktaba.fr\/index.php\/wp-json\/wp\/v2\/types\/product"}],"replies":[{"embeddable":true,"href":"https:\/\/lamaktaba.fr\/index.php\/wp-json\/wp\/v2\/comments?post=34584"}],"wp:featuredmedia":[{"embeddable":true,"href":"https:\/\/lamaktaba.fr\/index.php\/wp-json\/wp\/v2\/media\/37533"}],"wp:attachment":[{"href":"https:\/\/lamaktaba.fr\/index.php\/wp-json\/wp\/v2\/media?parent=34584"}],"wp:term":[{"taxonomy":"product_brand","embeddable":true,"href":"https:\/\/lamaktaba.fr\/index.php\/wp-json\/wp\/v2\/product_brand?post=34584"},{"taxonomy":"product_cat","embeddable":true,"href":"https:\/\/lamaktaba.fr\/index.php\/wp-json\/wp\/v2\/product_cat?post=34584"},{"taxonomy":"product_tag","embeddable":true,"href":"https:\/\/lamaktaba.fr\/index.php\/wp-json\/wp\/v2\/product_tag?post=34584"}],"curies":[{"name":"wp","href":"https:\/\/api.w.org\/{rel}","templated":true}]}}