{"id":34581,"date":"2020-10-18T16:05:51","date_gmt":"2020-10-18T14:05:51","guid":{"rendered":"https:\/\/lamaktaba.fr\/index.php\/produit\/la-comprehension-des-finalites-de-la-sharia-yusuf-al-qaradawi\/"},"modified":"2025-04-01T12:45:26","modified_gmt":"2025-04-01T10:45:26","slug":"la-comprehension-des-finalites-de-la-sharia-yusuf-al-qaradawi","status":"publish","type":"product","link":"https:\/\/lamaktaba.fr\/index.php\/produit\/la-comprehension-des-finalites-de-la-sharia-yusuf-al-qaradawi","title":{"rendered":"La compr\u00e9hension des finalit\u00e9s de la Shar\u00ee\u2018a &#8211; Y\u00fbsuf Al-Qaradawi"},"content":{"rendered":"<p>Par l\u2019expression maq\u00e2sid ash-shar\u00ee\u2018a (finalit\u00e9s de la Shar\u00ee\u2018a), on entend: les buts que visent les Textes au travers des ordres, des interdits et des permissions qu\u2019ils \u00e9noncent de m\u00eame que les objectifs que les pr\u00e9ceptes annexes (ahk\u00e2m juz\u2019iyya) se fixent concernant l\u2019individu, la famille, la soci\u00e9t\u00e9 et la communaut\u00e9. On peut aussi d\u00e9finir ces finalit\u00e9s comme d\u00e9signant la sagesse (hikma) qui se cache derri\u00e8re les pr\u00e9ceptes de la loi. En effet, derri\u00e8re chaque pr\u00e9cepte que Dieu a \u00e9dict\u00e9 \u00e0 l\u2019attention de Ses serviteurs, il y a une sagesse, que certains percevront et d\u2019autres non. Dieu est trop pur pour \u00e9dicter un pr\u00e9cepte gratuit,sans raison particuli\u00e8re ou contraire \u00e0 la sagesse.<br \/>\nLes finalit\u00e9s de la Shar\u00ee\u2018a<br \/>\n&#8211; soit en examinant les Textes du Coran et de la Sunna qui sont motiv\u00e9s par les causes (ta\u2018l\u00eel) des lois qu\u2019ils contiennent, pour en tirer des finalit\u00e9s et des objectifs.<br \/>\n&#8211; soit en faisant le compte des pr\u00e9ceptes accessoires de la loi (al-ahk\u00e2m al-juz\u2019iyya), en m\u00e9ditant leur sens et en les r\u00e9unissant les uns aux autres afin de percer la ou les finalit\u00e9s essentielles lorsque le L\u00e9gislateur qui les a mis en exergue les a \u00e9dict\u00e9s.<\/p>\n","protected":false},"excerpt":{"rendered":"<p>Par l\u2019expression maq\u00e2sid ash-shar\u00ee\u2018a (finalit\u00e9s de la Shar\u00ee\u2018a), on entend: les buts que visent les Textes au travers des ordres, des interdits et des permissions qu\u2019ils \u00e9noncent de m\u00eame que les objectifs que les pr\u00e9ceptes annexes (ahk\u00e2m juz\u2019iyya) se fixent concernant l\u2019individu, la famille, la soci\u00e9t\u00e9 et la communaut\u00e9. On peut aussi d\u00e9finir ces finalit\u00e9s comme d\u00e9signant la sagesse (hikma) qui se cache derri\u00e8re les pr\u00e9ceptes de la loi. En effet, derri\u00e8re chaque pr\u00e9cepte que Dieu a \u00e9dict\u00e9 \u00e0 l\u2019attention de Ses serviteurs, il y a une sagesse, que certains percevront et d\u2019autres non. Dieu est trop pur pour \u00e9dicter un pr\u00e9cepte gratuit,sans raison particuli\u00e8re ou contraire \u00e0 la sagesse.<br \/>\nLes finalit\u00e9s de la Shar\u00ee\u2018a<br \/>\n&#8211; soit en examinant les Textes du Coran et de la Sunna qui sont motiv\u00e9s par les causes (ta\u2018l\u00eel) des lois qu\u2019ils contiennent, pour en tirer des finalit\u00e9s et des objectifs.<br \/>\n&#8211; soit en faisant le compte des pr\u00e9ceptes accessoires de la loi (al-ahk\u00e2m al-juz\u2019iyya), en m\u00e9ditant leur sens et en les r\u00e9unissant les uns aux autres afin de percer la ou les finalit\u00e9s essentielles lorsque le L\u00e9gislateur qui les a mis en exergue les a \u00e9dict\u00e9s.<\/p>\n","protected":false},"featured_media":34765,"comment_status":"open","ping_status":"closed","template":"","meta":[],"product_brand":[],"product_cat":[15],"product_tag":[],"class_list":{"0":"post-34581","1":"product","2":"type-product","3":"status-publish","4":"has-post-thumbnail","6":"product_cat-non-classe","7":"pa_auteur-yusuf-al-qaradawi","8":"pa_editeur-ennour","10":"first","11":"instock","12":"shipping-taxable","13":"purchasable","14":"product-type-simple"},"_links":{"self":[{"href":"https:\/\/lamaktaba.fr\/index.php\/wp-json\/wp\/v2\/product\/34581","targetHints":{"allow":["GET"]}}],"collection":[{"href":"https:\/\/lamaktaba.fr\/index.php\/wp-json\/wp\/v2\/product"}],"about":[{"href":"https:\/\/lamaktaba.fr\/index.php\/wp-json\/wp\/v2\/types\/product"}],"replies":[{"embeddable":true,"href":"https:\/\/lamaktaba.fr\/index.php\/wp-json\/wp\/v2\/comments?post=34581"}],"wp:featuredmedia":[{"embeddable":true,"href":"https:\/\/lamaktaba.fr\/index.php\/wp-json\/wp\/v2\/media\/34765"}],"wp:attachment":[{"href":"https:\/\/lamaktaba.fr\/index.php\/wp-json\/wp\/v2\/media?parent=34581"}],"wp:term":[{"taxonomy":"product_brand","embeddable":true,"href":"https:\/\/lamaktaba.fr\/index.php\/wp-json\/wp\/v2\/product_brand?post=34581"},{"taxonomy":"product_cat","embeddable":true,"href":"https:\/\/lamaktaba.fr\/index.php\/wp-json\/wp\/v2\/product_cat?post=34581"},{"taxonomy":"product_tag","embeddable":true,"href":"https:\/\/lamaktaba.fr\/index.php\/wp-json\/wp\/v2\/product_tag?post=34581"}],"curies":[{"name":"wp","href":"https:\/\/api.w.org\/{rel}","templated":true}]}}