{"id":34580,"date":"1970-01-01T00:00:00","date_gmt":"1969-12-31T23:00:00","guid":{"rendered":"https:\/\/lamaktaba.fr\/index.php\/produit\/savon-naturel-a-lhuile-dolive-pure-pour-visage-corps-et-cheveux-cosmolive-100-g\/"},"modified":"2025-04-01T12:43:19","modified_gmt":"2025-04-01T10:43:19","slug":"savon-naturel-a-lhuile-dolive-pure-pour-visage-corps-et-cheveux-cosmolive-100-g","status":"publish","type":"product","link":"https:\/\/lamaktaba.fr\/index.php\/produit\/savon-naturel-a-lhuile-dolive-pure-pour-visage-corps-et-cheveux-cosmolive-100-g","title":{"rendered":"Savon naturel \u00e0 l&rsquo;Huile d&rsquo;Olive Pure pour visage, corps et cheveux &#8211; Cosmolive &#8211; 100 g"},"content":{"rendered":"<p>Savon \u00e0 l&rsquo;huile d&rsquo;olive pure;Savon naturel \u00e0 l&rsquo;huile d&rsquo;olive pure pour visage, corps et cheveux &#8211; Cosmolive &#8211; 100 g;Un savon naturel doux et onctueux, au parfum captivant, qui nettoie en douceur le corps et les cheveux, en les laissant d\u00e9licatement parfum\u00e9s d\u2019une senteur envo\u00fbtante.;Les ingr\u00e9dients sp\u00e9ciaux de l&rsquo;huile contribuent \u00e0 renforcer les follicules et les cheveux. Lorsqu&rsquo;il est utilis\u00e9 r\u00e9guli\u00e8rement, vos cheveux sont plus clairs et plus brillants. Vous pouvez l&rsquo;utiliser en toute s\u00e9curit\u00e9 dans votre visage et dans votre corps entier.;Format compacte et solide: ne coule pas. Savon tout-en-un id\u00e9al pour le voyage.;Attention: pour une utilisation externe uniquement. Tenir hors de la port\u00e9e des enfants.;Marque COSMOLIVE R\u00e9f\u00e9rence 8680168553581;Fiche technique SUPPORT: &#8211; Savon, Shampoing solide Condition: &#8211; Neuf Poids (kg): &#8211; 100 g EAN13: &#8211; 8680168553581;R\u00e9f\u00e9rences sp\u00e9cifiques;Donnez votre avis;Aucun commentaire pour le moment<\/p>\n","protected":false},"excerpt":{"rendered":"<p>Savon \u00e0 l&rsquo;huile d&rsquo;olive pure;Savon naturel \u00e0 l&rsquo;huile d&rsquo;olive pure pour visage, corps et cheveux &#8211; Cosmolive &#8211; 100 g;Un savon naturel doux et onctueux, au parfum captivant, qui nettoie en douceur le corps et les cheveux, en les laissant d\u00e9licatement parfum\u00e9s d\u2019une senteur envo\u00fbtante.;Les ingr\u00e9dients sp\u00e9ciaux de l&rsquo;huile contribuent \u00e0 renforcer les follicules et les cheveux. Lorsqu&rsquo;il est utilis\u00e9 r\u00e9guli\u00e8rement, vos cheveux sont plus clairs et plus brillants. Vous pouvez l&rsquo;utiliser en toute s\u00e9curit\u00e9 dans votre visage et dans votre corps entier.;Format compacte et solide: ne coule pas. Savon tout-en-un id\u00e9al pour le voyage.;Attention: pour une utilisation externe uniquement. Tenir hors de la port\u00e9e des enfants.;Marque COSMOLIVE R\u00e9f\u00e9rence 8680168553581;Fiche technique SUPPORT: &#8211; Savon, Shampoing solide Condition: &#8211; Neuf Poids (kg): &#8211; 100 g EAN13: &#8211; 8680168553581;R\u00e9f\u00e9rences sp\u00e9cifiques;Donnez votre avis;Aucun commentaire pour le moment<\/p>\n","protected":false},"featured_media":34761,"comment_status":"open","ping_status":"closed","template":"","meta":[],"product_brand":[],"product_cat":[130,406],"product_tag":[],"class_list":{"0":"post-34580","1":"product","2":"type-product","3":"status-publish","4":"has-post-thumbnail","6":"product_cat-cosmetique","7":"product_cat-savon-bio-cosmetique","8":"pa_editeur-cosmolive","10":"first","11":"outofstock","12":"shipping-taxable","13":"purchasable","14":"product-type-simple"},"_links":{"self":[{"href":"https:\/\/lamaktaba.fr\/index.php\/wp-json\/wp\/v2\/product\/34580","targetHints":{"allow":["GET"]}}],"collection":[{"href":"https:\/\/lamaktaba.fr\/index.php\/wp-json\/wp\/v2\/product"}],"about":[{"href":"https:\/\/lamaktaba.fr\/index.php\/wp-json\/wp\/v2\/types\/product"}],"replies":[{"embeddable":true,"href":"https:\/\/lamaktaba.fr\/index.php\/wp-json\/wp\/v2\/comments?post=34580"}],"wp:featuredmedia":[{"embeddable":true,"href":"https:\/\/lamaktaba.fr\/index.php\/wp-json\/wp\/v2\/media\/34761"}],"wp:attachment":[{"href":"https:\/\/lamaktaba.fr\/index.php\/wp-json\/wp\/v2\/media?parent=34580"}],"wp:term":[{"taxonomy":"product_brand","embeddable":true,"href":"https:\/\/lamaktaba.fr\/index.php\/wp-json\/wp\/v2\/product_brand?post=34580"},{"taxonomy":"product_cat","embeddable":true,"href":"https:\/\/lamaktaba.fr\/index.php\/wp-json\/wp\/v2\/product_cat?post=34580"},{"taxonomy":"product_tag","embeddable":true,"href":"https:\/\/lamaktaba.fr\/index.php\/wp-json\/wp\/v2\/product_tag?post=34580"}],"curies":[{"name":"wp","href":"https:\/\/api.w.org\/{rel}","templated":true}]}}