{"id":34577,"date":"2020-10-18T16:05:46","date_gmt":"2020-10-18T14:05:46","guid":{"rendered":"https:\/\/lamaktaba.fr\/index.php\/produit\/arc-en-ciel-volume-4-9-10-ans-manuel-denseignement-pedagogique-des-bases-de-lislam-nouvelle-version-revue-et-augmentee\/"},"modified":"2025-04-01T12:44:18","modified_gmt":"2025-04-01T10:44:18","slug":"arc-en-ciel-volume-4-9-10-ans-manuel-denseignement-pedagogique-des-bases-de-lislam-nouvelle-version-revue-et-augmentee","status":"publish","type":"product","link":"https:\/\/lamaktaba.fr\/index.php\/produit\/arc-en-ciel-volume-4-9-10-ans-manuel-denseignement-pedagogique-des-bases-de-lislam-nouvelle-version-revue-et-augmentee","title":{"rendered":"Arc-En-Ciel &#8211; Volume 4 (9-10 ans): Manuel d&rsquo;Enseignement P\u00e9dagogique des Bases de l&rsquo;Islam &#8211; Nouvelle version Revue et augment\u00e9e"},"content":{"rendered":"<p>L&rsquo;\u00e9ducation des enfants est primordiale, c&rsquo;est un fait ind\u00e9niable. Or, l&rsquo;ordre divin \u00e0 ce propos rend l&rsquo;affaire encore plus essentielle. Chaque parent doit se soucier de cette \u00e9ducation, de m\u00eame que tout instituteur. Mais le probl\u00e8me est de trouver une m\u00e9thode adapt\u00e9e aux enfants afin de leur faire comprendre simplement ce qui peut s&rsquo;av\u00e9rer \u00eatre parfois tr\u00e8s complexe \u00e0 expliquer, que se soit au niveau des r\u00e8gles fondamentales de la vie ou des principes premiers de la religion.<br \/>Il peut en r\u00e9sulter soit une incompr\u00e9hension totale des sujets abord\u00e9s par les parents ou les instituteurs, soit une compr\u00e9hension partielle mais accompagn\u00e9e d&rsquo;une autre \u00e9rron\u00e9e due \u00e0 une explication inadapt\u00e9e, voire m\u00eame l&rsquo;abandon pur et simple de suujets essentiels trop complexes \u00e0 develloper, ce qui est un \u00e9chec dans l&rsquo;effort didactique. Ainsi, la r\u00e9ussite d&rsquo;un programme \u00e9ducatif ne d\u00e9pend pas seulement de sa valeur scientifique mais bien de la p\u00e9dagogie appliqu\u00e9e, des efforts de l&rsquo;enseignant et du travail de l&rsquo;\u00e9l\u00e8ve.<br \/>Voila pourquoi les \u00e9ditions al-hadith vous pr\u00e9sentent leur humble contribution dans ce domaine dont les fruits m\u00fbriront, nous l&rsquo;esp\u00e9rons, tel un \u00ab\u00a0Arc-en-Ciel\u00a0\u00bb. Il s&rsquo;agit de manuels d&rsquo;enseignement p\u00e9dagogique des bases de la religion islamique. Les diff\u00e9rents niveaux sont adapt\u00e9s au niveau scolaire de l&rsquo;enfant&#8230;<\/p>\n","protected":false},"excerpt":{"rendered":"<p>L&rsquo;\u00e9ducation des enfants est primordiale, c&rsquo;est un fait ind\u00e9niable. Or, l&rsquo;ordre divin \u00e0 ce propos rend l&rsquo;affaire encore plus essentielle. Chaque parent doit se soucier de cette \u00e9ducation, de m\u00eame que tout instituteur. Mais le probl\u00e8me est de trouver une m\u00e9thode adapt\u00e9e aux enfants afin de leur faire comprendre simplement ce qui peut s&rsquo;av\u00e9rer \u00eatre parfois tr\u00e8s complexe \u00e0 expliquer, que se soit au niveau des r\u00e8gles fondamentales de la vie ou des principes premiers de la religion.<br \/>Il peut en r\u00e9sulter soit une incompr\u00e9hension totale des sujets abord\u00e9s par les parents ou les instituteurs, soit une compr\u00e9hension partielle mais accompagn\u00e9e d&rsquo;une autre \u00e9rron\u00e9e due \u00e0 une explication inadapt\u00e9e, voire m\u00eame l&rsquo;abandon pur et simple de suujets essentiels trop complexes \u00e0 develloper, ce qui est un \u00e9chec dans l&rsquo;effort didactique. Ainsi, la r\u00e9ussite d&rsquo;un programme \u00e9ducatif ne d\u00e9pend pas seulement de sa valeur scientifique mais bien de la p\u00e9dagogie appliqu\u00e9e, des efforts de l&rsquo;enseignant et du travail de l&rsquo;\u00e9l\u00e8ve.<br \/>Voila pourquoi les \u00e9ditions al-hadith vous pr\u00e9sentent leur humble contribution dans ce domaine dont les fruits m\u00fbriront, nous l&rsquo;esp\u00e9rons, tel un \u00ab\u00a0Arc-en-Ciel\u00a0\u00bb. Il s&rsquo;agit de manuels d&rsquo;enseignement p\u00e9dagogique des bases de la religion islamique. Les diff\u00e9rents niveaux sont adapt\u00e9s au niveau scolaire de l&rsquo;enfant&#8230;<\/p>\n","protected":false},"featured_media":34749,"comment_status":"open","ping_status":"closed","template":"","meta":[],"product_brand":[],"product_cat":[1910],"product_tag":[],"class_list":{"0":"post-34577","1":"product","2":"type-product","3":"status-publish","4":"has-post-thumbnail","6":"product_cat-education","7":"pa_editeur-al-hadith","9":"first","10":"outofstock","11":"shipping-taxable","12":"purchasable","13":"product-type-simple"},"_links":{"self":[{"href":"https:\/\/lamaktaba.fr\/index.php\/wp-json\/wp\/v2\/product\/34577","targetHints":{"allow":["GET"]}}],"collection":[{"href":"https:\/\/lamaktaba.fr\/index.php\/wp-json\/wp\/v2\/product"}],"about":[{"href":"https:\/\/lamaktaba.fr\/index.php\/wp-json\/wp\/v2\/types\/product"}],"replies":[{"embeddable":true,"href":"https:\/\/lamaktaba.fr\/index.php\/wp-json\/wp\/v2\/comments?post=34577"}],"wp:featuredmedia":[{"embeddable":true,"href":"https:\/\/lamaktaba.fr\/index.php\/wp-json\/wp\/v2\/media\/34749"}],"wp:attachment":[{"href":"https:\/\/lamaktaba.fr\/index.php\/wp-json\/wp\/v2\/media?parent=34577"}],"wp:term":[{"taxonomy":"product_brand","embeddable":true,"href":"https:\/\/lamaktaba.fr\/index.php\/wp-json\/wp\/v2\/product_brand?post=34577"},{"taxonomy":"product_cat","embeddable":true,"href":"https:\/\/lamaktaba.fr\/index.php\/wp-json\/wp\/v2\/product_cat?post=34577"},{"taxonomy":"product_tag","embeddable":true,"href":"https:\/\/lamaktaba.fr\/index.php\/wp-json\/wp\/v2\/product_tag?post=34577"}],"curies":[{"name":"wp","href":"https:\/\/api.w.org\/{rel}","templated":true}]}}