{"id":34575,"date":"1970-01-01T00:00:00","date_gmt":"1969-12-31T23:00:00","guid":{"rendered":"https:\/\/lamaktaba.fr\/index.php\/produit\/sahih-al-adhkar-lauthentique-des-rappels-bilingue-francais-arabe-%d8%b5%d8%ad%d9%8a%d8%ad-%d8%a7%d9%84%d8%a3%d8%b0%d9%83%d8%a7%d8%b1-tirees-des-ouvrages-de-reference-du-sheikh-muhammad-nasir\/"},"modified":"2025-04-01T12:47:15","modified_gmt":"2025-04-01T10:47:15","slug":"sahih-al-adhkar-lauthentique-des-rappels-bilingue-francais-arabe-d8b5d8add98ad8ad-d8a7d984d8a3d8b0d983d8a7d8b1-tirees-des-ouvrages-de-reference-du-sheikh-muhammad-nasir","status":"publish","type":"product","link":"https:\/\/lamaktaba.fr\/index.php\/produit\/sahih-al-adhkar-lauthentique-des-rappels-bilingue-francais-arabe-d8b5d8add98ad8ad-d8a7d984d8a3d8b0d983d8a7d8b1-tirees-des-ouvrages-de-reference-du-sheikh-muhammad-nasir","title":{"rendered":"Sah\u00eeh Al-Adhk\u00e2r \u00ab\u00a0L&rsquo;Authentique des Rappels\u00a0\u00bb (Invocation &#038; Rappel Bilingue fran\u00e7ais-arabe) &#8211; \u0635\u062d\u064a\u062d \u0627\u0644\u0623\u0630\u0643\u0627\u0631 &#8211; Tir\u00e9es des ouvrages de r\u00e9f\u00e9rence du Sheikh Muhammad N\u00e2sir Ad-D\u00een Al-Alb\u00e2n\u00ee &#8211; Livre"},"content":{"rendered":"<p>Recueil d\u2019invocations authentiques (Sahih) tir\u00e9es des ouvrages de Cheikh Al-Alb\u00e2n\u00ee, qu\u2019Allah lui fasse mis\u00e9ricorde.;Retrouver dans ce livre une compilation d&rsquo;invocations (dou\u2019\u00e2s) et de rappels (adhk\u00e2r) abordant divers aspects de la vie quotidienne, tir\u00e9es des travaux d\u2019authentification effectu\u00e9s par cheikh Muhammad N\u00e2ssir ad-D\u00een Al-Alb\u00e2n\u00ee.;Ce livre existe \u00e9galement en version fran\u00e7ais-arabe-phon\u00e9tique.<\/p>\n","protected":false},"excerpt":{"rendered":"<p>Recueil d\u2019invocations authentiques (Sahih) tir\u00e9es des ouvrages de Cheikh Al-Alb\u00e2n\u00ee, qu\u2019Allah lui fasse mis\u00e9ricorde.;Retrouver dans ce livre une compilation d&rsquo;invocations (dou\u2019\u00e2s) et de rappels (adhk\u00e2r) abordant divers aspects de la vie quotidienne, tir\u00e9es des travaux d\u2019authentification effectu\u00e9s par cheikh Muhammad N\u00e2ssir ad-D\u00een Al-Alb\u00e2n\u00ee.;Ce livre existe \u00e9galement en version fran\u00e7ais-arabe-phon\u00e9tique.<\/p>\n","protected":false},"featured_media":34736,"comment_status":"open","ping_status":"closed","template":"","meta":[],"product_brand":[],"product_cat":[15],"product_tag":[],"class_list":{"0":"post-34575","1":"product","2":"type-product","3":"status-publish","4":"has-post-thumbnail","6":"product_cat-non-classe","7":"pa_annee-440","8":"pa_auteur-tirees-des-ouvrages-de-reference-du-sheikh-muhammad-nasir-ad-din-al-albani","9":"pa_code-produit-ref-6093","10":"pa_editeur-editions-al-haramayn","11":"pa_format-format-poche-8-x-115-cm-impression-en-deux-couleurs","12":"pa_langue-arabe-francais","13":"pa_nombre-de-pages-1062","15":"first","16":"outofstock","17":"shipping-taxable","18":"purchasable","19":"product-type-simple"},"_links":{"self":[{"href":"https:\/\/lamaktaba.fr\/index.php\/wp-json\/wp\/v2\/product\/34575","targetHints":{"allow":["GET"]}}],"collection":[{"href":"https:\/\/lamaktaba.fr\/index.php\/wp-json\/wp\/v2\/product"}],"about":[{"href":"https:\/\/lamaktaba.fr\/index.php\/wp-json\/wp\/v2\/types\/product"}],"replies":[{"embeddable":true,"href":"https:\/\/lamaktaba.fr\/index.php\/wp-json\/wp\/v2\/comments?post=34575"}],"wp:featuredmedia":[{"embeddable":true,"href":"https:\/\/lamaktaba.fr\/index.php\/wp-json\/wp\/v2\/media\/34736"}],"wp:attachment":[{"href":"https:\/\/lamaktaba.fr\/index.php\/wp-json\/wp\/v2\/media?parent=34575"}],"wp:term":[{"taxonomy":"product_brand","embeddable":true,"href":"https:\/\/lamaktaba.fr\/index.php\/wp-json\/wp\/v2\/product_brand?post=34575"},{"taxonomy":"product_cat","embeddable":true,"href":"https:\/\/lamaktaba.fr\/index.php\/wp-json\/wp\/v2\/product_cat?post=34575"},{"taxonomy":"product_tag","embeddable":true,"href":"https:\/\/lamaktaba.fr\/index.php\/wp-json\/wp\/v2\/product_tag?post=34575"}],"curies":[{"name":"wp","href":"https:\/\/api.w.org\/{rel}","templated":true}]}}