{"id":34573,"date":"2020-10-18T16:05:42","date_gmt":"2020-10-18T14:05:42","guid":{"rendered":"https:\/\/lamaktaba.fr\/index.php\/produit\/recits-coraniques-uniquement-pour-enfants-saniyasnain-khan\/"},"modified":"2025-04-01T12:47:14","modified_gmt":"2025-04-01T10:47:14","slug":"recits-coraniques-uniquement-pour-enfants-saniyasnain-khan","status":"publish","type":"product","link":"https:\/\/lamaktaba.fr\/index.php\/produit\/recits-coraniques-uniquement-pour-enfants-saniyasnain-khan","title":{"rendered":"R\u00e9cits Coraniques Uniquement pour Enfants &#8211; Saniyasnain Khan"},"content":{"rendered":"<p>Un Tr\u00e9sor d\u2019Histoires Extraites du Coran \u2013<br \/>pour les tout-petits (enfants \u00e2g\u00e9s de 4 ans et plus)<br \/>Voici quelques-unes des histoires les plus appr\u00e9ci\u00e9es du<br \/>Coran. Sp\u00e9cialement s\u00e9lectionn\u00e9es pour les plus jeunes, elles<br \/>offrent la base sur laquelle s\u2019\u00e9tablira une connaissance<br \/>solide et sans cesse d\u00e9velopp\u00e9e des \u00c9critures saintes.<br \/>C\u2019est l\u2019art de conter par excellence en utilisant les<br \/>expressions les plus simples. Tout en \u00e9tant faciles \u00e0<br \/>comprendre, ces histoires sont \u00e9galement amusantes \u00e0 lire<br \/>et \u00e0 partager avec les autres. Les illustrations color\u00e9es et<br \/>con\u00e7ues pour les enfants compl\u00e8tent le texte et donnent vie<br \/>aux histoires.<br \/>Sommaire<br \/>La Fortune de Q\u00e2r\u00fbn&#8230; 5<br \/>Les Dormants de la Caverne&#8230; 21<br \/>Les Magiciens de Pharaon&#8230; 41<br \/>Les Vertus des Croyants&#8230; 63<br \/>Un Miracle Unique&#8230; 79<br \/>Des Invit\u00e9s Honorables&#8230; 99<br \/>Le Proph\u00e8te Chu\u2018ayb et le Tremblement de Terre&#8230; 117<br \/>La Pri\u00e8re des Anges&#8230; 135<br \/>Le Proph\u00e8te Muhammad (S) et l\u2019Aveugle&#8230; 157<br \/>Les Pri\u00e8res des Voyageurs&#8230; 177<br \/>Des Rivi\u00e8res de Lait et de Miel&#8230; 197<br \/>Ramadan et le Coran&#8230; 217<\/p>\n","protected":false},"excerpt":{"rendered":"<p>Un Tr\u00e9sor d\u2019Histoires Extraites du Coran \u2013<br \/>pour les tout-petits (enfants \u00e2g\u00e9s de 4 ans et plus)<br \/>Voici quelques-unes des histoires les plus appr\u00e9ci\u00e9es du<br \/>Coran. Sp\u00e9cialement s\u00e9lectionn\u00e9es pour les plus jeunes, elles<br \/>offrent la base sur laquelle s\u2019\u00e9tablira une connaissance<br \/>solide et sans cesse d\u00e9velopp\u00e9e des \u00c9critures saintes.<br \/>C\u2019est l\u2019art de conter par excellence en utilisant les<br \/>expressions les plus simples. Tout en \u00e9tant faciles \u00e0<br \/>comprendre, ces histoires sont \u00e9galement amusantes \u00e0 lire<br \/>et \u00e0 partager avec les autres. Les illustrations color\u00e9es et<br \/>con\u00e7ues pour les enfants compl\u00e8tent le texte et donnent vie<br \/>aux histoires.<br \/>Sommaire<br \/>La Fortune de Q\u00e2r\u00fbn&#8230; 5<br \/>Les Dormants de la Caverne&#8230; 21<br \/>Les Magiciens de Pharaon&#8230; 41<br \/>Les Vertus des Croyants&#8230; 63<br \/>Un Miracle Unique&#8230; 79<br \/>Des Invit\u00e9s Honorables&#8230; 99<br \/>Le Proph\u00e8te Chu\u2018ayb et le Tremblement de Terre&#8230; 117<br \/>La Pri\u00e8re des Anges&#8230; 135<br \/>Le Proph\u00e8te Muhammad (S) et l\u2019Aveugle&#8230; 157<br \/>Les Pri\u00e8res des Voyageurs&#8230; 177<br \/>Des Rivi\u00e8res de Lait et de Miel&#8230; 197<br \/>Ramadan et le Coran&#8230; 217<\/p>\n","protected":false},"featured_media":34728,"comment_status":"open","ping_status":"closed","template":"","meta":[],"product_brand":[],"product_cat":[15],"product_tag":[],"class_list":{"0":"post-34573","1":"product","2":"type-product","3":"status-publish","4":"has-post-thumbnail","6":"product_cat-non-classe","7":"pa_auteur-saniyasnain-khan","8":"pa_editeur-orientica-goodword-books","10":"first","11":"outofstock","12":"shipping-taxable","13":"purchasable","14":"product-type-simple"},"_links":{"self":[{"href":"https:\/\/lamaktaba.fr\/index.php\/wp-json\/wp\/v2\/product\/34573","targetHints":{"allow":["GET"]}}],"collection":[{"href":"https:\/\/lamaktaba.fr\/index.php\/wp-json\/wp\/v2\/product"}],"about":[{"href":"https:\/\/lamaktaba.fr\/index.php\/wp-json\/wp\/v2\/types\/product"}],"replies":[{"embeddable":true,"href":"https:\/\/lamaktaba.fr\/index.php\/wp-json\/wp\/v2\/comments?post=34573"}],"wp:featuredmedia":[{"embeddable":true,"href":"https:\/\/lamaktaba.fr\/index.php\/wp-json\/wp\/v2\/media\/34728"}],"wp:attachment":[{"href":"https:\/\/lamaktaba.fr\/index.php\/wp-json\/wp\/v2\/media?parent=34573"}],"wp:term":[{"taxonomy":"product_brand","embeddable":true,"href":"https:\/\/lamaktaba.fr\/index.php\/wp-json\/wp\/v2\/product_brand?post=34573"},{"taxonomy":"product_cat","embeddable":true,"href":"https:\/\/lamaktaba.fr\/index.php\/wp-json\/wp\/v2\/product_cat?post=34573"},{"taxonomy":"product_tag","embeddable":true,"href":"https:\/\/lamaktaba.fr\/index.php\/wp-json\/wp\/v2\/product_tag?post=34573"}],"curies":[{"name":"wp","href":"https:\/\/api.w.org\/{rel}","templated":true}]}}