{"id":34572,"date":"2020-10-18T16:05:42","date_gmt":"2020-10-18T14:05:42","guid":{"rendered":"https:\/\/lamaktaba.fr\/index.php\/produit\/la-saveur-de-la-priere\/"},"modified":"2025-04-01T12:47:14","modified_gmt":"2025-04-01T10:47:14","slug":"la-saveur-de-la-priere","status":"publish","type":"product","link":"https:\/\/lamaktaba.fr\/index.php\/produit\/la-saveur-de-la-priere","title":{"rendered":"La saveur de la pri\u00e8re"},"content":{"rendered":"<p>Titre: La saveur de la pri\u00e8re;Auteur: Ibn al Qayyim Al Jawziyya;Edition: ALHADITH;Support: Livre;Theme: Piliers de L&rsquo;ISLAM;Description: La pri\u00e8re est ce moment privil\u00e9gi\u00e9 o\u00f9 le serviteur se retrouve en intimit\u00e9 avec son Cr\u00e9ateur. Cinq fois par jour, le Musulman part \u00e0 la rencontre de son Seigneur pour Le louer, Le glorifier, L&rsquo;invoquer et se prosterner devant Lui, en toute soumission et humilit\u00e9.<\/p>\n","protected":false},"excerpt":{"rendered":"<p>Titre: La saveur de la pri\u00e8re;Auteur: Ibn al Qayyim Al Jawziyya;Edition: ALHADITH;Support: Livre;Theme: Piliers de L&rsquo;ISLAM;Description: La pri\u00e8re est ce moment privil\u00e9gi\u00e9 o\u00f9 le serviteur se retrouve en intimit\u00e9 avec son Cr\u00e9ateur. Cinq fois par jour, le Musulman part \u00e0 la rencontre de son Seigneur pour Le louer, Le glorifier, L&rsquo;invoquer et se prosterner devant Lui, en toute soumission et humilit\u00e9.<\/p>\n","protected":false},"featured_media":34727,"comment_status":"open","ping_status":"closed","template":"","meta":[],"product_brand":[],"product_cat":[15],"product_tag":[],"class_list":{"0":"post-34572","1":"product","2":"type-product","3":"status-publish","4":"has-post-thumbnail","6":"product_cat-non-classe","7":"pa_editeur-alhadith-editions","9":"first","10":"outofstock","11":"shipping-taxable","12":"purchasable","13":"product-type-simple"},"_links":{"self":[{"href":"https:\/\/lamaktaba.fr\/index.php\/wp-json\/wp\/v2\/product\/34572","targetHints":{"allow":["GET"]}}],"collection":[{"href":"https:\/\/lamaktaba.fr\/index.php\/wp-json\/wp\/v2\/product"}],"about":[{"href":"https:\/\/lamaktaba.fr\/index.php\/wp-json\/wp\/v2\/types\/product"}],"replies":[{"embeddable":true,"href":"https:\/\/lamaktaba.fr\/index.php\/wp-json\/wp\/v2\/comments?post=34572"}],"wp:featuredmedia":[{"embeddable":true,"href":"https:\/\/lamaktaba.fr\/index.php\/wp-json\/wp\/v2\/media\/34727"}],"wp:attachment":[{"href":"https:\/\/lamaktaba.fr\/index.php\/wp-json\/wp\/v2\/media?parent=34572"}],"wp:term":[{"taxonomy":"product_brand","embeddable":true,"href":"https:\/\/lamaktaba.fr\/index.php\/wp-json\/wp\/v2\/product_brand?post=34572"},{"taxonomy":"product_cat","embeddable":true,"href":"https:\/\/lamaktaba.fr\/index.php\/wp-json\/wp\/v2\/product_cat?post=34572"},{"taxonomy":"product_tag","embeddable":true,"href":"https:\/\/lamaktaba.fr\/index.php\/wp-json\/wp\/v2\/product_tag?post=34572"}],"curies":[{"name":"wp","href":"https:\/\/api.w.org\/{rel}","templated":true}]}}