{"id":34571,"date":"1970-01-01T00:00:00","date_gmt":"1969-12-31T23:00:00","guid":{"rendered":"https:\/\/lamaktaba.fr\/index.php\/produit\/la-veritable-education-de-al-bukhari-al-adab-al-mufrad-fr-ar\/"},"modified":"2025-04-01T12:43:11","modified_gmt":"2025-04-01T10:43:11","slug":"la-veritable-education-de-al-bukhari-al-adab-al-mufrad-fr-ar","status":"publish","type":"product","link":"https:\/\/lamaktaba.fr\/index.php\/produit\/la-veritable-education-de-al-bukhari-al-adab-al-mufrad-fr-ar","title":{"rendered":"La v\u00e9ritable \u00e9ducation, de Al-Bukh\u00e2r\u00ee (Al-adab al-mufrad), (FR-AR)"},"content":{"rendered":"<p>La V\u00e9ritable Education (Al Adab Al Mufrad);Joyau de l\u2019islam;Al-adab al-mufrad de L\u2019imam al-Bukh\u00e2r\u00ee est un ouvrage exceptionnel, il est, par son contenu, l\u2019un des joyaux du tr\u00e9sor de l\u2019islam. En effet, il s\u2019agit de l\u2019\u00e9ducation enseign\u00e9e par le Proph\u00e8te, une \u00e9ducation fond\u00e9e sur les valeurs de justice et de respect.;Le Proph\u00e8te enseigne les principes moraux en insistant fortement sur les r\u00e8gles de conduite \u00e0 tenir dans la soci\u00e9t\u00e9, que ce soit avec les proches et les moins proches, les jeunes et les vieux, les croyants et les non croyants.;C\u2019est sur cet enseignement qu\u2019ont \u00e9t\u00e9 \u00e9duqu\u00e9s les Compagnons du Proph\u00e8te, une \u00e9ducation unique qui a fait d\u2019eux des \u00eatres exemplaires \u00e0 la conduite irr\u00e9prochable, faisant honneur \u00e0 l\u2019islam. C\u2019est \u00e0 un tel comportement que doit aspirer tout musulman, cependant on ne peut y parvenir que par l\u2019\u00e9tude des enseignements du Proph\u00e8te et par l\u2019effort et le travail sur soi.;Le Proph\u00e8te a dit: \u00ab Le croyant le plus complet dans la foi est celui qui poss\u00e8de le meilleur comportement.<\/p>\n","protected":false},"excerpt":{"rendered":"<p>La V\u00e9ritable Education (Al Adab Al Mufrad);Joyau de l\u2019islam;Al-adab al-mufrad de L\u2019imam al-Bukh\u00e2r\u00ee est un ouvrage exceptionnel, il est, par son contenu, l\u2019un des joyaux du tr\u00e9sor de l\u2019islam. En effet, il s\u2019agit de l\u2019\u00e9ducation enseign\u00e9e par le Proph\u00e8te, une \u00e9ducation fond\u00e9e sur les valeurs de justice et de respect.;Le Proph\u00e8te enseigne les principes moraux en insistant fortement sur les r\u00e8gles de conduite \u00e0 tenir dans la soci\u00e9t\u00e9, que ce soit avec les proches et les moins proches, les jeunes et les vieux, les croyants et les non croyants.;C\u2019est sur cet enseignement qu\u2019ont \u00e9t\u00e9 \u00e9duqu\u00e9s les Compagnons du Proph\u00e8te, une \u00e9ducation unique qui a fait d\u2019eux des \u00eatres exemplaires \u00e0 la conduite irr\u00e9prochable, faisant honneur \u00e0 l\u2019islam. C\u2019est \u00e0 un tel comportement que doit aspirer tout musulman, cependant on ne peut y parvenir que par l\u2019\u00e9tude des enseignements du Proph\u00e8te et par l\u2019effort et le travail sur soi.;Le Proph\u00e8te a dit: \u00ab Le croyant le plus complet dans la foi est celui qui poss\u00e8de le meilleur comportement.<\/p>\n","protected":false},"featured_media":34726,"comment_status":"open","ping_status":"closed","template":"","meta":[],"product_brand":[],"product_cat":[1944,1921],"product_tag":[],"class_list":{"0":"post-34571","1":"product","2":"type-product","3":"status-publish","4":"has-post-thumbnail","6":"product_cat-ethique","7":"product_cat-exhortation","8":"pa_annee-446","9":"pa_auteur-imam-al-bukhari","10":"pa_editeur-sana","11":"pa_format-17-x-24-cm","12":"pa_langue-francais-arabe","13":"pa_nombre-de-pages-517","14":"pa_reliure-rigide","16":"first","17":"outofstock","18":"shipping-taxable","19":"purchasable","20":"product-type-simple"},"_links":{"self":[{"href":"https:\/\/lamaktaba.fr\/index.php\/wp-json\/wp\/v2\/product\/34571","targetHints":{"allow":["GET"]}}],"collection":[{"href":"https:\/\/lamaktaba.fr\/index.php\/wp-json\/wp\/v2\/product"}],"about":[{"href":"https:\/\/lamaktaba.fr\/index.php\/wp-json\/wp\/v2\/types\/product"}],"replies":[{"embeddable":true,"href":"https:\/\/lamaktaba.fr\/index.php\/wp-json\/wp\/v2\/comments?post=34571"}],"wp:featuredmedia":[{"embeddable":true,"href":"https:\/\/lamaktaba.fr\/index.php\/wp-json\/wp\/v2\/media\/34726"}],"wp:attachment":[{"href":"https:\/\/lamaktaba.fr\/index.php\/wp-json\/wp\/v2\/media?parent=34571"}],"wp:term":[{"taxonomy":"product_brand","embeddable":true,"href":"https:\/\/lamaktaba.fr\/index.php\/wp-json\/wp\/v2\/product_brand?post=34571"},{"taxonomy":"product_cat","embeddable":true,"href":"https:\/\/lamaktaba.fr\/index.php\/wp-json\/wp\/v2\/product_cat?post=34571"},{"taxonomy":"product_tag","embeddable":true,"href":"https:\/\/lamaktaba.fr\/index.php\/wp-json\/wp\/v2\/product_tag?post=34571"}],"curies":[{"name":"wp","href":"https:\/\/api.w.org\/{rel}","templated":true}]}}