{"id":34568,"date":"2020-10-18T16:05:38","date_gmt":"2020-10-18T14:05:38","guid":{"rendered":"https:\/\/lamaktaba.fr\/index.php\/produit\/les-lumieres-de-la-priere-shaykh-farid-al-ansari\/"},"modified":"2025-04-01T12:46:12","modified_gmt":"2025-04-01T10:46:12","slug":"les-lumieres-de-la-priere-shaykh-farid-al-ansari","status":"publish","type":"product","link":"https:\/\/lamaktaba.fr\/index.php\/produit\/les-lumieres-de-la-priere-shaykh-farid-al-ansari","title":{"rendered":"Les lumi\u00e8res de la Pri\u00e8re (Kanad\u00eel A-Sal\u00e2t) par chaykh Dr Farid Al-Ans\u00e2r\u00ee"},"content":{"rendered":"<p>C&rsquo;est un voyage o\u00f9 les \u00ab lampes de la pri\u00e8re \u00bb te tiennent compagnie avec leurs lumi\u00e8res rayonnantes \u00e0 travers les stations de l&rsquo;adh\u00e2n (L&rsquo;appel \u00e0 la pri\u00e8re), du takb\u00eer pour entrer en pri\u00e8re -takb\u00eeratu al-ihr\u00e2m-, de la r\u00e9citation de la sourate de l&rsquo;Ouverture, de l&rsquo;inclination -ar-ruk\u00fb&rsquo;- de la prosternation -as-suj\u00fbd-&#8230;;L\u00e0-bas, cher ami, sous les cascades de la pri\u00e8re, tu peux te d\u00e9barrasser de tes maux et par sa porte verte, tu peux sortir de la grotte de ton \u00eatre vers le monde du bien et de la beaut\u00e9 et vers sa vaste \u00e9tendue.;Ouvrir le sanctuaire de la pri\u00e8re c&rsquo;est naviguer vers la station de lumi\u00e8re sur les voiliers de la paix en pratiquant les exercices des proph\u00e8tes et des v\u00e9ridiques. C&rsquo;est l\u00e0 o\u00f9 l&rsquo;\u00e2me s&rsquo;\u00e9panche dans toute sa splendeur sur l&rsquo;ensemble des organes du corps, allumant dans les ailes des lampes vertes qui remplissent le c\u0153ur de s\u00e9r\u00e9nit\u00e9 et d&rsquo;extases -maw\u00e2j\u00eed- et qui sont munies de halos de lumi\u00e8re qui te transportent vers la station du voisinage supr\u00eame, aupr\u00e8s du Roi sublime, l\u00e0 o\u00f9 la ros\u00e9e des gr\u00e2ces du salut soufflera: \u00bb Que le salut soit sur vous, ainsi que la mis\u00e9ricorde d&rsquo;Allah et ses b\u00e9n\u00e9dictions ! \u00bb (Salutation finale de la pri\u00e8re).;Tu retournes alors \u00e0 la terre plus pur que jamais, plus beau que tout et plus fort pour pouvoir traverser de part et d&rsquo;autre les temp\u00eates de l&rsquo;obscurit\u00e9. Il y a encore sur tes ailes une lumi\u00e8re c\u00e9leste qui ne cesse de puiser son huile d ale mishk\u00e2t (niche de lumi\u00e8re) d&rsquo;Allah \u00e0 chaque nouvelle apparition parmi les cinq apparitions de l&rsquo;astre brillant dans sa r\u00e9volution. Alors si tu veux entreprendre le voyage vers ton Bien-Aim\u00e9 (Allah), monte avec nous sur le vaisseau -Les Lumi\u00e8re de la Pri\u00e8re-.<\/p>\n","protected":false},"excerpt":{"rendered":"<p>C&rsquo;est un voyage o\u00f9 les \u00ab lampes de la pri\u00e8re \u00bb te tiennent compagnie avec leurs lumi\u00e8res rayonnantes \u00e0 travers les stations de l&rsquo;adh\u00e2n (L&rsquo;appel \u00e0 la pri\u00e8re), du takb\u00eer pour entrer en pri\u00e8re -takb\u00eeratu al-ihr\u00e2m-, de la r\u00e9citation de la sourate de l&rsquo;Ouverture, de l&rsquo;inclination -ar-ruk\u00fb&rsquo;- de la prosternation -as-suj\u00fbd-&#8230;;L\u00e0-bas, cher ami, sous les cascades de la pri\u00e8re, tu peux te d\u00e9barrasser de tes maux et par sa porte verte, tu peux sortir de la grotte de ton \u00eatre vers le monde du bien et de la beaut\u00e9 et vers sa vaste \u00e9tendue.;Ouvrir le sanctuaire de la pri\u00e8re c&rsquo;est naviguer vers la station de lumi\u00e8re sur les voiliers de la paix en pratiquant les exercices des proph\u00e8tes et des v\u00e9ridiques. C&rsquo;est l\u00e0 o\u00f9 l&rsquo;\u00e2me s&rsquo;\u00e9panche dans toute sa splendeur sur l&rsquo;ensemble des organes du corps, allumant dans les ailes des lampes vertes qui remplissent le c\u0153ur de s\u00e9r\u00e9nit\u00e9 et d&rsquo;extases -maw\u00e2j\u00eed- et qui sont munies de halos de lumi\u00e8re qui te transportent vers la station du voisinage supr\u00eame, aupr\u00e8s du Roi sublime, l\u00e0 o\u00f9 la ros\u00e9e des gr\u00e2ces du salut soufflera: \u00bb Que le salut soit sur vous, ainsi que la mis\u00e9ricorde d&rsquo;Allah et ses b\u00e9n\u00e9dictions ! \u00bb (Salutation finale de la pri\u00e8re).;Tu retournes alors \u00e0 la terre plus pur que jamais, plus beau que tout et plus fort pour pouvoir traverser de part et d&rsquo;autre les temp\u00eates de l&rsquo;obscurit\u00e9. Il y a encore sur tes ailes une lumi\u00e8re c\u00e9leste qui ne cesse de puiser son huile d ale mishk\u00e2t (niche de lumi\u00e8re) d&rsquo;Allah \u00e0 chaque nouvelle apparition parmi les cinq apparitions de l&rsquo;astre brillant dans sa r\u00e9volution. Alors si tu veux entreprendre le voyage vers ton Bien-Aim\u00e9 (Allah), monte avec nous sur le vaisseau -Les Lumi\u00e8re de la Pri\u00e8re-.<\/p>\n","protected":false},"featured_media":37141,"comment_status":"open","ping_status":"closed","template":"","meta":[],"product_brand":[],"product_cat":[1911,1912],"product_tag":[],"class_list":{"0":"post-34568","1":"product","2":"type-product","3":"status-publish","4":"has-post-thumbnail","6":"product_cat-les-cinqs-piliers-de-lislam","7":"product_cat-priere-salate","8":"pa_annee-381","9":"pa_auteur-dr-farid-al-ansari","10":"pa_editeur-almadina-editions","11":"pa_langue-francais","12":"pa_nombre-de-pages-721","13":"pa_reliure-souple","15":"first","16":"instock","17":"shipping-taxable","18":"purchasable","19":"product-type-simple"},"_links":{"self":[{"href":"https:\/\/lamaktaba.fr\/index.php\/wp-json\/wp\/v2\/product\/34568","targetHints":{"allow":["GET"]}}],"collection":[{"href":"https:\/\/lamaktaba.fr\/index.php\/wp-json\/wp\/v2\/product"}],"about":[{"href":"https:\/\/lamaktaba.fr\/index.php\/wp-json\/wp\/v2\/types\/product"}],"replies":[{"embeddable":true,"href":"https:\/\/lamaktaba.fr\/index.php\/wp-json\/wp\/v2\/comments?post=34568"}],"wp:featuredmedia":[{"embeddable":true,"href":"https:\/\/lamaktaba.fr\/index.php\/wp-json\/wp\/v2\/media\/37141"}],"wp:attachment":[{"href":"https:\/\/lamaktaba.fr\/index.php\/wp-json\/wp\/v2\/media?parent=34568"}],"wp:term":[{"taxonomy":"product_brand","embeddable":true,"href":"https:\/\/lamaktaba.fr\/index.php\/wp-json\/wp\/v2\/product_brand?post=34568"},{"taxonomy":"product_cat","embeddable":true,"href":"https:\/\/lamaktaba.fr\/index.php\/wp-json\/wp\/v2\/product_cat?post=34568"},{"taxonomy":"product_tag","embeddable":true,"href":"https:\/\/lamaktaba.fr\/index.php\/wp-json\/wp\/v2\/product_tag?post=34568"}],"curies":[{"name":"wp","href":"https:\/\/api.w.org\/{rel}","templated":true}]}}