{"id":34566,"date":"2020-10-18T16:05:37","date_gmt":"2020-10-18T14:05:37","guid":{"rendered":"https:\/\/lamaktaba.fr\/index.php\/produit\/les-40-hadiths-an-nawawi-bilingue-francais-arabe-couverture-bleue-limam-an-nawawi\/"},"modified":"2025-04-01T12:43:14","modified_gmt":"2025-04-01T10:43:14","slug":"les-40-hadiths-an-nawawi-bilingue-francais-arabe-couverture-bleue-limam-an-nawawi","status":"publish","type":"product","link":"https:\/\/lamaktaba.fr\/index.php\/produit\/les-40-hadiths-an-nawawi-bilingue-francais-arabe-couverture-bleue-limam-an-nawawi","title":{"rendered":"Les 40 hadiths an-Nawaw\u00ee (bilingue fran\u00e7ais\/arabe) &#8211; Couverture bleue &#8211; L\u2019im\u00e2m An-Nawaw\u00ee &#8211; Livre"},"content":{"rendered":"<p>Ce livre de l&rsquo;imam An-Nawaw\u00ee compte parmi les livres qui se sont amplement r\u00e9pandus et qui connurent une tr\u00e8s grande popularit\u00e9 chez les musulmans.;Ce livre comporte quarante-deux Hadiths, l&rsquo;imam AnNawaw\u00ee y a r\u00e9uni les points importants de la religion touchant aussi bien aux principes fondamentaux -al-us\u00fbl- qu&rsquo;aux applications pratiques -al-fur\u00fb&rsquo;-, il a dit \u00e0 propos de son opuscule: \u00ab Chaque Hadith qu&rsquo;il comporte est une r\u00e8gle fondamentale de la religion, certains savants ont d\u00e9crit ces Hadiths comme \u00e9tant la plaque tournante de l&rsquo;islam, certains ont dit qu&rsquo;ils repr\u00e9sentent la moiti\u00e9 de la religion, d&rsquo;autres le tiers de la religion, ainsi que d&rsquo;autres qualificatifs de ce genre \u00bb.;Il est vraiment un livre b\u00e9ni, pour lequel Allah a d\u00e9cr\u00e9t\u00e9 la popularit\u00e9 et l&rsquo;expansion.<\/p>\n","protected":false},"excerpt":{"rendered":"<p>Ce livre de l&rsquo;imam An-Nawaw\u00ee compte parmi les livres qui se sont amplement r\u00e9pandus et qui connurent une tr\u00e8s grande popularit\u00e9 chez les musulmans.;Ce livre comporte quarante-deux Hadiths, l&rsquo;imam AnNawaw\u00ee y a r\u00e9uni les points importants de la religion touchant aussi bien aux principes fondamentaux -al-us\u00fbl- qu&rsquo;aux applications pratiques -al-fur\u00fb&rsquo;-, il a dit \u00e0 propos de son opuscule: \u00ab Chaque Hadith qu&rsquo;il comporte est une r\u00e8gle fondamentale de la religion, certains savants ont d\u00e9crit ces Hadiths comme \u00e9tant la plaque tournante de l&rsquo;islam, certains ont dit qu&rsquo;ils repr\u00e9sentent la moiti\u00e9 de la religion, d&rsquo;autres le tiers de la religion, ainsi que d&rsquo;autres qualificatifs de ce genre \u00bb.;Il est vraiment un livre b\u00e9ni, pour lequel Allah a d\u00e9cr\u00e9t\u00e9 la popularit\u00e9 et l&rsquo;expansion.<\/p>\n","protected":false},"featured_media":34712,"comment_status":"open","ping_status":"closed","template":"","meta":[],"product_brand":[],"product_cat":[1902],"product_tag":[],"class_list":{"0":"post-34566","1":"product","2":"type-product","3":"status-publish","4":"has-post-thumbnail","6":"product_cat-hadiths","7":"pa_auteur-limam-an-nawawi","8":"pa_code-produit-ref-26339","9":"pa_editeur-orientica","10":"pa_format-broche-105-x-15-cm","11":"pa_langue-francais-arabe","12":"pa_nombre-de-pages-438","14":"first","15":"instock","16":"shipping-taxable","17":"purchasable","18":"product-type-simple"},"_links":{"self":[{"href":"https:\/\/lamaktaba.fr\/index.php\/wp-json\/wp\/v2\/product\/34566","targetHints":{"allow":["GET"]}}],"collection":[{"href":"https:\/\/lamaktaba.fr\/index.php\/wp-json\/wp\/v2\/product"}],"about":[{"href":"https:\/\/lamaktaba.fr\/index.php\/wp-json\/wp\/v2\/types\/product"}],"replies":[{"embeddable":true,"href":"https:\/\/lamaktaba.fr\/index.php\/wp-json\/wp\/v2\/comments?post=34566"}],"wp:featuredmedia":[{"embeddable":true,"href":"https:\/\/lamaktaba.fr\/index.php\/wp-json\/wp\/v2\/media\/34712"}],"wp:attachment":[{"href":"https:\/\/lamaktaba.fr\/index.php\/wp-json\/wp\/v2\/media?parent=34566"}],"wp:term":[{"taxonomy":"product_brand","embeddable":true,"href":"https:\/\/lamaktaba.fr\/index.php\/wp-json\/wp\/v2\/product_brand?post=34566"},{"taxonomy":"product_cat","embeddable":true,"href":"https:\/\/lamaktaba.fr\/index.php\/wp-json\/wp\/v2\/product_cat?post=34566"},{"taxonomy":"product_tag","embeddable":true,"href":"https:\/\/lamaktaba.fr\/index.php\/wp-json\/wp\/v2\/product_tag?post=34566"}],"curies":[{"name":"wp","href":"https:\/\/api.w.org\/{rel}","templated":true}]}}