{"id":34563,"date":"1970-01-01T00:00:00","date_gmt":"1969-12-31T23:00:00","guid":{"rendered":"https:\/\/lamaktaba.fr\/index.php\/produit\/les-merites-de-la-priere-de-laube-abderrazak-mahri\/"},"modified":"2025-04-01T12:45:14","modified_gmt":"2025-04-01T10:45:14","slug":"les-merites-de-la-priere-de-laube-abderrazak-mahri","status":"publish","type":"product","link":"https:\/\/lamaktaba.fr\/index.php\/produit\/les-merites-de-la-priere-de-laube-abderrazak-mahri","title":{"rendered":"Les m\u00e9rites de la pri\u00e8re de l&rsquo;aube &#8211; Abderrazak Mahri &#8211; Livre"},"content":{"rendered":"<p>Le terme arabe sal\u00e2t recouvre moult sens: l&rsquo;invocation, la demande de pardon, la mis\u00e9ricorde, le lieu de culte,etc. Lorsque ce terme est employ\u00e9 par le musulman il renvoie \u00e0 la pri\u00e8re, cette pratique admirative qui constitue le pilier essentiel de l&rsquo;islam.;La Sal\u00e2t est une adoration indispensable \u00e0 l&rsquo;\u00eatre humain, car elle est \u00e9chelle que celui-ci emprunte pour d\u00e9couvrir les cimes de la paix int\u00e9rieure et se refaire une sant\u00e9 spirituelle.<\/p>\n","protected":false},"excerpt":{"rendered":"<p>Le terme arabe sal\u00e2t recouvre moult sens: l&rsquo;invocation, la demande de pardon, la mis\u00e9ricorde, le lieu de culte,etc. Lorsque ce terme est employ\u00e9 par le musulman il renvoie \u00e0 la pri\u00e8re, cette pratique admirative qui constitue le pilier essentiel de l&rsquo;islam.;La Sal\u00e2t est une adoration indispensable \u00e0 l&rsquo;\u00eatre humain, car elle est \u00e9chelle que celui-ci emprunte pour d\u00e9couvrir les cimes de la paix int\u00e9rieure et se refaire une sant\u00e9 spirituelle.<\/p>\n","protected":false},"featured_media":34704,"comment_status":"open","ping_status":"closed","template":"","meta":[],"product_brand":[],"product_cat":[15],"product_tag":[],"class_list":{"0":"post-34563","1":"product","2":"type-product","3":"status-publish","4":"has-post-thumbnail","6":"product_cat-non-classe","7":"pa_auteur-abderrazak-mahri","8":"pa_code-produit-ref-19721","9":"pa_editeur-ennour","10":"pa_format-85-x-10-cm","11":"pa_langue-francais-arabe","12":"pa_nombre-de-pages-1062","14":"first","15":"instock","16":"shipping-taxable","17":"purchasable","18":"product-type-simple"},"_links":{"self":[{"href":"https:\/\/lamaktaba.fr\/index.php\/wp-json\/wp\/v2\/product\/34563","targetHints":{"allow":["GET"]}}],"collection":[{"href":"https:\/\/lamaktaba.fr\/index.php\/wp-json\/wp\/v2\/product"}],"about":[{"href":"https:\/\/lamaktaba.fr\/index.php\/wp-json\/wp\/v2\/types\/product"}],"replies":[{"embeddable":true,"href":"https:\/\/lamaktaba.fr\/index.php\/wp-json\/wp\/v2\/comments?post=34563"}],"wp:featuredmedia":[{"embeddable":true,"href":"https:\/\/lamaktaba.fr\/index.php\/wp-json\/wp\/v2\/media\/34704"}],"wp:attachment":[{"href":"https:\/\/lamaktaba.fr\/index.php\/wp-json\/wp\/v2\/media?parent=34563"}],"wp:term":[{"taxonomy":"product_brand","embeddable":true,"href":"https:\/\/lamaktaba.fr\/index.php\/wp-json\/wp\/v2\/product_brand?post=34563"},{"taxonomy":"product_cat","embeddable":true,"href":"https:\/\/lamaktaba.fr\/index.php\/wp-json\/wp\/v2\/product_cat?post=34563"},{"taxonomy":"product_tag","embeddable":true,"href":"https:\/\/lamaktaba.fr\/index.php\/wp-json\/wp\/v2\/product_tag?post=34563"}],"curies":[{"name":"wp","href":"https:\/\/api.w.org\/{rel}","templated":true}]}}