{"id":34555,"date":"2020-10-18T16:05:26","date_gmt":"2020-10-18T14:05:26","guid":{"rendered":"https:\/\/lamaktaba.fr\/index.php\/produit\/la-corruption-du-coeur-4-les-passions-muhammed-al-munajjid\/"},"modified":"2025-04-01T12:44:42","modified_gmt":"2025-04-01T10:44:42","slug":"la-corruption-du-coeur-4-les-passions-muhammed-al-munajjid","status":"publish","type":"product","link":"https:\/\/lamaktaba.fr\/index.php\/produit\/la-corruption-du-coeur-4-les-passions-muhammed-al-munajjid","title":{"rendered":"La corruption du coeur 4: Les passions &#8211; Muhammed al-Munajjid"},"content":{"rendered":"<p>Les passions repr\u00e9sentent les penchants de l&rsquo;\u00e2me et de l\u2019ego. Elles constituent un frein tr\u00e8s fort au cheminement spirituel qu&rsquo;entreprend le serviteur vers la connaissance et l&rsquo;agr\u00e9ment de son Seigneur. Suivre les passions, c&rsquo;est laisser l&rsquo;\u00e2me dicter ce qu&rsquo;elle d\u00e9sire. Or, Allah nous ordonne de ne pas \u00eatre dominer par nos passions, mais au contraire de les dominer et de les orienter vers le bien et la pi\u00e9t\u00e9.<br \/>Cette lutte contre soi, ce jihad personnel, est un combat de longue haleine men\u00e9 contre un ennemi omnipr\u00e9sent. En parlant de l&rsquo;\u00e2me, Dieu nous dit: \u00ab\u00a0A r\u00e9ussi, certes celui qui la purifie. Et est perdu, certes, celui qui la corrompt.<\/p>\n","protected":false},"excerpt":{"rendered":"<p>Les passions repr\u00e9sentent les penchants de l&rsquo;\u00e2me et de l\u2019ego. Elles constituent un frein tr\u00e8s fort au cheminement spirituel qu&rsquo;entreprend le serviteur vers la connaissance et l&rsquo;agr\u00e9ment de son Seigneur. Suivre les passions, c&rsquo;est laisser l&rsquo;\u00e2me dicter ce qu&rsquo;elle d\u00e9sire. Or, Allah nous ordonne de ne pas \u00eatre dominer par nos passions, mais au contraire de les dominer et de les orienter vers le bien et la pi\u00e9t\u00e9.<br \/>Cette lutte contre soi, ce jihad personnel, est un combat de longue haleine men\u00e9 contre un ennemi omnipr\u00e9sent. En parlant de l&rsquo;\u00e2me, Dieu nous dit: \u00ab\u00a0A r\u00e9ussi, certes celui qui la purifie. Et est perdu, certes, celui qui la corrompt.<\/p>\n","protected":false},"featured_media":34667,"comment_status":"open","ping_status":"closed","template":"","meta":[],"product_brand":[],"product_cat":[1944,1921,1898],"product_tag":[],"class_list":{"0":"post-34555","1":"product","2":"type-product","3":"status-publish","4":"has-post-thumbnail","6":"product_cat-ethique","7":"product_cat-exhortation","8":"product_cat-pratique-religieuse","9":"pa_auteur-muhammed-al-munajjid","10":"pa_editeur-al-hadith","12":"first","13":"outofstock","14":"shipping-taxable","15":"purchasable","16":"product-type-simple"},"_links":{"self":[{"href":"https:\/\/lamaktaba.fr\/index.php\/wp-json\/wp\/v2\/product\/34555","targetHints":{"allow":["GET"]}}],"collection":[{"href":"https:\/\/lamaktaba.fr\/index.php\/wp-json\/wp\/v2\/product"}],"about":[{"href":"https:\/\/lamaktaba.fr\/index.php\/wp-json\/wp\/v2\/types\/product"}],"replies":[{"embeddable":true,"href":"https:\/\/lamaktaba.fr\/index.php\/wp-json\/wp\/v2\/comments?post=34555"}],"wp:featuredmedia":[{"embeddable":true,"href":"https:\/\/lamaktaba.fr\/index.php\/wp-json\/wp\/v2\/media\/34667"}],"wp:attachment":[{"href":"https:\/\/lamaktaba.fr\/index.php\/wp-json\/wp\/v2\/media?parent=34555"}],"wp:term":[{"taxonomy":"product_brand","embeddable":true,"href":"https:\/\/lamaktaba.fr\/index.php\/wp-json\/wp\/v2\/product_brand?post=34555"},{"taxonomy":"product_cat","embeddable":true,"href":"https:\/\/lamaktaba.fr\/index.php\/wp-json\/wp\/v2\/product_cat?post=34555"},{"taxonomy":"product_tag","embeddable":true,"href":"https:\/\/lamaktaba.fr\/index.php\/wp-json\/wp\/v2\/product_tag?post=34555"}],"curies":[{"name":"wp","href":"https:\/\/api.w.org\/{rel}","templated":true}]}}