{"id":34546,"date":"1970-01-01T00:00:00","date_gmt":"1969-12-31T23:00:00","guid":{"rendered":"https:\/\/lamaktaba.fr\/index.php\/produit\/les-causes-de-laccroissement-de-la-subsistance-%d8%a3%d8%b3%d8%a8%d8%a7%d8%a8-%d8%b3%d8%b9%d8%a9-%d8%a7%d9%84%d8%b1%d8%b2%d9%82-abderrazak-mahri\/"},"modified":"2025-04-01T12:43:59","modified_gmt":"2025-04-01T10:43:59","slug":"les-causes-de-laccroissement-de-la-subsistance-d8a3d8b3d8a8d8a7d8a8-d8b3d8b9d8a9-d8a7d984d8b1d8b2d982-abderrazak-mahri","status":"publish","type":"product","link":"https:\/\/lamaktaba.fr\/index.php\/produit\/les-causes-de-laccroissement-de-la-subsistance-d8a3d8b3d8a8d8a7d8a8-d8b3d8b9d8a9-d8a7d984d8b1d8b2d982-abderrazak-mahri","title":{"rendered":"Les causes de l&rsquo;accroissement de la subsistance &#8211; \u0623\u0633\u0628\u0627\u0628 \u0633\u0639\u0629 \u0627\u0644\u0631\u0632\u0642 &#8211; Abderrazak Mahri &#8211; Livre"},"content":{"rendered":"<p>Ce livret rassemble diverses paroles du Proph\u00e8te sur la subsistance (al-Rizq) au sens large du terme, c&rsquo;est \u00e0 dire aussi bien mat\u00e9rielle que spirituelle.;On y trouve des conseils sur la mani\u00e8re de rechercher sa subsistance ainsi que la mani\u00e8re de l&rsquo;utiliser et de la rendre toujours plus abondante.<\/p>\n","protected":false},"excerpt":{"rendered":"<p>Ce livret rassemble diverses paroles du Proph\u00e8te sur la subsistance (al-Rizq) au sens large du terme, c&rsquo;est \u00e0 dire aussi bien mat\u00e9rielle que spirituelle.;On y trouve des conseils sur la mani\u00e8re de rechercher sa subsistance ainsi que la mani\u00e8re de l&rsquo;utiliser et de la rendre toujours plus abondante.<\/p>\n","protected":false},"featured_media":34642,"comment_status":"open","ping_status":"closed","template":"","meta":[],"product_brand":[],"product_cat":[1921,1893],"product_tag":[],"class_list":{"0":"post-34546","1":"product","2":"type-product","3":"status-publish","4":"has-post-thumbnail","6":"product_cat-exhortation","7":"product_cat-piliers-de-la-foi","8":"pa_auteur-abderrazak-mahri","9":"pa_code-produit-ref-19722","10":"pa_editeur-ennour","11":"pa_format-85-x-10-cm","12":"pa_langue-francais-arabe","13":"pa_nombre-de-pages-374","15":"first","16":"instock","17":"shipping-taxable","18":"purchasable","19":"product-type-simple"},"_links":{"self":[{"href":"https:\/\/lamaktaba.fr\/index.php\/wp-json\/wp\/v2\/product\/34546","targetHints":{"allow":["GET"]}}],"collection":[{"href":"https:\/\/lamaktaba.fr\/index.php\/wp-json\/wp\/v2\/product"}],"about":[{"href":"https:\/\/lamaktaba.fr\/index.php\/wp-json\/wp\/v2\/types\/product"}],"replies":[{"embeddable":true,"href":"https:\/\/lamaktaba.fr\/index.php\/wp-json\/wp\/v2\/comments?post=34546"}],"wp:featuredmedia":[{"embeddable":true,"href":"https:\/\/lamaktaba.fr\/index.php\/wp-json\/wp\/v2\/media\/34642"}],"wp:attachment":[{"href":"https:\/\/lamaktaba.fr\/index.php\/wp-json\/wp\/v2\/media?parent=34546"}],"wp:term":[{"taxonomy":"product_brand","embeddable":true,"href":"https:\/\/lamaktaba.fr\/index.php\/wp-json\/wp\/v2\/product_brand?post=34546"},{"taxonomy":"product_cat","embeddable":true,"href":"https:\/\/lamaktaba.fr\/index.php\/wp-json\/wp\/v2\/product_cat?post=34546"},{"taxonomy":"product_tag","embeddable":true,"href":"https:\/\/lamaktaba.fr\/index.php\/wp-json\/wp\/v2\/product_tag?post=34546"}],"curies":[{"name":"wp","href":"https:\/\/api.w.org\/{rel}","templated":true}]}}