{"id":34545,"date":"2020-10-18T16:05:19","date_gmt":"2020-10-18T14:05:19","guid":{"rendered":"https:\/\/lamaktaba.fr\/index.php\/produit\/bonbons-gelifies-halal-coeurs-de-peche-100-g-alimentaire\/"},"modified":"2025-04-01T12:47:49","modified_gmt":"2025-04-01T10:47:49","slug":"bonbons-gelifies-halal-coeurs-de-peche-100-g-alimentaire","status":"publish","type":"product","link":"https:\/\/lamaktaba.fr\/index.php\/produit\/bonbons-gelifies-halal-coeurs-de-peche-100-g-alimentaire","title":{"rendered":"Bonbons g\u00e9lifi\u00e9s halal &#8211; Coeurs de p\u00eache (100 g) &#8211; Alimentaire"},"content":{"rendered":"<p>Bonbons g\u00e9lifi\u00e9s halal &#8211; Coeurs de p\u00eache dans un sachet de (100 g)<\/p>\n","protected":false},"excerpt":{"rendered":"<p>Bonbons g\u00e9lifi\u00e9s halal &#8211; Coeurs de p\u00eache dans un sachet de (100 g)<\/p>\n","protected":false},"featured_media":34640,"comment_status":"open","ping_status":"closed","template":"","meta":[],"product_brand":[],"product_cat":[282],"product_tag":[],"class_list":{"0":"post-34545","1":"product","2":"type-product","3":"status-publish","4":"has-post-thumbnail","6":"product_cat-alimentation-halal","8":"first","9":"outofstock","10":"shipping-taxable","11":"purchasable","12":"product-type-simple"},"_links":{"self":[{"href":"https:\/\/lamaktaba.fr\/index.php\/wp-json\/wp\/v2\/product\/34545","targetHints":{"allow":["GET"]}}],"collection":[{"href":"https:\/\/lamaktaba.fr\/index.php\/wp-json\/wp\/v2\/product"}],"about":[{"href":"https:\/\/lamaktaba.fr\/index.php\/wp-json\/wp\/v2\/types\/product"}],"replies":[{"embeddable":true,"href":"https:\/\/lamaktaba.fr\/index.php\/wp-json\/wp\/v2\/comments?post=34545"}],"wp:featuredmedia":[{"embeddable":true,"href":"https:\/\/lamaktaba.fr\/index.php\/wp-json\/wp\/v2\/media\/34640"}],"wp:attachment":[{"href":"https:\/\/lamaktaba.fr\/index.php\/wp-json\/wp\/v2\/media?parent=34545"}],"wp:term":[{"taxonomy":"product_brand","embeddable":true,"href":"https:\/\/lamaktaba.fr\/index.php\/wp-json\/wp\/v2\/product_brand?post=34545"},{"taxonomy":"product_cat","embeddable":true,"href":"https:\/\/lamaktaba.fr\/index.php\/wp-json\/wp\/v2\/product_cat?post=34545"},{"taxonomy":"product_tag","embeddable":true,"href":"https:\/\/lamaktaba.fr\/index.php\/wp-json\/wp\/v2\/product_tag?post=34545"}],"curies":[{"name":"wp","href":"https:\/\/api.w.org\/{rel}","templated":true}]}}