{"id":34538,"date":"2020-10-18T16:05:13","date_gmt":"2020-10-18T14:05:13","guid":{"rendered":"https:\/\/lamaktaba.fr\/index.php\/produit\/fiqh-niveau-2-initiation-a-la-priere-said-chadhouli\/"},"modified":"2025-04-01T12:45:11","modified_gmt":"2025-04-01T10:45:11","slug":"fiqh-niveau-2-initiation-a-la-priere-said-chadhouli","status":"publish","type":"product","link":"https:\/\/lamaktaba.fr\/index.php\/produit\/fiqh-niveau-2-initiation-a-la-priere-said-chadhouli","title":{"rendered":"Initiation \u00e0 l&rsquo;arabe &#8211; \u0642\u0627\u0639\u062f\u0629 \u0627\u0644\u0642\u0645\u0631\u064a\u0629, de Said Chadhouli"},"content":{"rendered":"<p>Initiation \u00e0 l&rsquo;arabe &#8211; \u0642\u0627\u0639\u062f\u0629 \u0627\u0644\u0642\u0645\u0631\u064a\u0629, de Said Chadhouli;Pr\u00e9paration \u00e0 la lecture du Coran, acompagnement phon\u00e9tique, fiches d\u2019\u00e9valuation. Exercices de lecture et d&rsquo;\u00e9critures, consignes et explications en fran\u00e7ais.;Cet ouvrage a pour but de vous initier pas \u00e0 pas \u00e0 l&rsquo;apprentissage de la lecture et de l&rsquo;\u00e9criture arabe. R\u00e9dig\u00e9 de mani\u00e8re simple et claire par un ancien \u00e9tudiant de l&rsquo; Universite de M\u00e9dine gr\u00e2ce \u00e0 une m\u00e9thode reconnue et exp\u00e9riment\u00e9e.;Voici quelques atouts que poss\u00e8de ce livre;- Une explication de la th\u00e9orie exclusivement en fran\u00e7ais.;- La pr\u00e9sence d&rsquo;une s\u00e9rie d&rsquo;exercices pour s&rsquo;entra\u00eener et v\u00e9rifier ses connaissances.;- Une multitude d&rsquo;exemples pour progresser et avancer pas \u00e0 pas.;- L&rsquo;utilisation des couleurs pour bien mettre en \u00e9vidence les diff\u00e9rentes voyelles et les r\u00e8gles \u00e0 retenir.;- Le syst\u00e8me deux en un: la deuxi\u00e8me partie du livre \u00e9tant consacr\u00e9e \u00e0 l&rsquo;apprentissage de l&rsquo;\u00e9criture arabe.;ET beaucoup d&rsquo;autres atouts que vous aurez le plaisir de d\u00e9couvrir \u00e0 travers votre lecture.;\u00c0 propos de l&rsquo;auteur: Said Chadhouli;Ce livre a \u00e9t\u00e9 \u00e9labor\u00e9 sur les directives du professeur Said Chadhouli. Avec l\u2019appui de Sarah Saadi chef de projets des \u00e9ditions Al Qamar.;Le professeur Said Chadhouli est Imam de la mosqu\u00e9e de Bobigny, dipl\u00f4m\u00e9 de l\u2019Universit\u00e9 de M\u00e9dine. Le Professeur Sa\u00efd Chadhouli comprend dans son actif plus de 17 ans d\u2019exp\u00e9rience dans l\u2019enseignement du Tawhid et des sciences islamiques notamment la langue arabe. Ses cours sont destin\u00e9s aux enfants et aux adultes. Il est \u00e9galement sp\u00e9cialis\u00e9 dans l\u2019\u00e9laboration d\u2019ouvrages p\u00e9dagogiques en lien avec l\u2019apprentissage et le perfectionnement dans les sciences islamiques. Marque AL QAMAR R\u00e9f\u00e9rence 9782954320823;Fiche technique AUTEUR: &#8211; Con\u00e7u par le Professeur Said Chadhouli, dipl\u00f4m\u00e9 de l\u2019universit\u00e9 de M\u00e9dine LANGUE: &#8211; Fran\u00e7ais &#8211; Langue \u00e9tudi\u00e9e: Arabe ANNEE: &#8211; 2016 SUPPORT: &#8211; Livre THEME: &#8211; La Langue Arabe \u00c9DITIONS: &#8211; Al Qamar Condition: &#8211; Neuf Nombre de Pages: &#8211; 96 FORMAT (CM): 16 x 23.5 cm EAN13: &#8211; 9782954320809 RELIURE: &#8211; Souple;R\u00e9f\u00e9rences sp\u00e9cifiques;Donnez votre avis;Aucun commentaire pour le moment<\/p>\n","protected":false},"excerpt":{"rendered":"<p>Initiation \u00e0 l&rsquo;arabe &#8211; \u0642\u0627\u0639\u062f\u0629 \u0627\u0644\u0642\u0645\u0631\u064a\u0629, de Said Chadhouli;Pr\u00e9paration \u00e0 la lecture du Coran, acompagnement phon\u00e9tique, fiches d\u2019\u00e9valuation. Exercices de lecture et d&rsquo;\u00e9critures, consignes et explications en fran\u00e7ais.;Cet ouvrage a pour but de vous initier pas \u00e0 pas \u00e0 l&rsquo;apprentissage de la lecture et de l&rsquo;\u00e9criture arabe. R\u00e9dig\u00e9 de mani\u00e8re simple et claire par un ancien \u00e9tudiant de l&rsquo; Universite de M\u00e9dine gr\u00e2ce \u00e0 une m\u00e9thode reconnue et exp\u00e9riment\u00e9e.;Voici quelques atouts que poss\u00e8de ce livre;- Une explication de la th\u00e9orie exclusivement en fran\u00e7ais.;- La pr\u00e9sence d&rsquo;une s\u00e9rie d&rsquo;exercices pour s&rsquo;entra\u00eener et v\u00e9rifier ses connaissances.;- Une multitude d&rsquo;exemples pour progresser et avancer pas \u00e0 pas.;- L&rsquo;utilisation des couleurs pour bien mettre en \u00e9vidence les diff\u00e9rentes voyelles et les r\u00e8gles \u00e0 retenir.;- Le syst\u00e8me deux en un: la deuxi\u00e8me partie du livre \u00e9tant consacr\u00e9e \u00e0 l&rsquo;apprentissage de l&rsquo;\u00e9criture arabe.;ET beaucoup d&rsquo;autres atouts que vous aurez le plaisir de d\u00e9couvrir \u00e0 travers votre lecture.;\u00c0 propos de l&rsquo;auteur: Said Chadhouli;Ce livre a \u00e9t\u00e9 \u00e9labor\u00e9 sur les directives du professeur Said Chadhouli. Avec l\u2019appui de Sarah Saadi chef de projets des \u00e9ditions Al Qamar.;Le professeur Said Chadhouli est Imam de la mosqu\u00e9e de Bobigny, dipl\u00f4m\u00e9 de l\u2019Universit\u00e9 de M\u00e9dine. Le Professeur Sa\u00efd Chadhouli comprend dans son actif plus de 17 ans d\u2019exp\u00e9rience dans l\u2019enseignement du Tawhid et des sciences islamiques notamment la langue arabe. Ses cours sont destin\u00e9s aux enfants et aux adultes. Il est \u00e9galement sp\u00e9cialis\u00e9 dans l\u2019\u00e9laboration d\u2019ouvrages p\u00e9dagogiques en lien avec l\u2019apprentissage et le perfectionnement dans les sciences islamiques. Marque AL QAMAR R\u00e9f\u00e9rence 9782954320823;Fiche technique AUTEUR: &#8211; Con\u00e7u par le Professeur Said Chadhouli, dipl\u00f4m\u00e9 de l\u2019universit\u00e9 de M\u00e9dine LANGUE: &#8211; Fran\u00e7ais &#8211; Langue \u00e9tudi\u00e9e: Arabe ANNEE: &#8211; 2016 SUPPORT: &#8211; Livre THEME: &#8211; La Langue Arabe \u00c9DITIONS: &#8211; Al Qamar Condition: &#8211; Neuf Nombre de Pages: &#8211; 96 FORMAT (CM): 16 x 23.5 cm EAN13: &#8211; 9782954320809 RELIURE: &#8211; Souple;R\u00e9f\u00e9rences sp\u00e9cifiques;Donnez votre avis;Aucun commentaire pour le moment<\/p>\n","protected":false},"featured_media":36853,"comment_status":"open","ping_status":"closed","template":"","meta":[],"product_brand":[],"product_cat":[1914],"product_tag":[],"class_list":{"0":"post-34538","1":"product","2":"type-product","3":"status-publish","4":"has-post-thumbnail","6":"product_cat-apprentissage-arabe","7":"pa_annee-419","8":"pa_auteur-concu-par-le-professeur-said-chadhouli-diplome-de-luniversite-de-medine","9":"pa_editeur-al-qamar","10":"pa_format-16-x-23-5-cm","11":"pa_langue-francais-langue-etudiee-arabe","12":"pa_nombre-de-pages-445","13":"pa_reliure-souple","15":"first","16":"instock","17":"shipping-taxable","18":"purchasable","19":"product-type-simple"},"_links":{"self":[{"href":"https:\/\/lamaktaba.fr\/index.php\/wp-json\/wp\/v2\/product\/34538","targetHints":{"allow":["GET"]}}],"collection":[{"href":"https:\/\/lamaktaba.fr\/index.php\/wp-json\/wp\/v2\/product"}],"about":[{"href":"https:\/\/lamaktaba.fr\/index.php\/wp-json\/wp\/v2\/types\/product"}],"replies":[{"embeddable":true,"href":"https:\/\/lamaktaba.fr\/index.php\/wp-json\/wp\/v2\/comments?post=34538"}],"wp:featuredmedia":[{"embeddable":true,"href":"https:\/\/lamaktaba.fr\/index.php\/wp-json\/wp\/v2\/media\/36853"}],"wp:attachment":[{"href":"https:\/\/lamaktaba.fr\/index.php\/wp-json\/wp\/v2\/media?parent=34538"}],"wp:term":[{"taxonomy":"product_brand","embeddable":true,"href":"https:\/\/lamaktaba.fr\/index.php\/wp-json\/wp\/v2\/product_brand?post=34538"},{"taxonomy":"product_cat","embeddable":true,"href":"https:\/\/lamaktaba.fr\/index.php\/wp-json\/wp\/v2\/product_cat?post=34538"},{"taxonomy":"product_tag","embeddable":true,"href":"https:\/\/lamaktaba.fr\/index.php\/wp-json\/wp\/v2\/product_tag?post=34538"}],"curies":[{"name":"wp","href":"https:\/\/api.w.org\/{rel}","templated":true}]}}