{"id":34536,"date":"2020-10-18T16:05:11","date_gmt":"2020-10-18T14:05:11","guid":{"rendered":"https:\/\/lamaktaba.fr\/index.php\/produit\/charbon-pour-bruleur-dencens-rouleau-de-10-charbons\/"},"modified":"2025-04-01T12:43:41","modified_gmt":"2025-04-01T10:43:41","slug":"charbon-pour-bruleur-dencens-rouleau-de-10-charbons","status":"publish","type":"product","link":"https:\/\/lamaktaba.fr\/index.php\/produit\/charbon-pour-bruleur-dencens-rouleau-de-10-charbons","title":{"rendered":"Charbon pour bruleur d&rsquo;encens (rouleau de 10 charbons)"},"content":{"rendered":"<p>Indispensable \u00e0 la combustion des encens&#8230; Ces charbons sont vendus en rouleau de dix.<br \/>Allumez votre charbon, lorsqu&rsquo;il est bien allum\u00e9, d\u00e9posez votre encens dans le creux du charbon (Conseil: Ne pas en mettre trop pour ne pas \u00e9touffer le charbon).<br \/>Le charbon met environ une heure \u00e0 se consommer.<\/p>\n","protected":false},"excerpt":{"rendered":"<p>Indispensable \u00e0 la combustion des encens&#8230; Ces charbons sont vendus en rouleau de dix.<br \/>Allumez votre charbon, lorsqu&rsquo;il est bien allum\u00e9, d\u00e9posez votre encens dans le creux du charbon (Conseil: Ne pas en mettre trop pour ne pas \u00e9touffer le charbon).<br \/>Le charbon met environ une heure \u00e0 se consommer.<\/p>\n","protected":false},"featured_media":34621,"comment_status":"open","ping_status":"closed","template":"","meta":[],"product_brand":[],"product_cat":[15],"product_tag":[],"class_list":{"0":"post-34536","1":"product","2":"type-product","3":"status-publish","4":"has-post-thumbnail","6":"product_cat-non-classe","8":"first","9":"outofstock","10":"shipping-taxable","11":"purchasable","12":"product-type-simple"},"_links":{"self":[{"href":"https:\/\/lamaktaba.fr\/index.php\/wp-json\/wp\/v2\/product\/34536","targetHints":{"allow":["GET"]}}],"collection":[{"href":"https:\/\/lamaktaba.fr\/index.php\/wp-json\/wp\/v2\/product"}],"about":[{"href":"https:\/\/lamaktaba.fr\/index.php\/wp-json\/wp\/v2\/types\/product"}],"replies":[{"embeddable":true,"href":"https:\/\/lamaktaba.fr\/index.php\/wp-json\/wp\/v2\/comments?post=34536"}],"wp:featuredmedia":[{"embeddable":true,"href":"https:\/\/lamaktaba.fr\/index.php\/wp-json\/wp\/v2\/media\/34621"}],"wp:attachment":[{"href":"https:\/\/lamaktaba.fr\/index.php\/wp-json\/wp\/v2\/media?parent=34536"}],"wp:term":[{"taxonomy":"product_brand","embeddable":true,"href":"https:\/\/lamaktaba.fr\/index.php\/wp-json\/wp\/v2\/product_brand?post=34536"},{"taxonomy":"product_cat","embeddable":true,"href":"https:\/\/lamaktaba.fr\/index.php\/wp-json\/wp\/v2\/product_cat?post=34536"},{"taxonomy":"product_tag","embeddable":true,"href":"https:\/\/lamaktaba.fr\/index.php\/wp-json\/wp\/v2\/product_tag?post=34536"}],"curies":[{"name":"wp","href":"https:\/\/api.w.org\/{rel}","templated":true}]}}