{"id":333,"date":"2020-02-03T10:00:00","date_gmt":"2020-02-03T09:00:00","guid":{"rendered":"https:\/\/lamaktaba.fr\/index.php\/produit\/parle-moi-de-lislam-2-la-priere-salat\/"},"modified":"2025-04-01T12:43:51","modified_gmt":"2025-04-01T10:43:51","slug":"parle-moi-de-lislam-2-la-priere-salat","status":"publish","type":"product","link":"https:\/\/lamaktaba.fr\/index.php\/produit\/parle-moi-de-lislam-2-la-priere-salat","title":{"rendered":"Parle-moi de l&rsquo;Islam 2: La pri\u00e8re &#8211; Sal\u00e2t &#8211; Livre"},"content":{"rendered":"<p>Avec Rayan et sa petite famille, d\u00e9couvrez de mani\u00e8re ludique comment apprendre et comprendre le sens de la Pri\u00e8re, la Salat. D\u00e8s l&rsquo;\u00e2ge de la maternelle.<\/p>\n","protected":false},"excerpt":{"rendered":"<p>Avec Rayan et sa petite famille, d\u00e9couvrez de mani\u00e8re ludique comment apprendre et comprendre le sens de la Pri\u00e8re, la Salat. D\u00e8s l&rsquo;\u00e2ge de la maternelle.<\/p>\n","protected":false},"featured_media":0,"comment_status":"open","ping_status":"closed","template":"","meta":[],"product_brand":[],"product_cat":[15],"product_tag":[],"class_list":{"0":"post-333","1":"product","2":"type-product","3":"status-publish","5":"product_cat-non-classe","6":"pa_code-produit-ref-22400","7":"pa_editeur-pixelgraf-famille-musulmane","8":"pa_format-20-x-23-cm","9":"pa_langue-francais-arabe","10":"pa_nombre-de-pages-431","12":"first","13":"instock","14":"shipping-taxable","15":"purchasable","16":"product-type-simple"},"_links":{"self":[{"href":"https:\/\/lamaktaba.fr\/index.php\/wp-json\/wp\/v2\/product\/333","targetHints":{"allow":["GET"]}}],"collection":[{"href":"https:\/\/lamaktaba.fr\/index.php\/wp-json\/wp\/v2\/product"}],"about":[{"href":"https:\/\/lamaktaba.fr\/index.php\/wp-json\/wp\/v2\/types\/product"}],"replies":[{"embeddable":true,"href":"https:\/\/lamaktaba.fr\/index.php\/wp-json\/wp\/v2\/comments?post=333"}],"wp:attachment":[{"href":"https:\/\/lamaktaba.fr\/index.php\/wp-json\/wp\/v2\/media?parent=333"}],"wp:term":[{"taxonomy":"product_brand","embeddable":true,"href":"https:\/\/lamaktaba.fr\/index.php\/wp-json\/wp\/v2\/product_brand?post=333"},{"taxonomy":"product_cat","embeddable":true,"href":"https:\/\/lamaktaba.fr\/index.php\/wp-json\/wp\/v2\/product_cat?post=333"},{"taxonomy":"product_tag","embeddable":true,"href":"https:\/\/lamaktaba.fr\/index.php\/wp-json\/wp\/v2\/product_tag?post=333"}],"curies":[{"name":"wp","href":"https:\/\/api.w.org\/{rel}","templated":true}]}}