{"id":332,"date":"2020-02-03T10:00:00","date_gmt":"2020-02-03T09:00:00","guid":{"rendered":"https:\/\/lamaktaba.fr\/index.php\/produit\/il-etait-une-fois-mohammed-fatima-zeghri-et-cecile-djait\/"},"modified":"2025-04-01T12:43:41","modified_gmt":"2025-04-01T10:43:41","slug":"il-etait-une-fois-mohammed-fatima-zeghri-et-cecile-djait","status":"publish","type":"product","link":"https:\/\/lamaktaba.fr\/index.php\/produit\/il-etait-une-fois-mohammed-fatima-zeghri-et-cecile-djait","title":{"rendered":"Il \u00e9tait une fois\u2026 Mohammed &#8211; Fatima Zeghri et C\u00e9cile Djait &#8211; Livre"},"content":{"rendered":"<p>Avec Rayan et sa petite famille, d\u00e9couvrez les merveilleuses histoires de nos Proph\u00e8tes, nos mod\u00e8les pour l&rsquo;\u00e9ternit\u00e9. Enrichies d&rsquo;activit\u00e9s ludiques, votre enfant y puisera de nombreux enseignements \u00e9ducatifs tout en s&rsquo;amusant.<\/p>\n","protected":false},"excerpt":{"rendered":"<p>Avec Rayan et sa petite famille, d\u00e9couvrez les merveilleuses histoires de nos Proph\u00e8tes, nos mod\u00e8les pour l&rsquo;\u00e9ternit\u00e9. Enrichies d&rsquo;activit\u00e9s ludiques, votre enfant y puisera de nombreux enseignements \u00e9ducatifs tout en s&rsquo;amusant.<\/p>\n","protected":false},"featured_media":5364,"comment_status":"open","ping_status":"closed","template":"","meta":[],"product_brand":[],"product_cat":[15],"product_tag":[],"class_list":{"0":"post-332","1":"product","2":"type-product","3":"status-publish","4":"has-post-thumbnail","6":"product_cat-non-classe","7":"pa_annee-667","8":"pa_auteur-fatima-zeghri-et-cecile-djait","9":"pa_code-produit-ref-10391","10":"pa_editeur-pixelgraf-famille-musulmane","11":"pa_format-23-x-21-cm","12":"pa_langue-francais","13":"pa_nombre-de-pages-786","15":"first","16":"outofstock","17":"shipping-taxable","18":"purchasable","19":"product-type-simple"},"_links":{"self":[{"href":"https:\/\/lamaktaba.fr\/index.php\/wp-json\/wp\/v2\/product\/332","targetHints":{"allow":["GET"]}}],"collection":[{"href":"https:\/\/lamaktaba.fr\/index.php\/wp-json\/wp\/v2\/product"}],"about":[{"href":"https:\/\/lamaktaba.fr\/index.php\/wp-json\/wp\/v2\/types\/product"}],"replies":[{"embeddable":true,"href":"https:\/\/lamaktaba.fr\/index.php\/wp-json\/wp\/v2\/comments?post=332"}],"wp:featuredmedia":[{"embeddable":true,"href":"https:\/\/lamaktaba.fr\/index.php\/wp-json\/wp\/v2\/media\/5364"}],"wp:attachment":[{"href":"https:\/\/lamaktaba.fr\/index.php\/wp-json\/wp\/v2\/media?parent=332"}],"wp:term":[{"taxonomy":"product_brand","embeddable":true,"href":"https:\/\/lamaktaba.fr\/index.php\/wp-json\/wp\/v2\/product_brand?post=332"},{"taxonomy":"product_cat","embeddable":true,"href":"https:\/\/lamaktaba.fr\/index.php\/wp-json\/wp\/v2\/product_cat?post=332"},{"taxonomy":"product_tag","embeddable":true,"href":"https:\/\/lamaktaba.fr\/index.php\/wp-json\/wp\/v2\/product_tag?post=332"}],"curies":[{"name":"wp","href":"https:\/\/api.w.org\/{rel}","templated":true}]}}