{"id":330,"date":"2020-02-03T10:00:00","date_gmt":"2020-02-03T09:00:00","guid":{"rendered":"https:\/\/lamaktaba.fr\/index.php\/produit\/lauthentique-de-lexegese-de-la-sourate-la-royaute-%d8%b5%d8%ad%d9%8a%d8%ad-%d8%aa%d9%81%d8%b3%d9%8a%d8%b1-%d8%b3%d9%88%d8%b1%d8%a9-%d8%a7%d9%84%d9%85%d9%84%d9%83-ibn-kathir\/"},"modified":"2025-04-01T12:47:41","modified_gmt":"2025-04-01T10:47:41","slug":"lauthentique-de-lexegese-de-la-sourate-la-royaute-d8b5d8add98ad8ad-d8aad981d8b3d98ad8b1-d8b3d988d8b1d8a9-d8a7d984d985d984d983-ibn-kathir","status":"publish","type":"product","link":"https:\/\/lamaktaba.fr\/index.php\/produit\/lauthentique-de-lexegese-de-la-sourate-la-royaute-d8b5d8add98ad8ad-d8aad981d8b3d98ad8b1-d8b3d988d8b1d8a9-d8a7d984d985d984d983-ibn-kathir","title":{"rendered":"L&rsquo;Authentique de l&rsquo;ex\u00e9g\u00e8se de la sourate La Royaut\u00e9 &#8211; \u0635\u062d\u064a\u062d \u062a\u0641\u0633\u064a\u0631 \u0633\u0648\u0631\u0629 \u0627\u0644\u0645\u0644\u0643 &#8211; Ibn Kath\u00eer"},"content":{"rendered":"<p>D\u00e9crivant les vertus de la sourate la Royaut\u00e9, le Proph\u00e8te (sur la gr\u00e2ce et la paix) a dit: \u00ab Dans le Coran, il y a une sourate qui comporte trente versets, elle interc\u00e8dera pour celui qui en est familier jusqu\u2019\u00e0 ce que le pardon [divin] lui soit accord\u00e9. Il s\u2019agit de la Sourate: {B\u00e9ni soit celui dans la main de qui est la royaut\u00e9}. \u00bb Ahmad et At-Tirmidh\u00ee.<br \/>Ibn Kath\u00eer est l\u2019un des plus \u00e9minents \u00e9rudits musulmans. Dot\u00e9 d\u2019une excellente ma\u00eetrise de la langue arabe et des sciences traditionnelles, son ex\u00e9g\u00e8se combine avec succ\u00e8s ijtih\u00e2d (exercice ind\u00e9pendant de l\u2019interpr\u00e9tation) et sollicitation de la tradition (athar).<\/p>\n","protected":false},"excerpt":{"rendered":"<p>D\u00e9crivant les vertus de la sourate la Royaut\u00e9, le Proph\u00e8te (sur la gr\u00e2ce et la paix) a dit: \u00ab Dans le Coran, il y a une sourate qui comporte trente versets, elle interc\u00e8dera pour celui qui en est familier jusqu\u2019\u00e0 ce que le pardon [divin] lui soit accord\u00e9. Il s\u2019agit de la Sourate: {B\u00e9ni soit [&hellip;]<\/p>\n","protected":false},"featured_media":5362,"comment_status":"open","ping_status":"closed","template":"","meta":[],"product_brand":[],"product_cat":[1904,1908],"product_tag":[],"class_list":{"0":"post-330","1":"product","2":"type-product","3":"status-publish","4":"has-post-thumbnail","6":"product_cat-saint-coran","7":"product_cat-tafsir-exegese","9":"first","10":"outofstock","11":"shipping-taxable","12":"purchasable","13":"product-type-simple"},"_links":{"self":[{"href":"https:\/\/lamaktaba.fr\/index.php\/wp-json\/wp\/v2\/product\/330","targetHints":{"allow":["GET"]}}],"collection":[{"href":"https:\/\/lamaktaba.fr\/index.php\/wp-json\/wp\/v2\/product"}],"about":[{"href":"https:\/\/lamaktaba.fr\/index.php\/wp-json\/wp\/v2\/types\/product"}],"replies":[{"embeddable":true,"href":"https:\/\/lamaktaba.fr\/index.php\/wp-json\/wp\/v2\/comments?post=330"}],"wp:featuredmedia":[{"embeddable":true,"href":"https:\/\/lamaktaba.fr\/index.php\/wp-json\/wp\/v2\/media\/5362"}],"wp:attachment":[{"href":"https:\/\/lamaktaba.fr\/index.php\/wp-json\/wp\/v2\/media?parent=330"}],"wp:term":[{"taxonomy":"product_brand","embeddable":true,"href":"https:\/\/lamaktaba.fr\/index.php\/wp-json\/wp\/v2\/product_brand?post=330"},{"taxonomy":"product_cat","embeddable":true,"href":"https:\/\/lamaktaba.fr\/index.php\/wp-json\/wp\/v2\/product_cat?post=330"},{"taxonomy":"product_tag","embeddable":true,"href":"https:\/\/lamaktaba.fr\/index.php\/wp-json\/wp\/v2\/product_tag?post=330"}],"curies":[{"name":"wp","href":"https:\/\/api.w.org\/{rel}","templated":true}]}}