{"id":328,"date":"2020-02-03T10:00:00","date_gmt":"2020-02-03T09:00:00","guid":{"rendered":"https:\/\/lamaktaba.fr\/index.php\/produit\/la-voie-du-musulman-dapres-abu-bakr-jabir-al-jazairi-editions-2011\/"},"modified":"2025-04-01T12:47:10","modified_gmt":"2025-04-01T10:47:10","slug":"la-voie-du-musulman-dapres-abu-bakr-jabir-al-jazairi-editions-2011","status":"publish","type":"product","link":"https:\/\/lamaktaba.fr\/index.php\/produit\/la-voie-du-musulman-dapres-abu-bakr-jabir-al-jazairi-editions-2011","title":{"rendered":"La voie du musulman &#8211; d&rsquo;apr\u00e8s Abu Bakr Jabir Al-Jazairi &#8211; Editions 2011"},"content":{"rendered":"<p>\u2018\u2018Minh\u00e2j Al-Muslim\u2019\u2019 (La voie du musulman) comprend cinq parties, chacune se composant de plusieurs chapitres.<br \/>La premi\u00e8re est consacr\u00e9e \u00e0 la foi, la deuxi\u00e8me au comportement, la troisi\u00e8me \u00e0 l\u2019\u00e9thique, la quatri\u00e8me aux pratiques religieuses, et la cinqui\u00e8me aux rapports sociaux.<br \/>Il englobe ainsi les fondements et les branches de la religion musulmane.<br \/>D\u00e9crivant la m\u00e9thode qu\u2019il a suivie en composant son livre, le cheikh Ab\u00fb Bakr Al-Jaz\u00e2\u2019ir\u00ee \u2013 que l\u2019ait en sa mis\u00e9ricorde &#8211; dit<br \/>\u00ab J\u2019ai suivi, avec l\u2019assistance de Dieu, la bonne voie.<br \/>Ainsi dans les chapitres relatifs au dogme, je n\u2019ai pas d\u00e9vi\u00e9 des pr\u00e9ceptes des Anciens qui ont l\u2019approbation unanime de la Communaut\u00e9.<br \/>Celui qui fait sien ce dogme est s\u00fbr d\u2019obtenir le salut, car il est le dogme auquel adh\u00e9rait le Proph\u00e8te (salallahou alayhi wa salam), ainsi que ses Compagnons et leurs successeurs.<br \/>Ce dogme est \u00e9galement en ad\u00e9quation avec la nature primordiale et la religion pure apport\u00e9e par tous les Proph\u00e8tes et pour laquelle les Livres ont \u00e9t\u00e9 r\u00e9v\u00e9l\u00e9s.<br \/>Dans la partie r\u00e9serv\u00e9e \u00e0 la jurisprudence &#8211; pratiques religieuses et rapports sociaux, j\u2019ai fait de mon mieux pour rechercher l\u2019avis le plus juste et le plus valide dans les \u0153uvres des illustres imams (Ab\u00fb Han\u00eefa, M\u00e2lik, Ash-Sh\u00e2fi\u2018\u00ee et Ahmad, que Dieu leur accorde sa mis\u00e9ricorde) toutes les fois qu\u2019il s\u2019agissait d\u2019une question qui ne s\u2019appuyait pas sur un texte explicite ou sur un argument manifeste dans le Livre de Dieu et dans la Sunna de Son Envoy\u00e9.<br \/>Ainsi, tout musulman qui suit les enseignements expos\u00e9s dans ce livre est, sans aucun doute, s\u00fbr de se conformer \u00e0 la loi divine.<br \/>Mon dessein est de r\u00e9unir dans une seule voie, nos fr\u00e8res pour qu\u2019ils constituent une unit\u00e9 o\u00f9 concordent leurs id\u00e9es, communient leurs \u00e2mes, et interagissent leurs sentiments.\u00bb<\/p>\n","protected":false},"excerpt":{"rendered":"<p>\u2018\u2018Minh\u00e2j Al-Muslim\u2019\u2019 (La voie du musulman) comprend cinq parties, chacune se composant de plusieurs chapitres.La premi\u00e8re est consacr\u00e9e \u00e0 la foi, la deuxi\u00e8me au comportement, la troisi\u00e8me \u00e0 l\u2019\u00e9thique, la quatri\u00e8me aux pratiques religieuses, et la cinqui\u00e8me aux rapports sociaux.Il englobe ainsi les fondements et les branches de la religion musulmane.D\u00e9crivant la m\u00e9thode qu\u2019il a [&hellip;]<\/p>\n","protected":false},"featured_media":5357,"comment_status":"open","ping_status":"closed","template":"","meta":[],"product_brand":[],"product_cat":[15],"product_tag":[],"class_list":{"0":"post-328","1":"product","2":"type-product","3":"status-publish","4":"has-post-thumbnail","6":"product_cat-non-classe","8":"first","9":"outofstock","10":"shipping-taxable","11":"purchasable","12":"product-type-simple"},"_links":{"self":[{"href":"https:\/\/lamaktaba.fr\/index.php\/wp-json\/wp\/v2\/product\/328","targetHints":{"allow":["GET"]}}],"collection":[{"href":"https:\/\/lamaktaba.fr\/index.php\/wp-json\/wp\/v2\/product"}],"about":[{"href":"https:\/\/lamaktaba.fr\/index.php\/wp-json\/wp\/v2\/types\/product"}],"replies":[{"embeddable":true,"href":"https:\/\/lamaktaba.fr\/index.php\/wp-json\/wp\/v2\/comments?post=328"}],"wp:featuredmedia":[{"embeddable":true,"href":"https:\/\/lamaktaba.fr\/index.php\/wp-json\/wp\/v2\/media\/5357"}],"wp:attachment":[{"href":"https:\/\/lamaktaba.fr\/index.php\/wp-json\/wp\/v2\/media?parent=328"}],"wp:term":[{"taxonomy":"product_brand","embeddable":true,"href":"https:\/\/lamaktaba.fr\/index.php\/wp-json\/wp\/v2\/product_brand?post=328"},{"taxonomy":"product_cat","embeddable":true,"href":"https:\/\/lamaktaba.fr\/index.php\/wp-json\/wp\/v2\/product_cat?post=328"},{"taxonomy":"product_tag","embeddable":true,"href":"https:\/\/lamaktaba.fr\/index.php\/wp-json\/wp\/v2\/product_tag?post=328"}],"curies":[{"name":"wp","href":"https:\/\/api.w.org\/{rel}","templated":true}]}}