{"id":325,"date":"2020-02-03T10:00:00","date_gmt":"2020-02-03T09:00:00","guid":{"rendered":"https:\/\/lamaktaba.fr\/index.php\/produit\/les-qualites-eminentes-du-messager-dallah-sws-sa-description-physique-et-sa-noble-moralite-dapres-ibn-katir\/"},"modified":"2025-04-01T12:45:12","modified_gmt":"2025-04-01T10:45:12","slug":"les-qualites-eminentes-du-messager-dallah-sws-sa-description-physique-et-sa-noble-moralite-dapres-ibn-katir","status":"publish","type":"product","link":"https:\/\/lamaktaba.fr\/index.php\/produit\/les-qualites-eminentes-du-messager-dallah-sws-sa-description-physique-et-sa-noble-moralite-dapres-ibn-katir","title":{"rendered":"Les qualit\u00e9s \u00e9minentes du Messager d&rsquo;Allah (SWS) \u00ab\u00a0Sa description physique et sa noble moralit\u00e9\u00a0\u00bb d\u2019apr\u00e8s Ibn Katir"},"content":{"rendered":"<p>Les qualit\u00e9s \u00e9minentes du Messager d&rsquo;ALLah (SWS): Sa description physique et sa noble moralit\u00e9 d\u2019apr\u00e8s Ibn Katir;Ce livre d&rsquo;Ibn Katir permet au lecteur de conna\u00eetre la stature du Proph\u00e8te (SWS), son degr\u00e9 \u00e9minent et les qualit\u00e9s parfaites avec lesquelles Allah (Soubhanou wa ta&rsquo;ala) l&rsquo;a distingu\u00e9. Ce faisant, le c\u0153ur du lecteur ne pourra que s&rsquo;attacher encore plus \u00e0 sa personne, en l&rsquo;aimant, en le v\u00e9n\u00e9rant et en suivant sa voie et sa guidance. Il deviendra d\u00e9s lors pour lui une lumi\u00e8re avec laquelle il s&rsquo;illuminera et un guide gr\u00e2ce auquel il se guidera, en vertu de cette parole du Tr\u00e8s Haut: \u00ab Ob\u00e9ir \u00e0 l&rsquo;Envoy\u00e9, c&rsquo;est obeir \u00e0 Allah, ceux qui s&rsquo;en d\u00e9tournent, nous ne t&rsquo;avons pas envoy\u00e9 pour les surveiller \u00bb. S4. V80.;Ceux qui sont venus apr\u00e8s les compagnons, ne cessaient d&rsquo;interroger ces derniers sur les caract\u00e9ristiques physiques et les vertus morales et spirituelles du Messager d&rsquo;Allah par souci de leur part de le prendre comme exemple et mod\u00e8le. Leur d\u00e9sir de se conformer au comportement moral et spirituel du Proph\u00e8te (SWS) \u00e9tait tel, car ils voulaient faire partie de ceux au sujet desquels le Messager d&rsquo;Allah (SWS) a dit: \u00ab Parmi les gens de ma communaut\u00e9 qui me vouent le plus grand amour, il y a des gens qui viendront apr\u00e8s moi et qui voudront donner leurs familles et leurs biens juste pour me voir \u00bb. Rapport\u00e9 par Moslim<\/p>\n","protected":false},"excerpt":{"rendered":"<p>Les qualit\u00e9s \u00e9minentes du Messager d&rsquo;ALLah (SWS): Sa description physique et sa noble moralit\u00e9 d\u2019apr\u00e8s Ibn Katir;Ce livre d&rsquo;Ibn Katir permet au lecteur de conna\u00eetre la stature du Proph\u00e8te (SWS), son degr\u00e9 \u00e9minent et les qualit\u00e9s parfaites avec lesquelles Allah (Soubhanou wa ta&rsquo;ala) l&rsquo;a distingu\u00e9. Ce faisant, le c\u0153ur du lecteur ne pourra que s&rsquo;attacher encore plus \u00e0 sa personne, en l&rsquo;aimant, en le v\u00e9n\u00e9rant et en suivant sa voie et sa guidance. Il deviendra d\u00e9s lors pour lui une lumi\u00e8re avec laquelle il s&rsquo;illuminera et un guide gr\u00e2ce auquel il se guidera, en vertu de cette parole du Tr\u00e8s Haut: \u00ab Ob\u00e9ir \u00e0 l&rsquo;Envoy\u00e9, c&rsquo;est obeir \u00e0 Allah, ceux qui s&rsquo;en d\u00e9tournent, nous ne t&rsquo;avons pas envoy\u00e9 pour les surveiller \u00bb. S4. V80.;Ceux qui sont venus apr\u00e8s les compagnons, ne cessaient d&rsquo;interroger ces derniers sur les caract\u00e9ristiques physiques et les vertus morales et spirituelles du Messager d&rsquo;Allah par souci de leur part de le prendre comme exemple et mod\u00e8le. Leur d\u00e9sir de se conformer au comportement moral et spirituel du Proph\u00e8te (SWS) \u00e9tait tel, car ils voulaient faire partie de ceux au sujet desquels le Messager d&rsquo;Allah (SWS) a dit: \u00ab Parmi les gens de ma communaut\u00e9 qui me vouent le plus grand amour, il y a des gens qui viendront apr\u00e8s moi et qui voudront donner leurs familles et leurs biens juste pour me voir \u00bb. Rapport\u00e9 par Moslim<\/p>\n","protected":false},"featured_media":5345,"comment_status":"open","ping_status":"closed","template":"","meta":[],"product_brand":[],"product_cat":[1944,1895,1916,1897],"product_tag":[],"class_list":{"0":"post-325","1":"product","2":"type-product","3":"status-publish","4":"has-post-thumbnail","6":"product_cat-ethique","7":"product_cat-les-prophetes","8":"product_cat-spiritualite","9":"product_cat-vie-du-prophete-saw","10":"pa_annee-446","11":"pa_auteur-abu-al-fida-ismail-ibn-omar-ibn-katir","12":"pa_editeur-universel-editions","13":"pa_format-13-5cm-x20-5cm","14":"pa_langue-francais","15":"pa_nombre-de-pages-1010","16":"pa_reliure-souple","18":"first","19":"outofstock","20":"shipping-taxable","21":"purchasable","22":"product-type-simple"},"_links":{"self":[{"href":"https:\/\/lamaktaba.fr\/index.php\/wp-json\/wp\/v2\/product\/325","targetHints":{"allow":["GET"]}}],"collection":[{"href":"https:\/\/lamaktaba.fr\/index.php\/wp-json\/wp\/v2\/product"}],"about":[{"href":"https:\/\/lamaktaba.fr\/index.php\/wp-json\/wp\/v2\/types\/product"}],"replies":[{"embeddable":true,"href":"https:\/\/lamaktaba.fr\/index.php\/wp-json\/wp\/v2\/comments?post=325"}],"wp:featuredmedia":[{"embeddable":true,"href":"https:\/\/lamaktaba.fr\/index.php\/wp-json\/wp\/v2\/media\/5345"}],"wp:attachment":[{"href":"https:\/\/lamaktaba.fr\/index.php\/wp-json\/wp\/v2\/media?parent=325"}],"wp:term":[{"taxonomy":"product_brand","embeddable":true,"href":"https:\/\/lamaktaba.fr\/index.php\/wp-json\/wp\/v2\/product_brand?post=325"},{"taxonomy":"product_cat","embeddable":true,"href":"https:\/\/lamaktaba.fr\/index.php\/wp-json\/wp\/v2\/product_cat?post=325"},{"taxonomy":"product_tag","embeddable":true,"href":"https:\/\/lamaktaba.fr\/index.php\/wp-json\/wp\/v2\/product_tag?post=325"}],"curies":[{"name":"wp","href":"https:\/\/api.w.org\/{rel}","templated":true}]}}