{"id":322,"date":"2020-02-03T10:00:00","date_gmt":"2020-02-03T09:00:00","guid":{"rendered":"https:\/\/lamaktaba.fr\/index.php\/produit\/le-voile-de-la-femme-musulmane-dans-le-coran-et-la-sunna-cheikh-al-albani-sheikh-muhammad-nasir-ad-din-al-albani\/"},"modified":"2025-04-01T12:44:54","modified_gmt":"2025-04-01T10:44:54","slug":"le-voile-de-la-femme-musulmane-dans-le-coran-et-la-sunna-cheikh-al-albani-sheikh-muhammad-nasir-ad-din-al-albani","status":"publish","type":"product","link":"https:\/\/lamaktaba.fr\/index.php\/produit\/le-voile-de-la-femme-musulmane-dans-le-coran-et-la-sunna-cheikh-al-albani-sheikh-muhammad-nasir-ad-din-al-albani","title":{"rendered":"Le voile de la femme musulmane dans le Coran et la Sunna (Cheikh Al-Alb\u00e2n\u00ee) &#8211; Sheikh Muhammad N\u00e2sir Ad-D\u00een Al-Alb\u00e2n\u00ee"},"content":{"rendered":"<p>Le voile de la femme musulmane\u00a0\u00bb par Sheikh Muhammad N\u00e2sir Ad-D\u00een Al-Alb\u00e2n\u00ee.<br \/>A toutes celles qui sont satisfaites d&rsquo;Allah comme Seigneur, de l&rsquo;Islam comme religion et de Muhammad comme proph\u00e8te et messager.<br \/>Celles qui gr\u00e2ce a l&rsquo;Islam, se sont \u00e9lev\u00e9es au dessus de leur penchant.<br \/>Aux filles de Khadija, Asma et Sumayya.<br \/>A toutes les jeunes filles qui s&rsquo;attachent au livre de leur Seigneur en le lisant et le mettant en pratique<br \/>Les jeunes filles qui pi\u00e9tinent les slogans trompeurs que r\u00e9p\u00e8tent les chantres de la dissolution et de la d\u00e9bauche.<br \/>Les filles qui d\u00e9sirent le bonheur dans cette vie et dans l&rsquo;au-del\u00e0.<br \/>Les musulmanes ont grand besoin de conna\u00eetre les conditions du jilb\u00e2b et que, pour beaucoup, les jilb\u00e2b qu&rsquo;elles portent ne remplissent pas les conditions requises. L&rsquo;ouvrage intitul\u00e9 \u00ab\u00a0Jilb\u00e2b al Mar&rsquo;a al-Muslima f\u00ee al-Kit\u00e2b wa al-Sunna\u00a0\u00bb r\u00e9dig\u00e9 par l&rsquo;illustre savant, le cheikh Muhammed N\u00e2sir Ad-D\u00een Al-Alb\u00e2n\u00ee est le livre qui a le mieux trait\u00e9 la question.<br \/>Livre en langue fran\u00e7aise, les versets coraniques sont \u00e9galement cit\u00e9s en langue arabe.<\/p>\n","protected":false},"excerpt":{"rendered":"<p>Le voile de la femme musulmane\u00a0\u00bb par Sheikh Muhammad N\u00e2sir Ad-D\u00een Al-Alb\u00e2n\u00ee.A toutes celles qui sont satisfaites d&rsquo;Allah comme Seigneur, de l&rsquo;Islam comme religion et de Muhammad comme proph\u00e8te et messager.Celles qui gr\u00e2ce a l&rsquo;Islam, se sont \u00e9lev\u00e9es au dessus de leur penchant.Aux filles de Khadija, Asma et Sumayya.A toutes les jeunes filles qui s&rsquo;attachent [&hellip;]<\/p>\n","protected":false},"featured_media":5335,"comment_status":"open","ping_status":"closed","template":"","meta":[],"product_brand":[],"product_cat":[15],"product_tag":[],"class_list":{"0":"post-322","1":"product","2":"type-product","3":"status-publish","4":"has-post-thumbnail","6":"product_cat-non-classe","8":"first","9":"outofstock","10":"shipping-taxable","11":"purchasable","12":"product-type-simple"},"_links":{"self":[{"href":"https:\/\/lamaktaba.fr\/index.php\/wp-json\/wp\/v2\/product\/322","targetHints":{"allow":["GET"]}}],"collection":[{"href":"https:\/\/lamaktaba.fr\/index.php\/wp-json\/wp\/v2\/product"}],"about":[{"href":"https:\/\/lamaktaba.fr\/index.php\/wp-json\/wp\/v2\/types\/product"}],"replies":[{"embeddable":true,"href":"https:\/\/lamaktaba.fr\/index.php\/wp-json\/wp\/v2\/comments?post=322"}],"wp:featuredmedia":[{"embeddable":true,"href":"https:\/\/lamaktaba.fr\/index.php\/wp-json\/wp\/v2\/media\/5335"}],"wp:attachment":[{"href":"https:\/\/lamaktaba.fr\/index.php\/wp-json\/wp\/v2\/media?parent=322"}],"wp:term":[{"taxonomy":"product_brand","embeddable":true,"href":"https:\/\/lamaktaba.fr\/index.php\/wp-json\/wp\/v2\/product_brand?post=322"},{"taxonomy":"product_cat","embeddable":true,"href":"https:\/\/lamaktaba.fr\/index.php\/wp-json\/wp\/v2\/product_cat?post=322"},{"taxonomy":"product_tag","embeddable":true,"href":"https:\/\/lamaktaba.fr\/index.php\/wp-json\/wp\/v2\/product_tag?post=322"}],"curies":[{"name":"wp","href":"https:\/\/api.w.org\/{rel}","templated":true}]}}