{"id":321,"date":"2020-02-03T10:00:00","date_gmt":"2020-02-03T09:00:00","guid":{"rendered":"https:\/\/lamaktaba.fr\/index.php\/produit\/les-regles-exemplaires-des-noms-et-attributs-divins-de-al-uthaymin\/"},"modified":"2025-04-01T12:47:09","modified_gmt":"2025-04-01T10:47:09","slug":"les-regles-exemplaires-des-noms-et-attributs-divins-de-al-uthaymin","status":"publish","type":"product","link":"https:\/\/lamaktaba.fr\/index.php\/produit\/les-regles-exemplaires-des-noms-et-attributs-divins-de-al-uthaymin","title":{"rendered":"Les r\u00e8gles exemplaires des Noms et Attributs Divins, de Al-Uthaym\u00een"},"content":{"rendered":"<p>Les r\u00e8gles exemplaires des Noms et Attributs Divins, de Al-Uthaym\u00een<br \/>Les noms et attributs divins constituent la partie fondamentale du savoir religieux. Il en est ainsi car cette branche concerne la description de Celui qui est \u00e0 l\u2019origine de toute chose, Celui de qui nous venons et vers qui nous retournons, savoir Allah l\u2019Exalt\u00e9.<br \/>La science des Noms et des Attributs divins permet \u00e0 l\u2019homme de conna\u00eetre Son Seigneur pour mieux L \u2019adorer. Plus l\u2019homme conna\u00eet la v\u00e9ritable grandeur de son Seigneur, plus il prend conscience de son insignifiance face \u00e0 Lui et se pr\u00e9munit envers Lui. De m\u00eame l\u2019amour que l\u2019homme nourrit pour son Seigneur s\u2019accro\u00eet au fur et \u00e0 mesure qu\u2019il est instruit sur la mani\u00e8re juste et \u00e9quitable avec laquelle Il agit envers ses cr\u00e9atures.<br \/>Il est d\u00e9s lors n\u00e9cessaire pour qui d\u00e9sire conna\u00eetre son Seigneur d\u2019\u00e9tudier s\u00e9rieusement les Noms et Attributs divins en se r\u00e9f\u00e9rant uniquement au Coran et \u00e0 la Sunna de l\u2019Envoy\u00e9 de Dieu (saws).<br \/>R\u00e9f\u00e9rence 9782356335180<br \/>Fiche technique AUTEUR: &#8211; Al-Uthaym\u00een LANGUE: -.Fran\u00e7ais ANNEE: &#8211; 2018 SUPPORT: &#8211; Livre THEME: &#8211; Allah, Noms et Attributs Divins \u00c9DITIONS: &#8211; -SANA Condition: &#8211; Neuf Nombre de Pages: &#8211; 152 FORMAT (CM): 14 x 20 cm Poids (kg): &#8211; 177 g EAN13: &#8211; 9782356335180 RELIURE: &#8211; Souple.Traduction: &#8211; D\u00e9partement de traduction &#8211; Coordination: Dr. Mahboubi Moussaoui<br \/>R\u00e9f\u00e9rences sp\u00e9cifiques<br \/>Donnez votre avis<br \/>Aucun commentaire pour le moment<\/p>\n","protected":false},"excerpt":{"rendered":"<p>Les r\u00e8gles exemplaires des Noms et Attributs Divins, de Al-Uthaym\u00eenLes noms et attributs divins constituent la partie fondamentale du savoir religieux. Il en est ainsi car cette branche concerne la description de Celui qui est \u00e0 l\u2019origine de toute chose, Celui de qui nous venons et vers qui nous retournons, savoir Allah l\u2019Exalt\u00e9.La science des [&hellip;]<\/p>\n","protected":false},"featured_media":5334,"comment_status":"open","ping_status":"closed","template":"","meta":[],"product_brand":[],"product_cat":[15],"product_tag":[],"class_list":{"0":"post-321","1":"product","2":"type-product","3":"status-publish","4":"has-post-thumbnail","6":"product_cat-non-classe","8":"first","9":"outofstock","10":"shipping-taxable","11":"purchasable","12":"product-type-simple"},"_links":{"self":[{"href":"https:\/\/lamaktaba.fr\/index.php\/wp-json\/wp\/v2\/product\/321","targetHints":{"allow":["GET"]}}],"collection":[{"href":"https:\/\/lamaktaba.fr\/index.php\/wp-json\/wp\/v2\/product"}],"about":[{"href":"https:\/\/lamaktaba.fr\/index.php\/wp-json\/wp\/v2\/types\/product"}],"replies":[{"embeddable":true,"href":"https:\/\/lamaktaba.fr\/index.php\/wp-json\/wp\/v2\/comments?post=321"}],"wp:featuredmedia":[{"embeddable":true,"href":"https:\/\/lamaktaba.fr\/index.php\/wp-json\/wp\/v2\/media\/5334"}],"wp:attachment":[{"href":"https:\/\/lamaktaba.fr\/index.php\/wp-json\/wp\/v2\/media?parent=321"}],"wp:term":[{"taxonomy":"product_brand","embeddable":true,"href":"https:\/\/lamaktaba.fr\/index.php\/wp-json\/wp\/v2\/product_brand?post=321"},{"taxonomy":"product_cat","embeddable":true,"href":"https:\/\/lamaktaba.fr\/index.php\/wp-json\/wp\/v2\/product_cat?post=321"},{"taxonomy":"product_tag","embeddable":true,"href":"https:\/\/lamaktaba.fr\/index.php\/wp-json\/wp\/v2\/product_tag?post=321"}],"curies":[{"name":"wp","href":"https:\/\/api.w.org\/{rel}","templated":true}]}}