{"id":319,"date":"2020-02-03T10:00:00","date_gmt":"2020-02-03T09:00:00","guid":{"rendered":"https:\/\/lamaktaba.fr\/index.php\/produit\/gagne-la-grande-course-vers-le-paradis-fatima-zeghari-metalbi-amine-rahali-illustration-fateh-guilali\/"},"modified":"2025-04-01T12:43:20","modified_gmt":"2025-04-01T10:43:20","slug":"gagne-la-grande-course-vers-le-paradis-fatima-zeghari-metalbi-amine-rahali-illustration-fateh-guilali","status":"publish","type":"product","link":"https:\/\/lamaktaba.fr\/index.php\/produit\/gagne-la-grande-course-vers-le-paradis-fatima-zeghari-metalbi-amine-rahali-illustration-fateh-guilali","title":{"rendered":"La Grande Course vers Le Paradis &#8211; Bande dessin\u00e9e &#038; Jeux \u00e9ducatifs"},"content":{"rendered":"<p>La Grande Course vers Le Paradis;Un livre sign\u00e9 SANA &#8211; imagin\u00e9 par Fatima Zeghari Metalbi &#038; AMINE RAHALI;A travers ce livre, votre enfant embarquera dans une course palpitante aux c\u00f4t\u00e9s de Jenna et ses fr\u00e8res Kenz et Tareq.;Tout en r\u00e9solvant des \u00e9preuves, il d\u00e9couvrira les bonnes actions \u00e0 r\u00e9aliser dans sa vie pour aller au Paradis incha Allah.;Il apprendra aussi comment d\u00e9jouer les pi\u00e8ges de chaytane dans son quotidien gr\u00e2ce aux conseils de Cheykh Othmane, le Cheikh qui aime les enfants.;\u2022 DES JEUX \u2022 DES \u00c9PREUVES;\u2022 DES CONSEILS DU CHEIKH OTHMANE;Le tout \u00e0 travers une belle HISTOIRE pleine d&rsquo;action et de suspense, en bande dessin\u00e9e pour les petits mouslims !;Vous qui \u00eates soucieux de l&rsquo;\u00e9ducation, du bonheur et de l&rsquo;\u00e9panouissement de vos enfants, vos petits neveux et ni\u00e8ces, vos petits cousins et cousines, vos \u00e9l\u00e8ves etc. Bismillah, avec ce livre, vous allez certainement faire plaisir !;Test\u00e9 et approuv\u00e9 par 100% des enfants et des parents !;A partir de 7 ans.;R\u00e9f\u00e9rence 9782356330956 Date de disponibilit\u00e9: 2015-12-20;Fiche technique AUTEUR: &#8211; Fatima Zeghari Metalbi \/ AMINE RAHALI LANGUE: -.Fran\u00e7ais ANNEE: &#8211; 2015 SUPPORT: &#8211; Livre THEME: &#8211; Biblioth\u00e8que des Enfants \u00c9DITIONS: &#8211; -SANA FABRICATION: &#8211; SANA FABRICATION Condition: &#8211; Neuf Nombre de Pages: &#8211; 80 Poids (kg): &#8211; 0.461 EAN13: &#8211; 9782356330956 RELIURE: &#8211; Rigide Nombre de Volume: &#8211; 1;R\u00e9f\u00e9rences sp\u00e9cifiques;Donnez votre avis;Aucun commentaire pour le moment<\/p>\n","protected":false},"excerpt":{"rendered":"<p>La Grande Course vers Le Paradis;Un livre sign\u00e9 SANA &#8211; imagin\u00e9 par Fatima Zeghari Metalbi &#038; AMINE RAHALI;A travers ce livre, votre enfant embarquera dans une course palpitante aux c\u00f4t\u00e9s de Jenna et ses fr\u00e8res Kenz et Tareq.;Tout en r\u00e9solvant des \u00e9preuves, il d\u00e9couvrira les bonnes actions \u00e0 r\u00e9aliser dans sa vie pour aller au Paradis incha Allah.;Il apprendra aussi comment d\u00e9jouer les pi\u00e8ges de chaytane dans son quotidien gr\u00e2ce aux conseils de Cheykh Othmane, le Cheikh qui aime les enfants.;\u2022 DES JEUX \u2022 DES \u00c9PREUVES;\u2022 DES CONSEILS DU CHEIKH OTHMANE;Le tout \u00e0 travers une belle HISTOIRE pleine d&rsquo;action et de suspense, en bande dessin\u00e9e pour les petits mouslims !;Vous qui \u00eates soucieux de l&rsquo;\u00e9ducation, du bonheur et de l&rsquo;\u00e9panouissement de vos enfants, vos petits neveux et ni\u00e8ces, vos petits cousins et cousines, vos \u00e9l\u00e8ves etc. Bismillah, avec ce livre, vous allez certainement faire plaisir !;Test\u00e9 et approuv\u00e9 par 100% des enfants et des parents !;A partir de 7 ans.;R\u00e9f\u00e9rence 9782356330956 Date de disponibilit\u00e9: 2015-12-20;Fiche technique AUTEUR: &#8211; Fatima Zeghari Metalbi \/ AMINE RAHALI LANGUE: -.Fran\u00e7ais ANNEE: &#8211; 2015 SUPPORT: &#8211; Livre THEME: &#8211; Biblioth\u00e8que des Enfants \u00c9DITIONS: &#8211; -SANA FABRICATION: &#8211; SANA FABRICATION Condition: &#8211; Neuf Nombre de Pages: &#8211; 80 Poids (kg): &#8211; 0.461 EAN13: &#8211; 9782356330956 RELIURE: &#8211; Rigide Nombre de Volume: &#8211; 1;R\u00e9f\u00e9rences sp\u00e9cifiques;Donnez votre avis;Aucun commentaire pour le moment<\/p>\n","protected":false},"featured_media":37115,"comment_status":"open","ping_status":"closed","template":"","meta":[],"product_brand":[],"product_cat":[15],"product_tag":[],"class_list":{"0":"post-319","1":"product","2":"type-product","3":"status-publish","4":"has-post-thumbnail","6":"product_cat-non-classe","7":"pa_annee-381","8":"pa_auteur-fatima-zeghari-metalbi-amine-rahali","9":"pa_langue-francais","10":"pa_nombre-de-pages-507","11":"pa_reliure-rigide","13":"first","14":"instock","15":"shipping-taxable","16":"purchasable","17":"product-type-simple"},"_links":{"self":[{"href":"https:\/\/lamaktaba.fr\/index.php\/wp-json\/wp\/v2\/product\/319","targetHints":{"allow":["GET"]}}],"collection":[{"href":"https:\/\/lamaktaba.fr\/index.php\/wp-json\/wp\/v2\/product"}],"about":[{"href":"https:\/\/lamaktaba.fr\/index.php\/wp-json\/wp\/v2\/types\/product"}],"replies":[{"embeddable":true,"href":"https:\/\/lamaktaba.fr\/index.php\/wp-json\/wp\/v2\/comments?post=319"}],"wp:featuredmedia":[{"embeddable":true,"href":"https:\/\/lamaktaba.fr\/index.php\/wp-json\/wp\/v2\/media\/37115"}],"wp:attachment":[{"href":"https:\/\/lamaktaba.fr\/index.php\/wp-json\/wp\/v2\/media?parent=319"}],"wp:term":[{"taxonomy":"product_brand","embeddable":true,"href":"https:\/\/lamaktaba.fr\/index.php\/wp-json\/wp\/v2\/product_brand?post=319"},{"taxonomy":"product_cat","embeddable":true,"href":"https:\/\/lamaktaba.fr\/index.php\/wp-json\/wp\/v2\/product_cat?post=319"},{"taxonomy":"product_tag","embeddable":true,"href":"https:\/\/lamaktaba.fr\/index.php\/wp-json\/wp\/v2\/product_tag?post=319"}],"curies":[{"name":"wp","href":"https:\/\/api.w.org\/{rel}","templated":true}]}}