{"id":316,"date":"2020-02-03T10:00:00","date_gmt":"2020-02-03T09:00:00","guid":{"rendered":"https:\/\/lamaktaba.fr\/index.php\/produit\/dico-islam-32-mots-et-definitions-pour-decouvrir-lislam-en-samusant\/"},"modified":"2025-04-01T12:43:08","modified_gmt":"2025-04-01T10:43:08","slug":"dico-islam-32-mots-et-definitions-pour-decouvrir-lislam-en-samusant","status":"publish","type":"product","link":"https:\/\/lamaktaba.fr\/index.php\/produit\/dico-islam-32-mots-et-definitions-pour-decouvrir-lislam-en-samusant","title":{"rendered":"Dico Islam: 32 mots et d\u00e9finitions pour d\u00e9couvrir l&rsquo;islam en s&rsquo;amusant"},"content":{"rendered":"<p>Dico Islam, 32 mots et d\u00e9finitions pour d\u00e9couvrir la beaut\u00e9 de l&rsquo;islam en s&rsquo;amusant avec des fiches sur les Proph\u00e8tes. \u00a0\u00bb Berger: Etre berger, c&rsquo;est contempler, observer, soigner, faire pa\u00eetre avec \u00e9quit\u00e9 les brebis, ramener celle qui s&rsquo;est \u00e9cart\u00e9e, chercher celle qui est perdue. Autant de beaux gestes que les proph\u00e8tes ont appris dans cette \u00e9cole d&rsquo;amour, de paix, de beaut\u00e9 et de po\u00e9sie. Le Coran: Le Coran est la parole d&rsquo;Allah. La r\u00e9citation de ses versets illumine mon coeur et le remplit de bonheur. Apr\u00e8s la purification, quand je prends le Coran dans mes mains, je d\u00e9couvre ses 114 sourates qui racontent la vie des proph\u00e8tes, les lois et les miracles d&rsquo;Allah. Il est mon tr\u00e9sor et il donne un sens \u00e0 ma vie.\u00a0\u00bb<\/p>\n","protected":false},"excerpt":{"rendered":"<p>Dico Islam, 32 mots et d\u00e9finitions pour d\u00e9couvrir la beaut\u00e9 de l&rsquo;islam en s&rsquo;amusant avec des fiches sur les Proph\u00e8tes. \u00a0\u00bb Berger: Etre berger, c&rsquo;est contempler, observer, soigner, faire pa\u00eetre avec \u00e9quit\u00e9 les brebis, ramener celle qui s&rsquo;est \u00e9cart\u00e9e, chercher celle qui est perdue. Autant de beaux gestes que les proph\u00e8tes ont appris dans cette \u00e9cole d&rsquo;amour, de paix, de beaut\u00e9 et de po\u00e9sie. Le Coran: Le Coran est la parole d&rsquo;Allah. La r\u00e9citation de ses versets illumine mon coeur et le remplit de bonheur. Apr\u00e8s la purification, quand je prends le Coran dans mes mains, je d\u00e9couvre ses 114 sourates qui racontent la vie des proph\u00e8tes, les lois et les miracles d&rsquo;Allah. Il est mon tr\u00e9sor et il donne un sens \u00e0 ma vie.\u00a0\u00bb<\/p>\n","protected":false},"featured_media":5311,"comment_status":"open","ping_status":"closed","template":"","meta":[],"product_brand":[],"product_cat":[15],"product_tag":[],"class_list":{"0":"post-316","1":"product","2":"type-product","3":"status-publish","4":"has-post-thumbnail","6":"product_cat-non-classe","7":"pa_editeur-sana","9":"first","10":"outofstock","11":"shipping-taxable","12":"purchasable","13":"product-type-simple"},"_links":{"self":[{"href":"https:\/\/lamaktaba.fr\/index.php\/wp-json\/wp\/v2\/product\/316","targetHints":{"allow":["GET"]}}],"collection":[{"href":"https:\/\/lamaktaba.fr\/index.php\/wp-json\/wp\/v2\/product"}],"about":[{"href":"https:\/\/lamaktaba.fr\/index.php\/wp-json\/wp\/v2\/types\/product"}],"replies":[{"embeddable":true,"href":"https:\/\/lamaktaba.fr\/index.php\/wp-json\/wp\/v2\/comments?post=316"}],"wp:featuredmedia":[{"embeddable":true,"href":"https:\/\/lamaktaba.fr\/index.php\/wp-json\/wp\/v2\/media\/5311"}],"wp:attachment":[{"href":"https:\/\/lamaktaba.fr\/index.php\/wp-json\/wp\/v2\/media?parent=316"}],"wp:term":[{"taxonomy":"product_brand","embeddable":true,"href":"https:\/\/lamaktaba.fr\/index.php\/wp-json\/wp\/v2\/product_brand?post=316"},{"taxonomy":"product_cat","embeddable":true,"href":"https:\/\/lamaktaba.fr\/index.php\/wp-json\/wp\/v2\/product_cat?post=316"},{"taxonomy":"product_tag","embeddable":true,"href":"https:\/\/lamaktaba.fr\/index.php\/wp-json\/wp\/v2\/product_tag?post=316"}],"curies":[{"name":"wp","href":"https:\/\/api.w.org\/{rel}","templated":true}]}}