{"id":313,"date":"2020-02-03T10:00:00","date_gmt":"2020-02-03T09:00:00","guid":{"rendered":"https:\/\/lamaktaba.fr\/index.php\/produit\/le-soleil-dallah-brille-sur-loccident-dapres-sigrid-hunke\/"},"modified":"2025-04-01T12:46:28","modified_gmt":"2025-04-01T10:46:28","slug":"le-soleil-dallah-brille-sur-loccident-dapres-sigrid-hunke","status":"publish","type":"product","link":"https:\/\/lamaktaba.fr\/index.php\/produit\/le-soleil-dallah-brille-sur-loccident-dapres-sigrid-hunke","title":{"rendered":"Le Soleil d\u2019Allah brille sur l\u2019occident d&rsquo;apr\u00e8s Sigrid Hunke"},"content":{"rendered":"<p>Le Soleil d\u2019Allah brille sur l\u2019occident d&rsquo;apr\u00e8s Sigrid Hunke;Un hommage est rendu \u00e0 la contribution de la civilisation islamique \u00e0 l\u2019essor des sciences et des techniques en Occident dans ce livre qui se lit comme un roman.;Alors que l&rsquo;Europe se d\u00e9battait dans un Moyen \u00c2ge de conflits et de blocages, le monde arabe \u00e9tait le th\u00e9\u00e2tre d\u2019une admirable civilisation fond\u00e9e sur les \u00e9changes \u00e9conomiques, intellectuels et spirituels. Dans toutes les disciplines math\u00e9matiques, astronomie, m\u00e9decine, architecture, musique et po\u00e9sie, les Arabes multipli\u00e8rent les prodigieuses r\u00e9alisations.;Passant par l\u2019Italie, la Sicile, l\u2019Espagne et autres territoire soumis \u00e0 la domination ou \u00e0 l\u2019influence arabe, part l\u2019entremise des grands princes, comme Fr\u00e9d\u00e9ric II de Hohenstaufen, ou par le canal de nombreux voyageurs (n\u00e9gociants, p\u00e8lerins, crois\u00e9s, \u00e9tudiants), les r\u00e9alisations de cette prestigieuse civilisation ont peu \u00e0 peu gagn\u00e9 une grande partie de l\u2019Europe o\u00f9 elles jou\u00e8rent un r\u00f4le d\u00e9terminant dans l\u2019\u00e9closion de la civilisation occidentale.;Sigrid Hunke brosse un tableau saisissant de cette rencontre entre l\u2019Orient et l\u2019Occident. L\u2019influence d\u00e9cisive de la civilisation arabe influence trop souvent pass\u00e9e sous silence, sinon ouvertement contest\u00e9e est enfin mise en pleine lumi\u00e8re.;Cet ouvrage se compose de sept grandes parties et de plusieurs sous parties.;En voici quelques-unes;L&rsquo;assaisonnement du quotidien.;La num\u00e9ration \u00e9crite universelle.;Le ciel au-dessus de nos t\u00eates.;Les mains qui gu\u00e9rissent.;Les glaives de l&rsquo;esprit.;Trait d&rsquo;union entre l&rsquo;Orient et l&rsquo;Occident.;Arabesques andalouses.;Marque ALBIN MICHEL R\u00e9f\u00e9rence 9782226093585;Fiche technique AUTEUR: &#8211; sigrid hunke ANNEE: &#8211; 1997 SUPPORT: &#8211; Livre THEME: &#8211; Civilisation de l&rsquo;Islam \u00c9DITIONS: &#8211; albin michel Condition: &#8211; Neuf Nombre de Pages: &#8211; 393 FORMAT (CM): 18 x 11CM Poids (kg): &#8211; 0.3 EAN13: &#8211; 9782226093585 RELIURE: &#8211; Souple;R\u00e9f\u00e9rences sp\u00e9cifiques;Donnez votre avis;Aucun commentaire pour le moment<\/p>\n","protected":false},"excerpt":{"rendered":"<p>Le Soleil d\u2019Allah brille sur l\u2019occident d&rsquo;apr\u00e8s Sigrid Hunke;Un hommage est rendu \u00e0 la contribution de la civilisation islamique \u00e0 l\u2019essor des sciences et des techniques en Occident dans ce livre qui se lit comme un roman.;Alors que l&rsquo;Europe se d\u00e9battait dans un Moyen \u00c2ge de conflits et de blocages, le monde arabe \u00e9tait le th\u00e9\u00e2tre d\u2019une admirable civilisation fond\u00e9e sur les \u00e9changes \u00e9conomiques, intellectuels et spirituels. Dans toutes les disciplines math\u00e9matiques, astronomie, m\u00e9decine, architecture, musique et po\u00e9sie, les Arabes multipli\u00e8rent les prodigieuses r\u00e9alisations.;Passant par l\u2019Italie, la Sicile, l\u2019Espagne et autres territoire soumis \u00e0 la domination ou \u00e0 l\u2019influence arabe, part l\u2019entremise des grands princes, comme Fr\u00e9d\u00e9ric II de Hohenstaufen, ou par le canal de nombreux voyageurs (n\u00e9gociants, p\u00e8lerins, crois\u00e9s, \u00e9tudiants), les r\u00e9alisations de cette prestigieuse civilisation ont peu \u00e0 peu gagn\u00e9 une grande partie de l\u2019Europe o\u00f9 elles jou\u00e8rent un r\u00f4le d\u00e9terminant dans l\u2019\u00e9closion de la civilisation occidentale.;Sigrid Hunke brosse un tableau saisissant de cette rencontre entre l\u2019Orient et l\u2019Occident. L\u2019influence d\u00e9cisive de la civilisation arabe influence trop souvent pass\u00e9e sous silence, sinon ouvertement contest\u00e9e est enfin mise en pleine lumi\u00e8re.;Cet ouvrage se compose de sept grandes parties et de plusieurs sous parties.;En voici quelques-unes;L&rsquo;assaisonnement du quotidien.;La num\u00e9ration \u00e9crite universelle.;Le ciel au-dessus de nos t\u00eates.;Les mains qui gu\u00e9rissent.;Les glaives de l&rsquo;esprit.;Trait d&rsquo;union entre l&rsquo;Orient et l&rsquo;Occident.;Arabesques andalouses.;Marque ALBIN MICHEL R\u00e9f\u00e9rence 9782226093585;Fiche technique AUTEUR: &#8211; sigrid hunke ANNEE: &#8211; 1997 SUPPORT: &#8211; Livre THEME: &#8211; Civilisation de l&rsquo;Islam \u00c9DITIONS: &#8211; albin michel Condition: &#8211; Neuf Nombre de Pages: &#8211; 393 FORMAT (CM): 18 x 11CM Poids (kg): &#8211; 0.3 EAN13: &#8211; 9782226093585 RELIURE: &#8211; Souple;R\u00e9f\u00e9rences sp\u00e9cifiques;Donnez votre avis;Aucun commentaire pour le moment<\/p>\n","protected":false},"featured_media":5307,"comment_status":"open","ping_status":"closed","template":"","meta":[],"product_brand":[],"product_cat":[15],"product_tag":[],"class_list":{"0":"post-313","1":"product","2":"type-product","3":"status-publish","4":"has-post-thumbnail","6":"product_cat-non-classe","7":"pa_annee-1229","8":"pa_auteur-sigrid-hunke","9":"pa_editeur-albin-michel","10":"pa_format-18-x-11cm","11":"pa_nombre-de-pages-1232","12":"pa_reliure-souple","14":"first","15":"instock","16":"shipping-taxable","17":"purchasable","18":"product-type-simple"},"_links":{"self":[{"href":"https:\/\/lamaktaba.fr\/index.php\/wp-json\/wp\/v2\/product\/313","targetHints":{"allow":["GET"]}}],"collection":[{"href":"https:\/\/lamaktaba.fr\/index.php\/wp-json\/wp\/v2\/product"}],"about":[{"href":"https:\/\/lamaktaba.fr\/index.php\/wp-json\/wp\/v2\/types\/product"}],"replies":[{"embeddable":true,"href":"https:\/\/lamaktaba.fr\/index.php\/wp-json\/wp\/v2\/comments?post=313"}],"wp:featuredmedia":[{"embeddable":true,"href":"https:\/\/lamaktaba.fr\/index.php\/wp-json\/wp\/v2\/media\/5307"}],"wp:attachment":[{"href":"https:\/\/lamaktaba.fr\/index.php\/wp-json\/wp\/v2\/media?parent=313"}],"wp:term":[{"taxonomy":"product_brand","embeddable":true,"href":"https:\/\/lamaktaba.fr\/index.php\/wp-json\/wp\/v2\/product_brand?post=313"},{"taxonomy":"product_cat","embeddable":true,"href":"https:\/\/lamaktaba.fr\/index.php\/wp-json\/wp\/v2\/product_cat?post=313"},{"taxonomy":"product_tag","embeddable":true,"href":"https:\/\/lamaktaba.fr\/index.php\/wp-json\/wp\/v2\/product_tag?post=313"}],"curies":[{"name":"wp","href":"https:\/\/api.w.org\/{rel}","templated":true}]}}