{"id":311,"date":"2020-02-03T10:00:00","date_gmt":"2020-02-03T09:00:00","guid":{"rendered":"https:\/\/lamaktaba.fr\/index.php\/produit\/al-muallim-3-tablette-electronique-pour-lapprentissage-de-larabe-et-du-coran-francais-arabe-%d8%a7%d9%84%d9%85%d8%b9%d9%84%d9%85-electronique\/"},"modified":"2025-04-01T12:43:48","modified_gmt":"2025-04-01T10:43:48","slug":"al-muallim-3-tablette-electronique-pour-lapprentissage-de-larabe-et-du-coran-francais-arabe-d8a7d984d985d8b9d984d985-electronique","status":"publish","type":"product","link":"https:\/\/lamaktaba.fr\/index.php\/produit\/al-muallim-3-tablette-electronique-pour-lapprentissage-de-larabe-et-du-coran-francais-arabe-d8a7d984d985d8b9d984d985-electronique","title":{"rendered":"Al-Muallim 3: Tablette \u00e9lectronique pour l&rsquo;apprentissage de l&rsquo;arabe et du Coran (fran\u00e7ais \/ arabe) &#8211; \u0627\u0644\u0645\u0639\u0644\u0645 &#8211; Electronique"},"content":{"rendered":"<p>Tablette \u00e9lectronique parlante \u00ab\u00a0Al-Mu&rsquo;allim 3\u00a0\u00bb, permet \u00e0 votre enfant d&rsquo;apprendre les rudiments de la langue arabe. Il se familiarisera notamment avec les lettres de l&rsquo;alphabet arabe et d\u00e9couvrira les noms de quelques animaux, ainsi que d&rsquo;objets de la vie quotidienne.<br \/>Votre enfant aura la chance d&rsquo;apprendre de courtes sourates ainsi que des invocations de la vie quotidienne, et ce en s&rsquo;aidant des extraits sonores, le tout au bout d&rsquo;un bouton, qu&rsquo;il lui suffira d&rsquo;effleurer !<br \/>La tablette permet d&rsquo;apprendre<br \/>11 petites sourates du Saint Coran (par la voix des Imams de La Mecque Soudays et Chouraym)<br \/>13 invocations proph\u00e9tiques recommand\u00e9es<br \/>les 28 lettres de l&rsquo;alphabet arabe et 28 mots associ\u00e9s<br \/>Le tout pr\u00e9sent\u00e9 dans une tr\u00e8s jolie boite bleue.<br \/>\u0644\u0648\u062d\u0629 \u0625\u0644\u0643\u062a\u0631\u0648\u0646\u064a\u0629 \u0646\u0627\u0637\u0642\u0629 \u0628\u0627\u0644\u0639\u0631\u0628\u064a\u0629 \u00ab\u00a0\u0627\u0644\u0645\u0639\u0644\u0645\u00a0\u00bb \u060c \u062a\u0633\u0645\u062d \u0644\u0623\u0628\u0646\u0627\u0626\u0643\u0645 \u062a\u0639\u0644\u064f\u0651\u0645 \u0623\u0628\u062c\u062f\u064a\u0627\u062a \u0627\u0644\u0644\u063a\u0629 \u0627\u0644\u0639\u0631\u0628\u064a\u0629 \u060c \u0648\u062a\u0637\u0648\u064a\u0631 \u0645\u0633\u062a\u0648\u0627\u0647 \u0641\u064a \u0627\u0644\u062a\u0639\u0628\u064a\u0631 \u0627\u0644\u0634\u064e\u0651\u0641\u0647\u064a \u0627\u0644\u0645\u064e\u0646\u064f\u0648\u0637 \u0628\u0627\u0644\u062d\u064a\u0627\u0629 \u0627\u0644\u064a\u0648\u0645\u064a\u064e\u0651\u0629. \u0628\u0627\u0644\u0625\u0636\u0627\u0641\u0629 \u0627\u0644\u0649 \u0647\u0630\u0627 \u0643\u0644\u0650\u0651\u0647 \u060c \u0633\u0648\u0641 \u064a\u062a\u0639\u0644\u0645 \u0637\u0641\u0644\u0643 \u0628\u0639\u0636 \u0642\u0635\u0627\u0631 \u0627\u0644\u0635\u064f\u0651\u0648\u0631 \u060c \u0648\u0643\u0630\u0627 \u0628\u0639\u0636 \u0627\u0644\u0623\u0630\u0643\u0627\u0631 \u0627\u0644\u0645\u0646\u0648\u0637\u0629 \u0628\u062d\u064a\u0627\u0629 \u0627\u0644\u0645\u0633\u0644\u0645.<\/p>\n","protected":false},"excerpt":{"rendered":"<p>Tablette \u00e9lectronique parlante \u00ab\u00a0Al-Mu&rsquo;allim 3\u00a0\u00bb, permet \u00e0 votre enfant d&rsquo;apprendre les rudiments de la langue arabe. Il se familiarisera notamment avec les lettres de l&rsquo;alphabet arabe et d\u00e9couvrira les noms de quelques animaux, ainsi que d&rsquo;objets de la vie quotidienne.Votre enfant aura la chance d&rsquo;apprendre de courtes sourates ainsi que des invocations de la vie [&hellip;]<\/p>\n","protected":false},"featured_media":5296,"comment_status":"open","ping_status":"closed","template":"","meta":[],"product_brand":[],"product_cat":[15],"product_tag":[],"class_list":{"0":"post-311","1":"product","2":"type-product","3":"status-publish","4":"has-post-thumbnail","6":"product_cat-non-classe","7":"pa_editeur-universel","9":"first","10":"outofstock","11":"shipping-taxable","12":"purchasable","13":"product-type-simple"},"_links":{"self":[{"href":"https:\/\/lamaktaba.fr\/index.php\/wp-json\/wp\/v2\/product\/311","targetHints":{"allow":["GET"]}}],"collection":[{"href":"https:\/\/lamaktaba.fr\/index.php\/wp-json\/wp\/v2\/product"}],"about":[{"href":"https:\/\/lamaktaba.fr\/index.php\/wp-json\/wp\/v2\/types\/product"}],"replies":[{"embeddable":true,"href":"https:\/\/lamaktaba.fr\/index.php\/wp-json\/wp\/v2\/comments?post=311"}],"wp:featuredmedia":[{"embeddable":true,"href":"https:\/\/lamaktaba.fr\/index.php\/wp-json\/wp\/v2\/media\/5296"}],"wp:attachment":[{"href":"https:\/\/lamaktaba.fr\/index.php\/wp-json\/wp\/v2\/media?parent=311"}],"wp:term":[{"taxonomy":"product_brand","embeddable":true,"href":"https:\/\/lamaktaba.fr\/index.php\/wp-json\/wp\/v2\/product_brand?post=311"},{"taxonomy":"product_cat","embeddable":true,"href":"https:\/\/lamaktaba.fr\/index.php\/wp-json\/wp\/v2\/product_cat?post=311"},{"taxonomy":"product_tag","embeddable":true,"href":"https:\/\/lamaktaba.fr\/index.php\/wp-json\/wp\/v2\/product_tag?post=311"}],"curies":[{"name":"wp","href":"https:\/\/api.w.org\/{rel}","templated":true}]}}