{"id":307,"date":"2020-02-03T10:00:00","date_gmt":"2020-02-03T09:00:00","guid":{"rendered":"https:\/\/lamaktaba.fr\/index.php\/produit\/jeu-5-piliers-flash-quiz-science-islam\/"},"modified":"2025-04-01T12:47:08","modified_gmt":"2025-04-01T10:47:08","slug":"jeu-5-piliers-flash-quiz-science-islam","status":"publish","type":"product","link":"https:\/\/lamaktaba.fr\/index.php\/produit\/jeu-5-piliers-flash-quiz-science-islam","title":{"rendered":"Jeu \u00ab 5 piliers \u00bb FLASH QUIZ: SCIENCE &#038; ISLAM"},"content":{"rendered":"<p>Jeu \u00ab 5 piliers \u00bb Trivia Burst: Science et Islam<br \/>Le jeu de cartes parfait pour quand vous \u00eates en d\u00e9placement!<br \/>Reconnectez-vous avec votre famille et vos amis, am\u00e9liorez vos connaissances sur la Science et l&rsquo;Islam, et cr\u00e9ez un Eid m\u00e9morable, avec le jeu-questionnaire \u00ab 5 piliers \u00bb.<br \/>Avec 250 cartes sur la Science et Islam, vous pouvez vous attendre \u00e0 devenir un peu comp\u00e9titif, \u00e0 apprendre de nouvelles choses et \u00e0 vous retrouver d\u00e9bordant de connaissances!<br \/>Ce jeu peut \u00eatre jou\u00e9 seul ou avec toute la s\u00e9rie \u00ab 5 piliers \u00bb Trivia Burst. Nous vous recommandons de l&#8217;emmener avec vous lors de votre prochain voyage.<br \/>Comment je joue?.<br \/>Composants<br \/>250 cartes.<br \/>Manuel d&rsquo;utilisation<br \/>Nombre de joueurs: De 2 \u00e0 10 joueurs<br \/>Age: 10 ans et plus<br \/>NB. L&rsquo;authenticit\u00e9 du contenu islamique a \u00e9t\u00e9 v\u00e9rifi\u00e9e par des institutions mondialement reconnues.<br \/>Marque ZILEEJ R\u00e9f\u00e9rence 705632021255<br \/>Fiche technique LANGUE: -.Fran\u00e7ais SUPPORT: &#8211; Jeux de Soci\u00e9t\u00e9 THEME: &#8211; Jeu Islamique -Science et Islam, cartes FABRICATION: &#8211; Zilleej Condition: &#8211; Neuf<br \/>R\u00e9f\u00e9rences sp\u00e9cifiques<br \/>Donnez votre avis<br \/>Aucun commentaire pour le moment<\/p>\n","protected":false},"excerpt":{"rendered":"<p>Jeu \u00ab 5 piliers \u00bb Trivia Burst: Science et IslamLe jeu de cartes parfait pour quand vous \u00eates en d\u00e9placement!Reconnectez-vous avec votre famille et vos amis, am\u00e9liorez vos connaissances sur la Science et l&rsquo;Islam, et cr\u00e9ez un Eid m\u00e9morable, avec le jeu-questionnaire \u00ab 5 piliers \u00bb.Avec 250 cartes sur la Science et Islam, vous pouvez [&hellip;]<\/p>\n","protected":false},"featured_media":5284,"comment_status":"open","ping_status":"closed","template":"","meta":[],"product_brand":[],"product_cat":[15],"product_tag":[],"class_list":{"0":"post-307","1":"product","2":"type-product","3":"status-publish","4":"has-post-thumbnail","6":"product_cat-non-classe","7":"pa_editeur-universel","9":"first","10":"outofstock","11":"shipping-taxable","12":"purchasable","13":"product-type-simple"},"_links":{"self":[{"href":"https:\/\/lamaktaba.fr\/index.php\/wp-json\/wp\/v2\/product\/307","targetHints":{"allow":["GET"]}}],"collection":[{"href":"https:\/\/lamaktaba.fr\/index.php\/wp-json\/wp\/v2\/product"}],"about":[{"href":"https:\/\/lamaktaba.fr\/index.php\/wp-json\/wp\/v2\/types\/product"}],"replies":[{"embeddable":true,"href":"https:\/\/lamaktaba.fr\/index.php\/wp-json\/wp\/v2\/comments?post=307"}],"wp:featuredmedia":[{"embeddable":true,"href":"https:\/\/lamaktaba.fr\/index.php\/wp-json\/wp\/v2\/media\/5284"}],"wp:attachment":[{"href":"https:\/\/lamaktaba.fr\/index.php\/wp-json\/wp\/v2\/media?parent=307"}],"wp:term":[{"taxonomy":"product_brand","embeddable":true,"href":"https:\/\/lamaktaba.fr\/index.php\/wp-json\/wp\/v2\/product_brand?post=307"},{"taxonomy":"product_cat","embeddable":true,"href":"https:\/\/lamaktaba.fr\/index.php\/wp-json\/wp\/v2\/product_cat?post=307"},{"taxonomy":"product_tag","embeddable":true,"href":"https:\/\/lamaktaba.fr\/index.php\/wp-json\/wp\/v2\/product_tag?post=307"}],"curies":[{"name":"wp","href":"https:\/\/api.w.org\/{rel}","templated":true}]}}