{"id":303,"date":"2020-03-02T10:00:00","date_gmt":"2020-03-02T09:00:00","guid":{"rendered":"https:\/\/lamaktaba.fr\/index.php\/produit\/riba-et-certaines-de-ses-formes-dans-leconomie-moderne-cheikh-saleh-al-fawzan\/"},"modified":"2025-04-01T12:46:42","modified_gmt":"2025-04-01T10:46:42","slug":"riba-et-certaines-de-ses-formes-dans-leconomie-moderne-cheikh-saleh-al-fawzan","status":"publish","type":"product","link":"https:\/\/lamaktaba.fr\/index.php\/produit\/riba-et-certaines-de-ses-formes-dans-leconomie-moderne-cheikh-saleh-al-fawzan","title":{"rendered":"Riba et certaines de ses formes dans l&rsquo;\u00e9conomie moderne &#8211; Cheikh Saleh Al Fawzan &#8211; Livre"},"content":{"rendered":"<p>Traitant le th\u00e8me important qu&rsquo;est le Rib\u00e2, l&rsquo;ouvrage que vous tenez entre les mains s&rsquo;articulent donc en cinq parties, comme suit;- Une biographie de l&rsquo;auteur extraite d&rsquo;une \u00e9mission radio;- Une introduction \u00e0 la notion de Rib\u00e2 et des r\u00e8gles qui s&rsquo;y rapportent;- L&rsquo;ouvrage du cheikh Fawzan intitul\u00e9: Le Riba et certaines de ses formes dans l&rsquo;\u00e9conomie moderne;- A la suite de la conf\u00e9rence du cheikh qui se termine donc d&rsquo;une s\u00e9rie de questions &#8211; r\u00e9ponses, nous avons ajout\u00e9 un certain nombre de fatwas \u00e9dit\u00e9s par le Mufti d&rsquo;Arabie Saoudite, le cheikh Ibn Baz, ainsi que d&rsquo;autres \u00e9manant du comit\u00e9 des grands savants d&rsquo;Arabie Saoudite.;- En conclusion, nous avons ajout\u00e9 certains hadiths authentiques dissuadant de commettre le p\u00e9ch\u00e9 de Rib\u00e2.<\/p>\n","protected":false},"excerpt":{"rendered":"<p>Traitant le th\u00e8me important qu&rsquo;est le Rib\u00e2, l&rsquo;ouvrage que vous tenez entre les mains s&rsquo;articulent donc en cinq parties, comme suit;- Une biographie de l&rsquo;auteur extraite d&rsquo;une \u00e9mission radio;- Une introduction \u00e0 la notion de Rib\u00e2 et des r\u00e8gles qui s&rsquo;y rapportent;- L&rsquo;ouvrage du cheikh Fawzan intitul\u00e9: Le Riba et certaines de ses formes dans l&rsquo;\u00e9conomie moderne;- A la suite de la conf\u00e9rence du cheikh qui se termine donc d&rsquo;une s\u00e9rie de questions &#8211; r\u00e9ponses, nous avons ajout\u00e9 un certain nombre de fatwas \u00e9dit\u00e9s par le Mufti d&rsquo;Arabie Saoudite, le cheikh Ibn Baz, ainsi que d&rsquo;autres \u00e9manant du comit\u00e9 des grands savants d&rsquo;Arabie Saoudite.;- En conclusion, nous avons ajout\u00e9 certains hadiths authentiques dissuadant de commettre le p\u00e9ch\u00e9 de Rib\u00e2.<\/p>\n","protected":false},"featured_media":5264,"comment_status":"open","ping_status":"closed","template":"","meta":[],"product_brand":[],"product_cat":[1899],"product_tag":[],"class_list":{"0":"post-303","1":"product","2":"type-product","3":"status-publish","4":"has-post-thumbnail","6":"product_cat-jurisprudence","7":"pa_auteur-cheikh-saleh-al-fawzan","8":"pa_code-produit-ref-13566","9":"pa_editeur-dar-al-muslim","10":"pa_format-14-x-20-cm","11":"pa_langue-francais","12":"pa_nombre-de-pages-1048","14":"first","15":"outofstock","16":"shipping-taxable","17":"purchasable","18":"product-type-simple"},"_links":{"self":[{"href":"https:\/\/lamaktaba.fr\/index.php\/wp-json\/wp\/v2\/product\/303","targetHints":{"allow":["GET"]}}],"collection":[{"href":"https:\/\/lamaktaba.fr\/index.php\/wp-json\/wp\/v2\/product"}],"about":[{"href":"https:\/\/lamaktaba.fr\/index.php\/wp-json\/wp\/v2\/types\/product"}],"replies":[{"embeddable":true,"href":"https:\/\/lamaktaba.fr\/index.php\/wp-json\/wp\/v2\/comments?post=303"}],"wp:featuredmedia":[{"embeddable":true,"href":"https:\/\/lamaktaba.fr\/index.php\/wp-json\/wp\/v2\/media\/5264"}],"wp:attachment":[{"href":"https:\/\/lamaktaba.fr\/index.php\/wp-json\/wp\/v2\/media?parent=303"}],"wp:term":[{"taxonomy":"product_brand","embeddable":true,"href":"https:\/\/lamaktaba.fr\/index.php\/wp-json\/wp\/v2\/product_brand?post=303"},{"taxonomy":"product_cat","embeddable":true,"href":"https:\/\/lamaktaba.fr\/index.php\/wp-json\/wp\/v2\/product_cat?post=303"},{"taxonomy":"product_tag","embeddable":true,"href":"https:\/\/lamaktaba.fr\/index.php\/wp-json\/wp\/v2\/product_tag?post=303"}],"curies":[{"name":"wp","href":"https:\/\/api.w.org\/{rel}","templated":true}]}}