{"id":297,"date":"2020-02-03T10:00:00","date_gmt":"2020-02-03T09:00:00","guid":{"rendered":"https:\/\/lamaktaba.fr\/index.php\/produit\/lavarice-lamour-de-largent-abu-hamid-al-ghazali\/"},"modified":"2025-04-01T12:47:43","modified_gmt":"2025-04-01T10:47:43","slug":"lavarice-lamour-de-largent-abu-hamid-al-ghazali","status":"publish","type":"product","link":"https:\/\/lamaktaba.fr\/index.php\/produit\/lavarice-lamour-de-largent-abu-hamid-al-ghazali","title":{"rendered":"L&rsquo;avarice et l&rsquo;amour de l&rsquo;argent, de l&rsquo;imam Al-Ghaz\u00e2l\u00ee"},"content":{"rendered":"<p>L&rsquo;avarice et l&rsquo;amour de l&rsquo;argent (Rem\u00e8des et juste milieu pr\u00f4n\u00e9s par l&rsquo; Islam, de l&rsquo;imam Al-Ghaz\u00e2l\u00ee, Collection Revivification des Bonnes Pratiques de la Religion Musulmane, Traduction du livre: \u00ab Kit\u00e2b dhamm l-bukhl wa dhamm hubbi-l-m\u00e2l \u00bb (\u0643\u062a\u0627\u0628 \u0630\u0645 \u0627\u0644\u0628\u062e\u0644 \u0648 \u062d\u0628 \u0627\u0644\u0645\u0627\u0644);Ce livre de l\u2019 Imam al- Ghaz\u00e2l\u00ee est consacr\u00e9 au bl\u00e2me de l\u2019avarice, de l\u2019amour de l\u2019argent et des biens mat\u00e9riels. C\u2019est un sujet tr\u00e8s important, il s\u2019agit l\u00e0 de maladies caract\u00e9rielles graves, r\u00e9pandues et dangereuses. Elles obstruent la voie du Salut.;L \u2019 Imam nous rappelle les enseignements de Dieu et de son Messager sur cette question. L\u2019amour de l\u2019argent na\u00eet de la peur d\u2019en manquer et c\u2019est l\u00e0 une des plus grandes tromperies dont dispose Satan pour nous \u00e9garer: \u00ab Le diable vous menace de la pauvret\u00e9 et vous ordonne les turpitudes. \u00bb (Coran 2,268).;Bien des choses de ce monde peuvent, en effet, \u00eatre source de difficult\u00e9s, grandes ou petites. La science religieuse nous permet de mettre chaque souci \u00e0 sa v\u00e9ritable place et ainsi, de nous lib\u00e9rer, par la gr\u00e2ce de Dieu, des peurs et des angoisses d\u00e9mesur\u00e9es. En d\u00e9finitive, seule l\u2019invocation de Dieu apaise les c\u0153urs. (Coran 13,28);\u00c0 propos de l&rsquo;auteur: L &lsquo;imam Abou H\u00e2mid al-Ghaz\u00e2l\u00ee;L &lsquo;imam Abou H\u00e2mid al-Ghaz\u00e2l\u00ee (1 058-1111) est sans conteste le savant musulman le plus lu et appr\u00e9ci\u00e9 de tous les temps. Ses \u00e9crits embrassent tous les domaines de la foi et de la vie du croyant. Il constitue un mod\u00e8le authentique de la grande \u00e9rudition musulmane.;Collection: Revivication des Bonnes Pratiques de la Religion Musulmane;Cette collection traduit les livres de l&rsquo; ihya &lsquo;. Elle vise \u00e0 revivifier les sciences et les pratiques de l&rsquo;Islam, Qu &lsquo;elles soient culturelles, spirituelles, \u00e9thiques, morales ou soci\u00e9tales ainsi que le savoir-vivre et le savoir-\u1ebftre musulman.<\/p>\n","protected":false},"excerpt":{"rendered":"<p>L&rsquo;avarice et l&rsquo;amour de l&rsquo;argent (Rem\u00e8des et juste milieu pr\u00f4n\u00e9s par l&rsquo; Islam, de l&rsquo;imam Al-Ghaz\u00e2l\u00ee, Collection Revivification des Bonnes Pratiques de la Religion Musulmane, Traduction du livre: \u00ab Kit\u00e2b dhamm l-bukhl wa dhamm hubbi-l-m\u00e2l \u00bb (\u0643\u062a\u0627\u0628 \u0630\u0645 \u0627\u0644\u0628\u062e\u0644 \u0648 \u062d\u0628 \u0627\u0644\u0645\u0627\u0644);Ce livre de l\u2019 Imam al- Ghaz\u00e2l\u00ee est consacr\u00e9 au bl\u00e2me de l\u2019avarice, de l\u2019amour de l\u2019argent et des biens mat\u00e9riels. C\u2019est un sujet tr\u00e8s important, il s\u2019agit l\u00e0 de maladies caract\u00e9rielles graves, r\u00e9pandues et dangereuses. Elles obstruent la voie du Salut.;L \u2019 Imam nous rappelle les enseignements de Dieu et de son Messager sur cette question. L\u2019amour de l\u2019argent na\u00eet de la peur d\u2019en manquer et c\u2019est l\u00e0 une des plus grandes tromperies dont dispose Satan pour nous \u00e9garer: \u00ab Le diable vous menace de la pauvret\u00e9 et vous ordonne les turpitudes. \u00bb (Coran 2,268).;Bien des choses de ce monde peuvent, en effet, \u00eatre source de difficult\u00e9s, grandes ou petites. La science religieuse nous permet de mettre chaque souci \u00e0 sa v\u00e9ritable place et ainsi, de nous lib\u00e9rer, par la gr\u00e2ce de Dieu, des peurs et des angoisses d\u00e9mesur\u00e9es. En d\u00e9finitive, seule l\u2019invocation de Dieu apaise les c\u0153urs. (Coran 13,28);\u00c0 propos de l&rsquo;auteur: L &lsquo;imam Abou H\u00e2mid al-Ghaz\u00e2l\u00ee;L &lsquo;imam Abou H\u00e2mid al-Ghaz\u00e2l\u00ee (1 058-1111) est sans conteste le savant musulman le plus lu et appr\u00e9ci\u00e9 de tous les temps. Ses \u00e9crits embrassent tous les domaines de la foi et de la vie du croyant. Il constitue un mod\u00e8le authentique de la grande \u00e9rudition musulmane.;Collection: Revivication des Bonnes Pratiques de la Religion Musulmane;Cette collection traduit les livres de l&rsquo; ihya &lsquo;. Elle vise \u00e0 revivifier les sciences et les pratiques de l&rsquo;Islam, Qu &lsquo;elles soient culturelles, spirituelles, \u00e9thiques, morales ou soci\u00e9tales ainsi que le savoir-vivre et le savoir-\u1ebftre musulman.<\/p>\n","protected":false},"featured_media":37513,"comment_status":"open","ping_status":"closed","template":"","meta":[],"product_brand":[],"product_cat":[1944,1921,1916],"product_tag":[],"class_list":{"0":"post-297","1":"product","2":"type-product","3":"status-publish","4":"has-post-thumbnail","6":"product_cat-ethique","7":"product_cat-exhortation","8":"product_cat-spiritualite","9":"pa_annee-419","10":"pa_auteur-limam-abou-hamid-al-ghazali","11":"pa_editeur-el-bab-editions","12":"pa_format-11-x-17-cm","13":"pa_langue-francais","14":"pa_nombre-de-pages-988","15":"pa_reliure-souple","17":"first","18":"outofstock","19":"shipping-taxable","20":"purchasable","21":"product-type-simple"},"_links":{"self":[{"href":"https:\/\/lamaktaba.fr\/index.php\/wp-json\/wp\/v2\/product\/297","targetHints":{"allow":["GET"]}}],"collection":[{"href":"https:\/\/lamaktaba.fr\/index.php\/wp-json\/wp\/v2\/product"}],"about":[{"href":"https:\/\/lamaktaba.fr\/index.php\/wp-json\/wp\/v2\/types\/product"}],"replies":[{"embeddable":true,"href":"https:\/\/lamaktaba.fr\/index.php\/wp-json\/wp\/v2\/comments?post=297"}],"wp:featuredmedia":[{"embeddable":true,"href":"https:\/\/lamaktaba.fr\/index.php\/wp-json\/wp\/v2\/media\/37513"}],"wp:attachment":[{"href":"https:\/\/lamaktaba.fr\/index.php\/wp-json\/wp\/v2\/media?parent=297"}],"wp:term":[{"taxonomy":"product_brand","embeddable":true,"href":"https:\/\/lamaktaba.fr\/index.php\/wp-json\/wp\/v2\/product_brand?post=297"},{"taxonomy":"product_cat","embeddable":true,"href":"https:\/\/lamaktaba.fr\/index.php\/wp-json\/wp\/v2\/product_cat?post=297"},{"taxonomy":"product_tag","embeddable":true,"href":"https:\/\/lamaktaba.fr\/index.php\/wp-json\/wp\/v2\/product_tag?post=297"}],"curies":[{"name":"wp","href":"https:\/\/api.w.org\/{rel}","templated":true}]}}