{"id":296,"date":"2020-02-03T10:00:00","date_gmt":"2020-02-03T09:00:00","guid":{"rendered":"https:\/\/lamaktaba.fr\/index.php\/produit\/lauthentique-de-la-medecine-prophetique-sahih-at-tibb-an-nabawi-ibn-qayyim-al-jawziyya\/"},"modified":"2025-04-01T12:44:54","modified_gmt":"2025-04-01T10:44:54","slug":"lauthentique-de-la-medecine-prophetique-sahih-at-tibb-an-nabawi-ibn-qayyim-al-jawziyya","status":"publish","type":"product","link":"https:\/\/lamaktaba.fr\/index.php\/produit\/lauthentique-de-la-medecine-prophetique-sahih-at-tibb-an-nabawi-ibn-qayyim-al-jawziyya","title":{"rendered":"Les M\u00e9ditations (Al-Faw\u00e2&rsquo;id d&rsquo;Ibn Al-Qayyim Al-Jawziyya) &#8211; Al Fawaid &#8211; \u0627\u0644\u0641\u0648\u0627\u0626\u062f &#8211; Ibn Qayyim Al-Jawziyya &#8211; Livre"},"content":{"rendered":"<p>\u00ab Al-Faw\u00e2\u2019id \u00bb est l\u2019une des c\u00e9l\u00e8bres \u0153uvres du grand savant Ibn Qayyim Al-Jawziyya, une compilation sans pr\u00e9c\u00e9dent de m\u00e9ditations spirituelles b\u00e9n\u00e9fiques sur divers th\u00e8mes tels que la foi, l\u2019islam, le Coran, la connaissance de Dieu, le repentir, la vie du Proph\u00e8te (saw), la Sunna, le fiqh, l\u2019\u00e9thique, la vie d\u2019ici-bas et l\u2019au-del\u00e0&#8230;;Ibn Al-Qayyim d\u00e9veloppe dans ce livre une ex\u00e9g\u00e8se unique en son genre de versets coraniques et de hadiths proph\u00e9tiques, il y regroupe une s\u00e9rie d\u2019enseignements, de m\u00e9ditations, de nobles sagesses, de maximes et de r\u00e9flexions qu\u2019il a puis\u00e9s dans les textes religieux et tir\u00e9s de ses exp\u00e9riences d\u2019homme de savoir, qu\u2019Allah conf\u00e8re seulement \u00e0 Ses pieux serviteurs.;Ces perles de science que l\u2019auteur a immortalis\u00e9es au fur et \u00e0 mesure, \u00e0 l\u2019encre de sa plume, vous seront sans nul doute tr\u00e8s profitables.;Nous avons le plaisir de vous pr\u00e9senter cette nouvelle \u00e9dition enrichie qui contient les versets coraniques et les hadiths proph\u00e9tiques dans les deux langues: fran\u00e7ais et arabe vocalis\u00e9.<\/p>\n","protected":false},"excerpt":{"rendered":"<p>\u00ab Al-Faw\u00e2\u2019id \u00bb est l\u2019une des c\u00e9l\u00e8bres \u0153uvres du grand savant Ibn Qayyim Al-Jawziyya, une compilation sans pr\u00e9c\u00e9dent de m\u00e9ditations spirituelles b\u00e9n\u00e9fiques sur divers th\u00e8mes tels que la foi, l\u2019islam, le Coran, la connaissance de Dieu, le repentir, la vie du Proph\u00e8te (saw), la Sunna, le fiqh, l\u2019\u00e9thique, la vie d\u2019ici-bas et l\u2019au-del\u00e0&#8230;;Ibn Al-Qayyim d\u00e9veloppe dans ce livre une ex\u00e9g\u00e8se unique en son genre de versets coraniques et de hadiths proph\u00e9tiques, il y regroupe une s\u00e9rie d\u2019enseignements, de m\u00e9ditations, de nobles sagesses, de maximes et de r\u00e9flexions qu\u2019il a puis\u00e9s dans les textes religieux et tir\u00e9s de ses exp\u00e9riences d\u2019homme de savoir, qu\u2019Allah conf\u00e8re seulement \u00e0 Ses pieux serviteurs.;Ces perles de science que l\u2019auteur a immortalis\u00e9es au fur et \u00e0 mesure, \u00e0 l\u2019encre de sa plume, vous seront sans nul doute tr\u00e8s profitables.;Nous avons le plaisir de vous pr\u00e9senter cette nouvelle \u00e9dition enrichie qui contient les versets coraniques et les hadiths proph\u00e9tiques dans les deux langues: fran\u00e7ais et arabe vocalis\u00e9.<\/p>\n","protected":false},"featured_media":37317,"comment_status":"open","ping_status":"closed","template":"","meta":[],"product_brand":[],"product_cat":[15],"product_tag":[],"class_list":{"0":"post-296","1":"product","2":"type-product","3":"status-publish","4":"has-post-thumbnail","6":"product_cat-non-classe","7":"pa_auteur-ibn-qayyim-al-jawziyya","8":"pa_code-produit-ref-8470","9":"pa_editeur-editions-al-haramayn","10":"pa_format-17-x-24-cm-cartonne","11":"pa_langue-francais-arabe","12":"pa_nombre-de-pages-876","14":"first","15":"outofstock","16":"shipping-taxable","17":"purchasable","18":"product-type-simple"},"_links":{"self":[{"href":"https:\/\/lamaktaba.fr\/index.php\/wp-json\/wp\/v2\/product\/296","targetHints":{"allow":["GET"]}}],"collection":[{"href":"https:\/\/lamaktaba.fr\/index.php\/wp-json\/wp\/v2\/product"}],"about":[{"href":"https:\/\/lamaktaba.fr\/index.php\/wp-json\/wp\/v2\/types\/product"}],"replies":[{"embeddable":true,"href":"https:\/\/lamaktaba.fr\/index.php\/wp-json\/wp\/v2\/comments?post=296"}],"wp:featuredmedia":[{"embeddable":true,"href":"https:\/\/lamaktaba.fr\/index.php\/wp-json\/wp\/v2\/media\/37317"}],"wp:attachment":[{"href":"https:\/\/lamaktaba.fr\/index.php\/wp-json\/wp\/v2\/media?parent=296"}],"wp:term":[{"taxonomy":"product_brand","embeddable":true,"href":"https:\/\/lamaktaba.fr\/index.php\/wp-json\/wp\/v2\/product_brand?post=296"},{"taxonomy":"product_cat","embeddable":true,"href":"https:\/\/lamaktaba.fr\/index.php\/wp-json\/wp\/v2\/product_cat?post=296"},{"taxonomy":"product_tag","embeddable":true,"href":"https:\/\/lamaktaba.fr\/index.php\/wp-json\/wp\/v2\/product_tag?post=296"}],"curies":[{"name":"wp","href":"https:\/\/api.w.org\/{rel}","templated":true}]}}