{"id":293,"date":"2020-02-03T10:00:00","date_gmt":"2020-02-03T09:00:00","guid":{"rendered":"https:\/\/lamaktaba.fr\/index.php\/produit\/dictionnaire-des-prenoms-arabes-et-musulmans-plus-de-4000-prenoms-collectif\/"},"modified":"2025-04-01T12:44:25","modified_gmt":"2025-04-01T10:44:25","slug":"dictionnaire-des-prenoms-arabes-et-musulmans-plus-de-4000-prenoms-collectif","status":"publish","type":"product","link":"https:\/\/lamaktaba.fr\/index.php\/produit\/dictionnaire-des-prenoms-arabes-et-musulmans-plus-de-4000-prenoms-collectif","title":{"rendered":"Dictionnaire des pr\u00e9noms arabes et musulmans (Plus de 4000 pr\u00e9noms) &#8211; Collectif &#8211; Equipe \u00e9ditoriale Orientica &#8211; Livre"},"content":{"rendered":"<p>Plus de 4000 pr\u00e9noms;Nul ne peut nier que la question des pr\u00e9noms d\u00e9tient une place assez particuli\u00e8re dans la vie des futurs parents. Il est tout \u00e0 fait clair que le pr\u00e9nom attribu\u00e9 \u00e0 l\u2019enfant, fille ou gar\u00e7on, est essentiellement une empreinte qui va le particulariser et le distinguer des autres. Le pr\u00e9nom \u00e9tant un compagnon durant toute une vie va fournir des indications non seulement sur la personnalit\u00e9 de son porteur mais aussi sur ce qu\u2019il devient.;Aussi, le pr\u00e9nom est \u00e0 la fois utilis\u00e9 pour servir ici-bas et dans l\u2019au-del\u00e0. Il est \u00e9galement le signe de l\u2019appartenance identitaire, \u00e9thique voire m\u00eame religieuse et porteur d\u2019un bon nombre de significations. La religion musulmane ayant accord\u00e9 une attention assez particuli\u00e8re \u00e0 la question des pr\u00e9noms, il est clairement indiqu\u00e9 et recommand\u00e9 de ce fait d\u2019attribuer \u00e0 nos enfants un beau pr\u00e9nom qui refl\u00e8te notre attachement profond au cr\u00e9ateur ainsi que notre pi\u00e9t\u00e9 et qui ne s\u2019oppose point aux pr\u00e9ceptes de l\u2019islam.;Dans cette optique, nous vous proposons plus de 4000 pr\u00e9noms arabo-musulmans et, \u00e0 titre d\u2019information, certains pr\u00e9noms bannis en islam, afin de vous aider \u00e0 faire votre choix et \u00e0 mener au mieux cette t\u00e2che qui vous est confi\u00e9e. Par ailleurs, nous avons \u00e9num\u00e9r\u00e9 les caract\u00e9ristiques des pr\u00e9noms bannis ou r\u00e9prouv\u00e9s, et avons associ\u00e9, \u00e0 chaque pr\u00e9nom, ses diff\u00e9rentes formes, sa transcription phon\u00e9tique, son \u00e9criture en langue arabe, l\u2019explication de son sens et les personnalit\u00e9s marquantes qui le portent. Ceci vous aidera, nous l\u2019esp\u00e9rons, \u00e0 choisir le meilleur pr\u00e9nom pour votre futur b\u00e9b\u00e9 ou vous permettra simplement de conna\u00eetre la signification de votre pr\u00e9nom ou celui des \u00eatres qui vous sont chers.<\/p>\n","protected":false},"excerpt":{"rendered":"<p>Plus de 4000 pr\u00e9noms;Nul ne peut nier que la question des pr\u00e9noms d\u00e9tient une place assez particuli\u00e8re dans la vie des futurs parents. Il est tout \u00e0 fait clair que le pr\u00e9nom attribu\u00e9 \u00e0 l\u2019enfant, fille ou gar\u00e7on, est essentiellement une empreinte qui va le particulariser et le distinguer des autres. Le pr\u00e9nom \u00e9tant un compagnon durant toute une vie va fournir des indications non seulement sur la personnalit\u00e9 de son porteur mais aussi sur ce qu\u2019il devient.;Aussi, le pr\u00e9nom est \u00e0 la fois utilis\u00e9 pour servir ici-bas et dans l\u2019au-del\u00e0. Il est \u00e9galement le signe de l\u2019appartenance identitaire, \u00e9thique voire m\u00eame religieuse et porteur d\u2019un bon nombre de significations. La religion musulmane ayant accord\u00e9 une attention assez particuli\u00e8re \u00e0 la question des pr\u00e9noms, il est clairement indiqu\u00e9 et recommand\u00e9 de ce fait d\u2019attribuer \u00e0 nos enfants un beau pr\u00e9nom qui refl\u00e8te notre attachement profond au cr\u00e9ateur ainsi que notre pi\u00e9t\u00e9 et qui ne s\u2019oppose point aux pr\u00e9ceptes de l\u2019islam.;Dans cette optique, nous vous proposons plus de 4000 pr\u00e9noms arabo-musulmans et, \u00e0 titre d\u2019information, certains pr\u00e9noms bannis en islam, afin de vous aider \u00e0 faire votre choix et \u00e0 mener au mieux cette t\u00e2che qui vous est confi\u00e9e. Par ailleurs, nous avons \u00e9num\u00e9r\u00e9 les caract\u00e9ristiques des pr\u00e9noms bannis ou r\u00e9prouv\u00e9s, et avons associ\u00e9, \u00e0 chaque pr\u00e9nom, ses diff\u00e9rentes formes, sa transcription phon\u00e9tique, son \u00e9criture en langue arabe, l\u2019explication de son sens et les personnalit\u00e9s marquantes qui le portent. Ceci vous aidera, nous l\u2019esp\u00e9rons, \u00e0 choisir le meilleur pr\u00e9nom pour votre futur b\u00e9b\u00e9 ou vous permettra simplement de conna\u00eetre la signification de votre pr\u00e9nom ou celui des \u00eatres qui vous sont chers.<\/p>\n","protected":false},"featured_media":5220,"comment_status":"open","ping_status":"closed","template":"","meta":[],"product_brand":[],"product_cat":[15],"product_tag":[],"class_list":{"0":"post-293","1":"product","2":"type-product","3":"status-publish","4":"has-post-thumbnail","6":"product_cat-non-classe","7":"pa_auteur-collectif-equipe-editoriale-orientica","8":"pa_code-produit-ref-23076","9":"pa_editeur-orientica","10":"pa_format-148-x-21-cm-impression-en-deux-couleurs","11":"pa_langue-francais-arabe-phonetique","12":"pa_nombre-de-pages-1052","14":"first","15":"outofstock","16":"shipping-taxable","17":"purchasable","18":"product-type-simple"},"_links":{"self":[{"href":"https:\/\/lamaktaba.fr\/index.php\/wp-json\/wp\/v2\/product\/293","targetHints":{"allow":["GET"]}}],"collection":[{"href":"https:\/\/lamaktaba.fr\/index.php\/wp-json\/wp\/v2\/product"}],"about":[{"href":"https:\/\/lamaktaba.fr\/index.php\/wp-json\/wp\/v2\/types\/product"}],"replies":[{"embeddable":true,"href":"https:\/\/lamaktaba.fr\/index.php\/wp-json\/wp\/v2\/comments?post=293"}],"wp:featuredmedia":[{"embeddable":true,"href":"https:\/\/lamaktaba.fr\/index.php\/wp-json\/wp\/v2\/media\/5220"}],"wp:attachment":[{"href":"https:\/\/lamaktaba.fr\/index.php\/wp-json\/wp\/v2\/media?parent=293"}],"wp:term":[{"taxonomy":"product_brand","embeddable":true,"href":"https:\/\/lamaktaba.fr\/index.php\/wp-json\/wp\/v2\/product_brand?post=293"},{"taxonomy":"product_cat","embeddable":true,"href":"https:\/\/lamaktaba.fr\/index.php\/wp-json\/wp\/v2\/product_cat?post=293"},{"taxonomy":"product_tag","embeddable":true,"href":"https:\/\/lamaktaba.fr\/index.php\/wp-json\/wp\/v2\/product_tag?post=293"}],"curies":[{"name":"wp","href":"https:\/\/api.w.org\/{rel}","templated":true}]}}