{"id":291,"date":"2020-02-03T10:00:00","date_gmt":"2020-02-03T09:00:00","guid":{"rendered":"https:\/\/lamaktaba.fr\/index.php\/produit\/le-rappel-en-poche-n2-le-bon-chemin-amina-rekad\/"},"modified":"2025-04-01T12:47:08","modified_gmt":"2025-04-01T10:47:08","slug":"le-rappel-en-poche-n2-le-bon-chemin-amina-rekad","status":"publish","type":"product","link":"https:\/\/lamaktaba.fr\/index.php\/produit\/le-rappel-en-poche-n2-le-bon-chemin-amina-rekad","title":{"rendered":"Le Rappel en poche N\u00b02: Le bon chemin &#8211; Amina Rekad"},"content":{"rendered":"<p>Dans \u00ab Le bon chemin \u00bb le lecteur marchera aux c\u00f4t\u00e9s de Souhaila, partag\u00e9e entre les conseils de ses parents, de son fr\u00e8re ou de son amie Aicha, et les appels de ses nouvelles copines. Entre les pens\u00e9es et les actes, tant\u00f4t bons, tant\u00f4t mauvais, le lecteur d\u00e9couvrira la force de la bonne intention et de la confiance en Dieu.<br \/>A partir de 10 ans.<br \/>TABLE DES MATI\u00c8RES<br \/>CHAPITRE 1: L\u2019ENTR\u00c9E AU COLL\u00c8GE&#8230; 7<br \/>CHAPITRE 2: SAMIR&#8230; 12<br \/>CHAPITRE 3: LA QUESTION&#8230; 17<br \/>CHAPITRE 4: LA DISCUSSION&#8230; 25<br \/>CHAPITRE 5: LA BONNE NOUVELLE&#8230; 39<br \/>CHAPITRE 6: LE MARIAGE&#8230; 49<br \/>CHAPITRE 7: LE BON CHEMIN&#8230; 59<br \/>CHAPITRE 8: LE CONVERTI&#8230; 66<br \/>CHAPITRE 9: LES BONS CONSEILS&#8230; 76<br \/>\u00c9PILOGUE: CHACUN SON CHEMIN&#8230; 92<\/p>\n","protected":false},"excerpt":{"rendered":"<p>Dans \u00ab Le bon chemin \u00bb le lecteur marchera aux c\u00f4t\u00e9s de Souhaila, partag\u00e9e entre les conseils de ses parents, de son fr\u00e8re ou de son amie Aicha, et les appels de ses nouvelles copines. Entre les pens\u00e9es et les actes, tant\u00f4t bons, tant\u00f4t mauvais, le lecteur d\u00e9couvrira la force de la bonne intention et [&hellip;]<\/p>\n","protected":false},"featured_media":5208,"comment_status":"open","ping_status":"closed","template":"","meta":[],"product_brand":[],"product_cat":[15],"product_tag":[],"class_list":{"0":"post-291","1":"product","2":"type-product","3":"status-publish","4":"has-post-thumbnail","6":"product_cat-non-classe","7":"pa_editeur-tawbah","9":"first","10":"outofstock","11":"shipping-taxable","12":"purchasable","13":"product-type-simple"},"_links":{"self":[{"href":"https:\/\/lamaktaba.fr\/index.php\/wp-json\/wp\/v2\/product\/291","targetHints":{"allow":["GET"]}}],"collection":[{"href":"https:\/\/lamaktaba.fr\/index.php\/wp-json\/wp\/v2\/product"}],"about":[{"href":"https:\/\/lamaktaba.fr\/index.php\/wp-json\/wp\/v2\/types\/product"}],"replies":[{"embeddable":true,"href":"https:\/\/lamaktaba.fr\/index.php\/wp-json\/wp\/v2\/comments?post=291"}],"wp:featuredmedia":[{"embeddable":true,"href":"https:\/\/lamaktaba.fr\/index.php\/wp-json\/wp\/v2\/media\/5208"}],"wp:attachment":[{"href":"https:\/\/lamaktaba.fr\/index.php\/wp-json\/wp\/v2\/media?parent=291"}],"wp:term":[{"taxonomy":"product_brand","embeddable":true,"href":"https:\/\/lamaktaba.fr\/index.php\/wp-json\/wp\/v2\/product_brand?post=291"},{"taxonomy":"product_cat","embeddable":true,"href":"https:\/\/lamaktaba.fr\/index.php\/wp-json\/wp\/v2\/product_cat?post=291"},{"taxonomy":"product_tag","embeddable":true,"href":"https:\/\/lamaktaba.fr\/index.php\/wp-json\/wp\/v2\/product_tag?post=291"}],"curies":[{"name":"wp","href":"https:\/\/api.w.org\/{rel}","templated":true}]}}