{"id":29,"date":"2020-02-03T10:00:00","date_gmt":"2020-02-03T09:00:00","guid":{"rendered":"https:\/\/lamaktaba.fr\/index.php\/produit\/les-secrets-des-adorations-dapres-al-qinjawi\/"},"modified":"2025-04-01T12:45:10","modified_gmt":"2025-04-01T10:45:10","slug":"les-secrets-des-adorations-dapres-al-qinjawi","status":"publish","type":"product","link":"https:\/\/lamaktaba.fr\/index.php\/produit\/les-secrets-des-adorations-dapres-al-qinjawi","title":{"rendered":"Les secrets des adorations d\u2019apr\u00e8s al Qinjawi"},"content":{"rendered":"<p>La purification comporte quatre degr\u00e9s;1) La purification apparente (ext\u00e9rieure), laquelle exige que l\u2019on soit exempt de toute impuret\u00e9 immat\u00e9rielle (hadath)et de toute impuret\u00e9 mat\u00e9rielle (khabath), conform\u00e9ment \u00e0 ce qui est explicit\u00e9 dans la l\u00e9gislation purifi\u00e9e.;2) La purification des membres des p\u00e9ch\u00e9s, car le p\u00e9ch\u00e9 pour le c\u0153ur ce qu\u2019est l\u2019impuret\u00e9 mat\u00e9rielle pour le corps.;3) La purification du c\u0153ur des caract\u00e8res bl\u00e2mables, car ils sont pour l\u2019\u2019\u00e2me ce que les p\u00e9ch\u00e9s sont pour le c\u0153ur.;4) La purification de la pens\u00e9e intime (le for int\u00e9rieur) de tout ce qui ne rappelle pas Allah, car se tourner vers un autre qu\u2019Allah est pour la pens\u00e9e intime ce que sont les caract\u00e8res bl\u00e2mables pour l\u2019\u00e2me. Cette purification est celle des Proph\u00e8tes, que la paix d\u2019Allah soit sur eux tous, ainsi que celle des v\u00e9ridiques.;Cet ouvrage est r\u00e9parti selon les themes suivants;Les secrets de la purification;Les secrets de la pri\u00e8re;Les secrets l\u2019aum\u00f4ne l\u00e9gale;Les secrets du je\u00fbne;Les secrets du p\u00e8lerinage;R\u00e9f\u00e9rence 9782356330451;Fiche technique AUTEUR: &#8211; al Qinjawi ANNEE: &#8211; 2013 SUPPORT: &#8211; Livre THEME: &#8211; Piliers de L&rsquo; Islam \u00c9DITIONS: &#8211; -SANA Condition: &#8211; Neuf Nombre de Pages: &#8211; 27 FORMAT (CM): 10 x 15 Poids (kg): &#8211; 0.027 EAN13: &#8211; 9782356330451 RELIURE: &#8211; Souple;R\u00e9f\u00e9rences sp\u00e9cifiques;Donnez votre avis;Aucun commentaire pour le moment<\/p>\n","protected":false},"excerpt":{"rendered":"<p>La purification comporte quatre degr\u00e9s;1) La purification apparente (ext\u00e9rieure), laquelle exige que l\u2019on soit exempt de toute impuret\u00e9 immat\u00e9rielle (hadath)et de toute impuret\u00e9 mat\u00e9rielle (khabath), conform\u00e9ment \u00e0 ce qui est explicit\u00e9 dans la l\u00e9gislation purifi\u00e9e.;2) La purification des membres des p\u00e9ch\u00e9s, car le p\u00e9ch\u00e9 pour le c\u0153ur ce qu\u2019est l\u2019impuret\u00e9 mat\u00e9rielle pour le corps.;3) La purification du c\u0153ur des caract\u00e8res bl\u00e2mables, car ils sont pour l\u2019\u2019\u00e2me ce que les p\u00e9ch\u00e9s sont pour le c\u0153ur.;4) La purification de la pens\u00e9e intime (le for int\u00e9rieur) de tout ce qui ne rappelle pas Allah, car se tourner vers un autre qu\u2019Allah est pour la pens\u00e9e intime ce que sont les caract\u00e8res bl\u00e2mables pour l\u2019\u00e2me. Cette purification est celle des Proph\u00e8tes, que la paix d\u2019Allah soit sur eux tous, ainsi que celle des v\u00e9ridiques.;Cet ouvrage est r\u00e9parti selon les themes suivants;Les secrets de la purification;Les secrets de la pri\u00e8re;Les secrets l\u2019aum\u00f4ne l\u00e9gale;Les secrets du je\u00fbne;Les secrets du p\u00e8lerinage;R\u00e9f\u00e9rence 9782356330451;Fiche technique AUTEUR: &#8211; al Qinjawi ANNEE: &#8211; 2013 SUPPORT: &#8211; Livre THEME: &#8211; Piliers de L&rsquo; Islam \u00c9DITIONS: &#8211; -SANA Condition: &#8211; Neuf Nombre de Pages: &#8211; 27 FORMAT (CM): 10 x 15 Poids (kg): &#8211; 0.027 EAN13: &#8211; 9782356330451 RELIURE: &#8211; Souple;R\u00e9f\u00e9rences sp\u00e9cifiques;Donnez votre avis;Aucun commentaire pour le moment<\/p>\n","protected":false},"featured_media":4442,"comment_status":"open","ping_status":"closed","template":"","meta":[],"product_brand":[],"product_cat":[1911,1898],"product_tag":[],"class_list":{"0":"post-29","1":"product","2":"type-product","3":"status-publish","4":"has-post-thumbnail","6":"product_cat-les-cinqs-piliers-de-lislam","7":"product_cat-pratique-religieuse","8":"pa_annee-451","9":"pa_auteur-al-qinjawi","10":"pa_editeur-al-qamar","11":"pa_format-10-x-15","12":"pa_nombre-de-pages-466","13":"pa_reliure-souple","15":"first","16":"instock","17":"shipping-taxable","18":"purchasable","19":"product-type-simple"},"_links":{"self":[{"href":"https:\/\/lamaktaba.fr\/index.php\/wp-json\/wp\/v2\/product\/29","targetHints":{"allow":["GET"]}}],"collection":[{"href":"https:\/\/lamaktaba.fr\/index.php\/wp-json\/wp\/v2\/product"}],"about":[{"href":"https:\/\/lamaktaba.fr\/index.php\/wp-json\/wp\/v2\/types\/product"}],"replies":[{"embeddable":true,"href":"https:\/\/lamaktaba.fr\/index.php\/wp-json\/wp\/v2\/comments?post=29"}],"wp:featuredmedia":[{"embeddable":true,"href":"https:\/\/lamaktaba.fr\/index.php\/wp-json\/wp\/v2\/media\/4442"}],"wp:attachment":[{"href":"https:\/\/lamaktaba.fr\/index.php\/wp-json\/wp\/v2\/media?parent=29"}],"wp:term":[{"taxonomy":"product_brand","embeddable":true,"href":"https:\/\/lamaktaba.fr\/index.php\/wp-json\/wp\/v2\/product_brand?post=29"},{"taxonomy":"product_cat","embeddable":true,"href":"https:\/\/lamaktaba.fr\/index.php\/wp-json\/wp\/v2\/product_cat?post=29"},{"taxonomy":"product_tag","embeddable":true,"href":"https:\/\/lamaktaba.fr\/index.php\/wp-json\/wp\/v2\/product_tag?post=29"}],"curies":[{"name":"wp","href":"https:\/\/api.w.org\/{rel}","templated":true}]}}