{"id":289,"date":"2020-03-02T10:00:00","date_gmt":"2020-03-02T09:00:00","guid":{"rendered":"https:\/\/lamaktaba.fr\/index.php\/produit\/reussir-dans-le-monde-actuel-michael-tofte\/"},"modified":"2025-04-01T12:46:47","modified_gmt":"2025-04-01T10:46:47","slug":"reussir-dans-le-monde-actuel-michael-tofte","status":"publish","type":"product","link":"https:\/\/lamaktaba.fr\/index.php\/produit\/reussir-dans-le-monde-actuel-michael-tofte","title":{"rendered":"R\u00e9ussir dans le monde actuel"},"content":{"rendered":"<p>Les Musulmans d&rsquo;aujourd&rsquo;hui font face \u00e0 toutes sortes de d\u00e9fis: qu&rsquo;il s&rsquo;agisse des luttes internes caus\u00e9es par un style de vie islamique dans un monde domin\u00e9 par la culture occidentale, des conflits entre parents et enfants, du d\u00e9fi du c\u00e9libat dans une soci\u00e9t\u00e9 o\u00f9 l&rsquo;on vit entour\u00e9 de tentations, des tensions pesant sur le mariage, ou encore des r\u00e9percussions des actes terroristes perp\u00e9tr\u00e9s par des Musulmans, des retentissement du racisme, de la confusion entre les nombreuses id\u00e9ologies des Musulmans et encore bien d&rsquo;autres&#8230;.;Nous, lecteurs francophones, avions besoin d&rsquo;un livre qui s&rsquo;attaque \u00e0 ces probl\u00e8mes en en expliquant les raisons et en donnant, comme solution, des recommandations bas\u00e9es sur la Sunna authentique du Proph\u00e8te Muhammed (SwS), R\u00e9ussir dans le monde actuel est ce livre.;\u00c0 propose de l&rsquo;auteur.;Michael Tofte est un Musulman am\u00e9ricain du New Jersey, converti et tr\u00e8s actif depuis plus de dix su sein de la Communaut\u00e9 musulmane. Ses \u00e9tudes dans le domaine de la jurisprudence islamique sont centr\u00e9es sur les r\u00e8gles de la purification, de la pri\u00e8re, du je\u00fbne et du mariage. Il a \u00e9galement \u00e9tudi\u00e9 la morphologie arabe, la rh\u00e9torique islamique et la th\u00e9ologie<\/p>\n","protected":false},"excerpt":{"rendered":"<p>Les Musulmans d&rsquo;aujourd&rsquo;hui font face \u00e0 toutes sortes de d\u00e9fis: qu&rsquo;il s&rsquo;agisse des luttes internes caus\u00e9es par un style de vie islamique dans un monde domin\u00e9 par la culture occidentale, des conflits entre parents et enfants, du d\u00e9fi du c\u00e9libat dans une soci\u00e9t\u00e9 o\u00f9 l&rsquo;on vit entour\u00e9 de tentations, des tensions pesant sur le mariage, ou encore des r\u00e9percussions des actes terroristes perp\u00e9tr\u00e9s par des Musulmans, des retentissement du racisme, de la confusion entre les nombreuses id\u00e9ologies des Musulmans et encore bien d&rsquo;autres&#8230;.;Nous, lecteurs francophones, avions besoin d&rsquo;un livre qui s&rsquo;attaque \u00e0 ces probl\u00e8mes en en expliquant les raisons et en donnant, comme solution, des recommandations bas\u00e9es sur la Sunna authentique du Proph\u00e8te Muhammed (SwS), R\u00e9ussir dans le monde actuel est ce livre.;\u00c0 propose de l&rsquo;auteur.;Michael Tofte est un Musulman am\u00e9ricain du New Jersey, converti et tr\u00e8s actif depuis plus de dix su sein de la Communaut\u00e9 musulmane. Ses \u00e9tudes dans le domaine de la jurisprudence islamique sont centr\u00e9es sur les r\u00e8gles de la purification, de la pri\u00e8re, du je\u00fbne et du mariage. Il a \u00e9galement \u00e9tudi\u00e9 la morphologie arabe, la rh\u00e9torique islamique et la th\u00e9ologie<\/p>\n","protected":false},"featured_media":37693,"comment_status":"open","ping_status":"closed","template":"","meta":[],"product_brand":[],"product_cat":[1941],"product_tag":[],"class_list":{"0":"post-289","1":"product","2":"type-product","3":"status-publish","4":"has-post-thumbnail","6":"product_cat-islam-aujourdhui","7":"pa_annee-381","8":"pa_auteur-michael-tofte","9":"pa_editeur-iiph-editions-2","10":"pa_langue-francais","11":"pa_nombre-de-pages-1176","12":"pa_reliure-rigide","14":"first","15":"outofstock","16":"shipping-taxable","17":"purchasable","18":"product-type-simple"},"_links":{"self":[{"href":"https:\/\/lamaktaba.fr\/index.php\/wp-json\/wp\/v2\/product\/289","targetHints":{"allow":["GET"]}}],"collection":[{"href":"https:\/\/lamaktaba.fr\/index.php\/wp-json\/wp\/v2\/product"}],"about":[{"href":"https:\/\/lamaktaba.fr\/index.php\/wp-json\/wp\/v2\/types\/product"}],"replies":[{"embeddable":true,"href":"https:\/\/lamaktaba.fr\/index.php\/wp-json\/wp\/v2\/comments?post=289"}],"wp:featuredmedia":[{"embeddable":true,"href":"https:\/\/lamaktaba.fr\/index.php\/wp-json\/wp\/v2\/media\/37693"}],"wp:attachment":[{"href":"https:\/\/lamaktaba.fr\/index.php\/wp-json\/wp\/v2\/media?parent=289"}],"wp:term":[{"taxonomy":"product_brand","embeddable":true,"href":"https:\/\/lamaktaba.fr\/index.php\/wp-json\/wp\/v2\/product_brand?post=289"},{"taxonomy":"product_cat","embeddable":true,"href":"https:\/\/lamaktaba.fr\/index.php\/wp-json\/wp\/v2\/product_cat?post=289"},{"taxonomy":"product_tag","embeddable":true,"href":"https:\/\/lamaktaba.fr\/index.php\/wp-json\/wp\/v2\/product_tag?post=289"}],"curies":[{"name":"wp","href":"https:\/\/api.w.org\/{rel}","templated":true}]}}