{"id":286,"date":"2020-03-02T10:00:00","date_gmt":"2020-03-02T09:00:00","guid":{"rendered":"https:\/\/lamaktaba.fr\/index.php\/produit\/les-sentiers-des-itinerants-%d9%85%d8%af%d8%a7%d8%b1%d8%ac-%d8%a7%d9%84%d8%b3%d8%a7%d9%84%d9%83%d9%8a%d9%86-ibn-qayyim-al-jawziyya\/"},"modified":"2025-04-01T12:45:07","modified_gmt":"2025-04-01T10:45:07","slug":"les-sentiers-des-itinerants-d985d8afd8a7d8b1d8ac-d8a7d984d8b3d8a7d984d983d98ad986-ibn-qayyim-al-jawziyya","status":"publish","type":"product","link":"https:\/\/lamaktaba.fr\/index.php\/produit\/les-sentiers-des-itinerants-d985d8afd8a7d8b1d8ac-d8a7d984d8b3d8a7d984d983d98ad986-ibn-qayyim-al-jawziyya","title":{"rendered":"Khadija, Epouse du Proph\u00e8te Mohammed d&rsquo;apr\u00e8s Fdal Haja"},"content":{"rendered":"<p>Khadija, \u00e9pouse du Proph\u00e8te Mohammed d\u2019apr\u00e8s Ibn Al-Hassan;Ce livre est un aper\u00e7u sur la vie d\u2019une Grande Femme Khadija, \u00e9pouse du Proph\u00e8te Mohammed, \u00e0 qui Dieu a fait don de Son Amour. C\u2019est le Sage, l\u2019Intelligente et la Belle, la Ma\u00eetresse des Dames de Qore\u00eech, celle \u00e0 qui Dieu promet un Palais en osier au Paradis. La premi\u00e8re femme de l\u2019Islam Orthodoxe.;Cet ouvrage est compos\u00e9 de plusieurs chapitres, que voici;Des m\u00e9rites de la m\u00e8re des croyants.;La p\u00e9riode des premiers mariages;Voyage de n\u00e9goce;Le mariage avec Mohammed (SWS);Les enfants;La r\u00e9v\u00e9lation;Le blocus;Le retour et le d\u00e9c\u00e8s;Les fastes de Khadija;Marque UNIVERSEL Editions R\u00e9f\u00e9rence 9782911546204;Fiche technique AUTEUR: &#8211; Ibn Al-Hassan ANNEE: &#8211; 2006 SUPPORT: &#8211; Livre \u00c9DITIONS: &#8211; Universel Condition: &#8211; Neuf Nombre de Pages: &#8211; 115 FORMAT (CM): 11 x 17.5 Poids (kg): &#8211; 0.115 EAN13: &#8211; 9782911546204 RELIURE: &#8211; Souple;R\u00e9f\u00e9rences sp\u00e9cifiques;Donnez votre avis;Aucun commentaire pour le moment<\/p>\n","protected":false},"excerpt":{"rendered":"<p>Khadija, \u00e9pouse du Proph\u00e8te Mohammed d\u2019apr\u00e8s Ibn Al-Hassan;Ce livre est un aper\u00e7u sur la vie d\u2019une Grande Femme Khadija, \u00e9pouse du Proph\u00e8te Mohammed, \u00e0 qui Dieu a fait don de Son Amour. C\u2019est le Sage, l\u2019Intelligente et la Belle, la Ma\u00eetresse des Dames de Qore\u00eech, celle \u00e0 qui Dieu promet un Palais en osier au Paradis. La premi\u00e8re femme de l\u2019Islam Orthodoxe.;Cet ouvrage est compos\u00e9 de plusieurs chapitres, que voici;Des m\u00e9rites de la m\u00e8re des croyants.;La p\u00e9riode des premiers mariages;Voyage de n\u00e9goce;Le mariage avec Mohammed (SWS);Les enfants;La r\u00e9v\u00e9lation;Le blocus;Le retour et le d\u00e9c\u00e8s;Les fastes de Khadija;Marque UNIVERSEL Editions R\u00e9f\u00e9rence 9782911546204;Fiche technique AUTEUR: &#8211; Ibn Al-Hassan ANNEE: &#8211; 2006 SUPPORT: &#8211; Livre \u00c9DITIONS: &#8211; Universel Condition: &#8211; Neuf Nombre de Pages: &#8211; 115 FORMAT (CM): 11 x 17.5 Poids (kg): &#8211; 0.115 EAN13: &#8211; 9782911546204 RELIURE: &#8211; Souple;R\u00e9f\u00e9rences sp\u00e9cifiques;Donnez votre avis;Aucun commentaire pour le moment<\/p>\n","protected":false},"featured_media":5193,"comment_status":"open","ping_status":"closed","template":"","meta":[],"product_brand":[],"product_cat":[1907,1906],"product_tag":[],"class_list":{"0":"post-286","1":"product","2":"type-product","3":"status-publish","4":"has-post-thumbnail","6":"product_cat-compagnons","7":"product_cat-femmes-livres","8":"pa_annee-741","9":"pa_auteur-ibn-al-hassan","10":"pa_editeur-universel-editions","11":"pa_format-11-x-17-5","12":"pa_nombre-de-pages-1427","13":"pa_reliure-souple","15":"first","16":"instock","17":"shipping-taxable","18":"purchasable","19":"product-type-simple"},"_links":{"self":[{"href":"https:\/\/lamaktaba.fr\/index.php\/wp-json\/wp\/v2\/product\/286","targetHints":{"allow":["GET"]}}],"collection":[{"href":"https:\/\/lamaktaba.fr\/index.php\/wp-json\/wp\/v2\/product"}],"about":[{"href":"https:\/\/lamaktaba.fr\/index.php\/wp-json\/wp\/v2\/types\/product"}],"replies":[{"embeddable":true,"href":"https:\/\/lamaktaba.fr\/index.php\/wp-json\/wp\/v2\/comments?post=286"}],"wp:featuredmedia":[{"embeddable":true,"href":"https:\/\/lamaktaba.fr\/index.php\/wp-json\/wp\/v2\/media\/5193"}],"wp:attachment":[{"href":"https:\/\/lamaktaba.fr\/index.php\/wp-json\/wp\/v2\/media?parent=286"}],"wp:term":[{"taxonomy":"product_brand","embeddable":true,"href":"https:\/\/lamaktaba.fr\/index.php\/wp-json\/wp\/v2\/product_brand?post=286"},{"taxonomy":"product_cat","embeddable":true,"href":"https:\/\/lamaktaba.fr\/index.php\/wp-json\/wp\/v2\/product_cat?post=286"},{"taxonomy":"product_tag","embeddable":true,"href":"https:\/\/lamaktaba.fr\/index.php\/wp-json\/wp\/v2\/product_tag?post=286"}],"curies":[{"name":"wp","href":"https:\/\/api.w.org\/{rel}","templated":true}]}}