{"id":285,"date":"2020-03-02T10:00:00","date_gmt":"2020-03-02T09:00:00","guid":{"rendered":"https:\/\/lamaktaba.fr\/index.php\/produit\/le-but-de-lislam-explique-aux-jeunes-yacoub-roty\/"},"modified":"2025-04-01T12:43:44","modified_gmt":"2025-04-01T10:43:44","slug":"le-but-de-lislam-explique-aux-jeunes-yacoub-roty","status":"publish","type":"product","link":"https:\/\/lamaktaba.fr\/index.php\/produit\/le-but-de-lislam-explique-aux-jeunes-yacoub-roty","title":{"rendered":"Le But de l\u2019islam expliqu\u00e9 aux jeunes"},"content":{"rendered":"<p>Titre: Le But de l\u2019islam expliqu\u00e9 aux jeunes;Auteur: Yacoub Roty;Edition: ENNOUR;Support: Livre;Theme: Biblioth\u00e8que des enfants;Description: L\u2019auteur place chaque individu devant la responsabilit\u00e9 de ses choix et explique leurs cons\u00e9quences heureuses ou malheureuses en ce monde et dans l\u2019autre. Il avertit les jeunes des dangers de ce si\u00e8cle. Livre p\u00e9dagogique et \u00e9ducatif d\u2019une grande valeur.<\/p>\n","protected":false},"excerpt":{"rendered":"<p>Titre: Le But de l\u2019islam expliqu\u00e9 aux jeunes;Auteur: Yacoub Roty;Edition: ENNOUR;Support: Livre;Theme: Biblioth\u00e8que des enfants;Description: L\u2019auteur place chaque individu devant la responsabilit\u00e9 de ses choix et explique leurs cons\u00e9quences heureuses ou malheureuses en ce monde et dans l\u2019autre. Il avertit les jeunes des dangers de ce si\u00e8cle. Livre p\u00e9dagogique et \u00e9ducatif d\u2019une grande valeur.<\/p>\n","protected":false},"featured_media":36902,"comment_status":"open","ping_status":"closed","template":"","meta":[],"product_brand":[],"product_cat":[15],"product_tag":[],"class_list":{"0":"post-285","1":"product","2":"type-product","3":"status-publish","4":"has-post-thumbnail","6":"product_cat-non-classe","7":"pa_editeur-maison-dennour-editions-2","9":"first","10":"instock","11":"shipping-taxable","12":"purchasable","13":"product-type-simple"},"_links":{"self":[{"href":"https:\/\/lamaktaba.fr\/index.php\/wp-json\/wp\/v2\/product\/285","targetHints":{"allow":["GET"]}}],"collection":[{"href":"https:\/\/lamaktaba.fr\/index.php\/wp-json\/wp\/v2\/product"}],"about":[{"href":"https:\/\/lamaktaba.fr\/index.php\/wp-json\/wp\/v2\/types\/product"}],"replies":[{"embeddable":true,"href":"https:\/\/lamaktaba.fr\/index.php\/wp-json\/wp\/v2\/comments?post=285"}],"wp:featuredmedia":[{"embeddable":true,"href":"https:\/\/lamaktaba.fr\/index.php\/wp-json\/wp\/v2\/media\/36902"}],"wp:attachment":[{"href":"https:\/\/lamaktaba.fr\/index.php\/wp-json\/wp\/v2\/media?parent=285"}],"wp:term":[{"taxonomy":"product_brand","embeddable":true,"href":"https:\/\/lamaktaba.fr\/index.php\/wp-json\/wp\/v2\/product_brand?post=285"},{"taxonomy":"product_cat","embeddable":true,"href":"https:\/\/lamaktaba.fr\/index.php\/wp-json\/wp\/v2\/product_cat?post=285"},{"taxonomy":"product_tag","embeddable":true,"href":"https:\/\/lamaktaba.fr\/index.php\/wp-json\/wp\/v2\/product_tag?post=285"}],"curies":[{"name":"wp","href":"https:\/\/api.w.org\/{rel}","templated":true}]}}