{"id":282,"date":"2020-03-02T10:00:00","date_gmt":"2020-03-02T09:00:00","guid":{"rendered":"https:\/\/lamaktaba.fr\/index.php\/produit\/aicha-la-parole-claire-sur-linnocence-de-la-mere-des-croyants-lecons-tirees-de-la-calomnie-cheikh-abd-al-aziz-ibn-abd-allah-ar-rajihi\/"},"modified":"2025-04-01T12:44:00","modified_gmt":"2025-04-01T10:44:00","slug":"aicha-la-parole-claire-sur-linnocence-de-la-mere-des-croyants-lecons-tirees-de-la-calomnie-cheikh-abd-al-aziz-ibn-abd-allah-ar-rajihi","status":"publish","type":"product","link":"https:\/\/lamaktaba.fr\/index.php\/produit\/aicha-la-parole-claire-sur-linnocence-de-la-mere-des-croyants-lecons-tirees-de-la-calomnie-cheikh-abd-al-aziz-ibn-abd-allah-ar-rajihi","title":{"rendered":"A\u00efcha: La parole claire sur l&rsquo;innocence de la m\u00e8re des croyants &#8211; Le\u00e7ons tir\u00e9es de la calomnie &#8211; Cheikh &lsquo;Abd Al-&lsquo;Aziz Ibn &lsquo;Abd Allah Ar-Rajihi"},"content":{"rendered":"<p>Le Noble Coran nous r\u00e9v\u00e8le dans la sourate \u00ab\u00a0An-N\u00fbr\u00a0\u00bb, le r\u00e9cit en d\u00e9tail de la calomnie dont fut victime A\u00efcha et proclame l&rsquo;innocence de celle \u00e7i -qu&rsquo;Allah l&rsquo;agr\u00e9e\u00a0\u00bb suite \u00e0 ce qu&rsquo;elle a endur\u00e9 comme injustices et pr\u00e9judices moraux.<br \/>Cet \u00e9v\u00e9nement fut r\u00e9v\u00e9lateur du m\u00e9rite de &lsquo;\u00c2&rsquo;icha. En effet, Allah l&rsquo;a innocent\u00e9 de cette calomnie avec des versets qui sont et seront lus jusqu&rsquo;au jour de la r\u00e9surrection, versets par la lecture desquels les musulmans adorent leur Seigneur<br \/>(Ceux qui sont venus avec la calomnie sont un groupe d&rsquo;entre vous) [An-N\u00fbr:11]. Ainsi le rang d&rsquo;\u00c2&rsquo;icha &#8211; qu&rsquo;Allah l&rsquo;agr\u00e9e &#8211; devint d&rsquo;autant plus \u00e9minent du fait qu&rsquo;Allah Lui m\u00eame a d\u00e9clar\u00e9 son innocence.<br \/>Cette \u00e9preuve a confirm\u00e9 l&rsquo;obligation de s&rsquo;assurer de la v\u00e9racit\u00e9 des paroles avant de les propager et ce,afin de ne pas prof\u00e9rer de mensonges,de commettre une injustice en devenant l&rsquo;une des causes de la propagation de rumeurs. \u00c0 ce propos, Allah dit: (Et pourquoi vous n&rsquo;avez pas dit, lorsque vous l&rsquo;avez entendu: Nous ne devons pas en parler. Gloire \u00e0 Toi [\u00f4 Allah]. C&rsquo;est une \u00e9norme calomnie) [An-N\u00fbr:16]<\/p>\n","protected":false},"excerpt":{"rendered":"<p>Le Noble Coran nous r\u00e9v\u00e8le dans la sourate \u00ab\u00a0An-N\u00fbr\u00a0\u00bb, le r\u00e9cit en d\u00e9tail de la calomnie dont fut victime A\u00efcha et proclame l&rsquo;innocence de celle \u00e7i -qu&rsquo;Allah l&rsquo;agr\u00e9e\u00a0\u00bb suite \u00e0 ce qu&rsquo;elle a endur\u00e9 comme injustices et pr\u00e9judices moraux.Cet \u00e9v\u00e9nement fut r\u00e9v\u00e9lateur du m\u00e9rite de &lsquo;\u00c2&rsquo;icha. En effet, Allah l&rsquo;a innocent\u00e9 de cette calomnie avec [&hellip;]<\/p>\n","protected":false},"featured_media":5178,"comment_status":"open","ping_status":"closed","template":"","meta":[],"product_brand":[],"product_cat":[1907,1906,1922],"product_tag":[],"class_list":{"0":"post-282","1":"product","2":"type-product","3":"status-publish","4":"has-post-thumbnail","6":"product_cat-compagnons","7":"product_cat-femmes-livres","8":"product_cat-femmes-mariage-et-famille","9":"pa_editeur-sana-modern-guide","11":"first","12":"outofstock","13":"shipping-taxable","14":"purchasable","15":"product-type-simple"},"_links":{"self":[{"href":"https:\/\/lamaktaba.fr\/index.php\/wp-json\/wp\/v2\/product\/282","targetHints":{"allow":["GET"]}}],"collection":[{"href":"https:\/\/lamaktaba.fr\/index.php\/wp-json\/wp\/v2\/product"}],"about":[{"href":"https:\/\/lamaktaba.fr\/index.php\/wp-json\/wp\/v2\/types\/product"}],"replies":[{"embeddable":true,"href":"https:\/\/lamaktaba.fr\/index.php\/wp-json\/wp\/v2\/comments?post=282"}],"wp:featuredmedia":[{"embeddable":true,"href":"https:\/\/lamaktaba.fr\/index.php\/wp-json\/wp\/v2\/media\/5178"}],"wp:attachment":[{"href":"https:\/\/lamaktaba.fr\/index.php\/wp-json\/wp\/v2\/media?parent=282"}],"wp:term":[{"taxonomy":"product_brand","embeddable":true,"href":"https:\/\/lamaktaba.fr\/index.php\/wp-json\/wp\/v2\/product_brand?post=282"},{"taxonomy":"product_cat","embeddable":true,"href":"https:\/\/lamaktaba.fr\/index.php\/wp-json\/wp\/v2\/product_cat?post=282"},{"taxonomy":"product_tag","embeddable":true,"href":"https:\/\/lamaktaba.fr\/index.php\/wp-json\/wp\/v2\/product_tag?post=282"}],"curies":[{"name":"wp","href":"https:\/\/api.w.org\/{rel}","templated":true}]}}