{"id":28,"date":"2020-03-02T10:00:00","date_gmt":"2020-03-02T09:00:00","guid":{"rendered":"https:\/\/lamaktaba.fr\/index.php\/produit\/darsschool-livret-1-methode-dapprentissage-de-la-langue-arabe-lecons-1-a-7\/"},"modified":"2025-04-01T12:44:52","modified_gmt":"2025-04-01T10:44:52","slug":"darsschool-livret-1-methode-dapprentissage-de-la-langue-arabe-lecons-1-a-7","status":"publish","type":"product","link":"https:\/\/lamaktaba.fr\/index.php\/produit\/darsschool-livret-1-methode-dapprentissage-de-la-langue-arabe-lecons-1-a-7","title":{"rendered":"Darsschool &#8211; Livret 1: M\u00e9thode d&rsquo;apprentissage de la langue arabe (le\u00e7ons 1 \u00e0 7)"},"content":{"rendered":"<p>M\u00e9thode d&rsquo;apprentissage de la langue arabe bas\u00e9e sur les Tomes de M\u00e9dine.<br \/>Les \u00abTomes de M\u00e9dine\u00bb sont la<br \/>m\u00e9thode d\u2019apprentissage de la langue<br \/>arabe cr\u00e9\u00e9e par le Docteur V. Abdur Rahim.<br \/>Sp\u00e9cialement con\u00e7ue pour les non-<br \/>arabophones, elle est aujourd&rsquo;hui enseign\u00e9e<br \/>dans les universit\u00e9s de M\u00e9dine et<br \/>de la Mecque.<br \/>Les Editions du BDouin vous propose une<br \/>nouvelle \u00e9dition \u00e0 travers des livrets illustr\u00e9s<br \/>et une nouvelle mise en page !<br \/>Vous trouverez les le\u00e7ons 1 \u00e0 7<br \/>des Tomes de M\u00e9dine, avec des espaces<br \/>d\u00e9di\u00e9s \u00e0 l&rsquo;\u00e9criture et \u00e0 la r\u00e9alisation d&rsquo;exercices.<br \/>Ce premier livret vous permettra<br \/>\u00e9galement de vous familiariser avec le<br \/>concept de \u00abbande dessin\u00e9e \u00e9ducative\u00bb<br \/>et ainsi vous pr\u00e9parer \u00e0 la suite de cette<br \/>collection&#8230;.in cha Allah !<br \/>Dimensions: A4<\/p>\n","protected":false},"excerpt":{"rendered":"<p>M\u00e9thode d&rsquo;apprentissage de la langue arabe bas\u00e9e sur les Tomes de M\u00e9dine.Les \u00abTomes de M\u00e9dine\u00bb sont lam\u00e9thode d\u2019apprentissage de la languearabe cr\u00e9\u00e9e par le Docteur V. Abdur Rahim.Sp\u00e9cialement con\u00e7ue pour les non-arabophones, elle est aujourd&rsquo;hui enseign\u00e9edans les universit\u00e9s de M\u00e9dine etde la Mecque.Les Editions du BDouin vous propose unenouvelle \u00e9dition \u00e0 travers des livrets illustr\u00e9set [&hellip;]<\/p>\n","protected":false},"featured_media":4436,"comment_status":"open","ping_status":"closed","template":"","meta":[],"product_brand":[],"product_cat":[15],"product_tag":[],"class_list":{"0":"post-28","1":"product","2":"type-product","3":"status-publish","4":"has-post-thumbnail","6":"product_cat-non-classe","7":"pa_editeur-al-qamar","9":"first","10":"outofstock","11":"shipping-taxable","12":"purchasable","13":"product-type-simple"},"_links":{"self":[{"href":"https:\/\/lamaktaba.fr\/index.php\/wp-json\/wp\/v2\/product\/28","targetHints":{"allow":["GET"]}}],"collection":[{"href":"https:\/\/lamaktaba.fr\/index.php\/wp-json\/wp\/v2\/product"}],"about":[{"href":"https:\/\/lamaktaba.fr\/index.php\/wp-json\/wp\/v2\/types\/product"}],"replies":[{"embeddable":true,"href":"https:\/\/lamaktaba.fr\/index.php\/wp-json\/wp\/v2\/comments?post=28"}],"wp:featuredmedia":[{"embeddable":true,"href":"https:\/\/lamaktaba.fr\/index.php\/wp-json\/wp\/v2\/media\/4436"}],"wp:attachment":[{"href":"https:\/\/lamaktaba.fr\/index.php\/wp-json\/wp\/v2\/media?parent=28"}],"wp:term":[{"taxonomy":"product_brand","embeddable":true,"href":"https:\/\/lamaktaba.fr\/index.php\/wp-json\/wp\/v2\/product_brand?post=28"},{"taxonomy":"product_cat","embeddable":true,"href":"https:\/\/lamaktaba.fr\/index.php\/wp-json\/wp\/v2\/product_cat?post=28"},{"taxonomy":"product_tag","embeddable":true,"href":"https:\/\/lamaktaba.fr\/index.php\/wp-json\/wp\/v2\/product_tag?post=28"}],"curies":[{"name":"wp","href":"https:\/\/api.w.org\/{rel}","templated":true}]}}